{"id":616,"date":"2023-03-06T11:07:17","date_gmt":"2023-03-06T11:07:17","guid":{"rendered":"https:\/\/bricer.pt\/produto\/golden-turtle-chef-algas-wakame-secas-saqueta-100g\/"},"modified":"2023-04-17T07:58:11","modified_gmt":"2023-04-17T07:58:11","slug":"golden-turtle-chef-algas-wakame-secas-saqueta-100g","status":"publish","type":"product","link":"https:\/\/bricer.pt\/?product=golden-turtle-chef-algas-wakame-secas-saqueta-100g","title":{"rendered":"Golden Turtle Chef Algas &#8220;Wakame&#8221; Secas Saqueta 100g"},"content":{"rendered":"<p><strong>Golden Turtle Chef Algas &#8220;Wakame&#8221; Secas<\/strong> Saqueta 100g.<\/p>\n<p>&nbsp;<\/p>\n<p><strong>Ingredientes<\/strong>: algas &#8220;wakame&#8221;, sal.<\/p>\n<p><strong>ADVERT\u00caNCIA<\/strong>: Por natureza \u00e9 rica em iodo, o consumo excessivo de iodo pode causar falhas no funcionamento da gl\u00e2ndula tireoide. N\u00e3o consumir mais de 0,66g por dia.<\/p>\n<p><strong>Declara\u00e7\u00e3o Nutricional p\/100g:<\/strong> Energia 837kJ\/200kcal; L\u00edpidos 0,5g (dos quais saturados 0g); Hidratos de Carbono 38g (dos quais a\u00e7\u00facares 0g); Fibra 41g; Prote\u00ednas 12g; Sal 17g.<\/p>\n","protected":false},"excerpt":{"rendered":"<p>Golden Turtle Chef Algas &#8220;Wakame&#8221; Secas Saqueta 100g. &nbsp; Ingredientes: algas &#8220;wakame&#8221;, sal. ADVERT\u00caNCIA: Por natureza \u00e9 rica em iodo, o consumo excessivo de iodo pode causar falhas no funcionamento da gl\u00e2ndula tireoide. N\u00e3o consumir mais de 0,66g por dia. Declara\u00e7\u00e3o Nutricional p\/100g: Energia 837kJ\/200kcal; L\u00edpidos 0,5g (dos quais saturados 0g); Hidratos de Carbono 38g [&hellip;]<\/p>\n","protected":false},"featured_media":617,"template":"","meta":[],"product_brand":[],"product_cat":[159,33,24],"product_tag":[],"class_list":{"0":"post-616","1":"product","2":"type-product","3":"status-publish","4":"has-post-thumbnail","6":"product_cat-diversos-mercearia-asiatica","7":"product_cat-mercearia-asiatica","8":"product_cat-sabores-do-mundo","9":"pa_marcas-golden-turtle-chef","10":"pa_pais-china","12":"first","13":"instock","14":"taxable","15":"shipping-taxable","16":"product-type-simple"},"_links":{"self":[{"href":"https:\/\/bricer.pt\/index.php?rest_route=\/wp\/v2\/product\/616","targetHints":{"allow":["GET"]}}],"collection":[{"href":"https:\/\/bricer.pt\/index.php?rest_route=\/wp\/v2\/product"}],"about":[{"href":"https:\/\/bricer.pt\/index.php?rest_route=\/wp\/v2\/types\/product"}],"wp:featuredmedia":[{"embeddable":true,"href":"https:\/\/bricer.pt\/index.php?rest_route=\/wp\/v2\/media\/617"}],"wp:attachment":[{"href":"https:\/\/bricer.pt\/index.php?rest_route=%2Fwp%2Fv2%2Fmedia&parent=616"}],"wp:term":[{"taxonomy":"product_brand","embeddable":true,"href":"https:\/\/bricer.pt\/index.php?rest_route=%2Fwp%2Fv2%2Fproduct_brand&post=616"},{"taxonomy":"product_cat","embeddable":true,"href":"https:\/\/bricer.pt\/index.php?rest_route=%2Fwp%2Fv2%2Fproduct_cat&post=616"},{"taxonomy":"product_tag","embeddable":true,"href":"https:\/\/bricer.pt\/index.php?rest_route=%2Fwp%2Fv2%2Fproduct_tag&post=616"}],"curies":[{"name":"wp","href":"https:\/\/api.w.org\/{rel}","templated":true}]}}