{"id":609,"date":"2023-03-06T11:07:17","date_gmt":"2023-03-06T11:07:17","guid":{"rendered":"https:\/\/bricer.pt\/produto\/giuseppe-giusti-creme-de-vinagre-balsamico-classico-frasco150ml\/"},"modified":"2023-04-17T07:58:10","modified_gmt":"2023-04-17T07:58:10","slug":"giuseppe-giusti-creme-de-vinagre-balsamico-classico-frasco150ml","status":"publish","type":"product","link":"https:\/\/bricer.pt\/?product=giuseppe-giusti-creme-de-vinagre-balsamico-classico-frasco150ml","title":{"rendered":"Giuseppe Giusti Creme de Vinagre Bals\u00e2mico Cl\u00e1ssico Frasco150ml"},"content":{"rendered":"<p><strong>Giuseppe Giusti Creme de Vinagre Bals\u00e2mico Cl\u00e1ssico<\/strong> Frasco 150ml.<\/p>\n<p>&nbsp;<\/p>\n<p><strong>Ingredientes<\/strong>: Vinagre bals\u00e2mico de Modena 75% (vinagre de VINHO, mosto de uva concentrado), mosto de uva cozido, xarope de glicose, amido de MILHO modificado.<\/p>\n<p><strong>Alerg\u00e9nios<\/strong>: Ver MAI\u00daSCULAS. Cont\u00e9m SULFITOS.<\/p>\n<p><strong>Declara\u00e7\u00e3o Nutricional p\/100ml:<\/strong> Energia 965kJ\/227kcal; L\u00edpidos 0g (dos quais saturados 0g); Hidratos de Carbono 55g (dos quais a\u00e7\u00facares 41g); Prote\u00ednas 1,3g; Sal 0,09g.<\/p>\n","protected":false},"excerpt":{"rendered":"<p>Giuseppe Giusti Creme de Vinagre Bals\u00e2mico Cl\u00e1ssico Frasco 150ml. &nbsp; Ingredientes: Vinagre bals\u00e2mico de Modena 75% (vinagre de VINHO, mosto de uva concentrado), mosto de uva cozido, xarope de glicose, amido de MILHO modificado. Alerg\u00e9nios: Ver MAI\u00daSCULAS. Cont\u00e9m SULFITOS. Declara\u00e7\u00e3o Nutricional p\/100ml: Energia 965kJ\/227kcal; L\u00edpidos 0g (dos quais saturados 0g); Hidratos de Carbono 55g (dos [&hellip;]<\/p>\n","protected":false},"featured_media":610,"template":"","meta":[],"product_brand":[],"product_cat":[145,156],"product_tag":[],"class_list":{"0":"post-609","1":"product","2":"type-product","3":"status-publish","4":"has-post-thumbnail","6":"product_cat-produtos-premium","7":"product_cat-vinagre-produtos-premium","8":"pa_marcas-giuseppe-giusti","9":"pa_pais-italia","11":"first","12":"instock","13":"taxable","14":"shipping-taxable","15":"product-type-simple"},"_links":{"self":[{"href":"https:\/\/bricer.pt\/index.php?rest_route=\/wp\/v2\/product\/609","targetHints":{"allow":["GET"]}}],"collection":[{"href":"https:\/\/bricer.pt\/index.php?rest_route=\/wp\/v2\/product"}],"about":[{"href":"https:\/\/bricer.pt\/index.php?rest_route=\/wp\/v2\/types\/product"}],"wp:featuredmedia":[{"embeddable":true,"href":"https:\/\/bricer.pt\/index.php?rest_route=\/wp\/v2\/media\/610"}],"wp:attachment":[{"href":"https:\/\/bricer.pt\/index.php?rest_route=%2Fwp%2Fv2%2Fmedia&parent=609"}],"wp:term":[{"taxonomy":"product_brand","embeddable":true,"href":"https:\/\/bricer.pt\/index.php?rest_route=%2Fwp%2Fv2%2Fproduct_brand&post=609"},{"taxonomy":"product_cat","embeddable":true,"href":"https:\/\/bricer.pt\/index.php?rest_route=%2Fwp%2Fv2%2Fproduct_cat&post=609"},{"taxonomy":"product_tag","embeddable":true,"href":"https:\/\/bricer.pt\/index.php?rest_route=%2Fwp%2Fv2%2Fproduct_tag&post=609"}],"curies":[{"name":"wp","href":"https:\/\/api.w.org\/{rel}","templated":true}]}}