{"id":597,"date":"2023-03-06T11:07:17","date_gmt":"2023-03-06T11:07:17","guid":{"rendered":"https:\/\/bricer.pt\/produto\/gerolsteiner-agua-mineral-gaseificada-medio-grf-075l\/"},"modified":"2025-10-14T08:35:10","modified_gmt":"2025-10-14T08:35:10","slug":"gerolsteiner-agua-mineral-gaseificada-medio-grf-075l","status":"publish","type":"product","link":"https:\/\/bricer.pt\/?product=gerolsteiner-agua-mineral-gaseificada-medio-grf-075l","title":{"rendered":"Gerolsteiner \u00c1gua Mineral Gaseificada M\u00e9dio Grf. 0,75L"},"content":{"rendered":"<p><strong>Gerolsteiner \u00c1gua Mineral Gaseificada M\u00e9dio Grf. 0,75L<\/strong><\/p>\n<p>&nbsp;<\/p>\n<p><strong>Ingredientes<\/strong>: \u00c1gua mineral natural com teor m\u00e9dio de g\u00e1s.<\/p>\n<p><strong>An\u00e1lise Qu\u00edmica em mg\/l:<\/strong> Bicarbonato (HCO3-) 1.816; C\u00e1lcio (Ca\u00b2+) 348; Magn\u00e9sio (Mg\u00b2+)108; S\u00f3dio (Na+) 118; Cloreto (Cl-) 40; Sulfato (SO4\u00b2-) 38; Pot\u00e1ssio (K+) 11.<\/p>\n","protected":false},"excerpt":{"rendered":"<p>Gerolsteiner \u00c1gua Mineral Gaseificada M\u00e9dio Grf. 0,75L &nbsp; Ingredientes: \u00c1gua mineral natural com teor m\u00e9dio de g\u00e1s. An\u00e1lise Qu\u00edmica em mg\/l: Bicarbonato (HCO3-) 1.816; C\u00e1lcio (Ca\u00b2+) 348; Magn\u00e9sio (Mg\u00b2+)108; S\u00f3dio (Na+) 118; Cloreto (Cl-) 40; Sulfato (SO4\u00b2-) 38; Pot\u00e1ssio (K+) 11.<\/p>\n","protected":false},"featured_media":598,"template":"","meta":[],"product_brand":[],"product_cat":[45,152,20],"product_tag":[],"class_list":{"0":"post-597","1":"product","2":"type-product","3":"status-publish","4":"has-post-thumbnail","6":"product_cat-aguas","7":"product_cat-aguas-com-gaseificadas","8":"product_cat-bebidas","9":"pa_marcas-gerolsteiner","10":"pa_pais-alemanha","12":"first","13":"instock","14":"taxable","15":"shipping-taxable","16":"product-type-simple"},"_links":{"self":[{"href":"https:\/\/bricer.pt\/index.php?rest_route=\/wp\/v2\/product\/597","targetHints":{"allow":["GET"]}}],"collection":[{"href":"https:\/\/bricer.pt\/index.php?rest_route=\/wp\/v2\/product"}],"about":[{"href":"https:\/\/bricer.pt\/index.php?rest_route=\/wp\/v2\/types\/product"}],"wp:featuredmedia":[{"embeddable":true,"href":"https:\/\/bricer.pt\/index.php?rest_route=\/wp\/v2\/media\/598"}],"wp:attachment":[{"href":"https:\/\/bricer.pt\/index.php?rest_route=%2Fwp%2Fv2%2Fmedia&parent=597"}],"wp:term":[{"taxonomy":"product_brand","embeddable":true,"href":"https:\/\/bricer.pt\/index.php?rest_route=%2Fwp%2Fv2%2Fproduct_brand&post=597"},{"taxonomy":"product_cat","embeddable":true,"href":"https:\/\/bricer.pt\/index.php?rest_route=%2Fwp%2Fv2%2Fproduct_cat&post=597"},{"taxonomy":"product_tag","embeddable":true,"href":"https:\/\/bricer.pt\/index.php?rest_route=%2Fwp%2Fv2%2Fproduct_tag&post=597"}],"curies":[{"name":"wp","href":"https:\/\/api.w.org\/{rel}","templated":true}]}}