{"id":58,"date":"2023-03-06T11:01:13","date_gmt":"2023-03-06T11:01:13","guid":{"rendered":"https:\/\/bricer.pt\/produto\/amoy-molho-de-chili-frasco-150ml\/"},"modified":"2025-10-31T15:34:24","modified_gmt":"2025-10-31T15:34:24","slug":"amoy-molho-de-chili-frasco-150ml","status":"publish","type":"product","link":"https:\/\/bricer.pt\/?product=amoy-molho-de-chili-frasco-150ml","title":{"rendered":"Amoy Molho de Chili Frasco 150ml"},"content":{"rendered":"<p><strong>Amoy Molho de Chili<\/strong> Frasco 150ml.<\/p>\n<p>&nbsp;<\/p>\n<p><strong>Ingredientes<\/strong>: Vinagre de ARROZ, chilli (40%), sal, amido de MILHO modificado, antioxidante: E300.<\/p>\n<p><strong>Alerg\u00e9nios<\/strong>: ver MAI\u00daSCULAS. Pode conter Amendoins.<\/p>\n<p><strong>Declara\u00e7\u00e3o Nutricional p\/100g:<\/strong> Energia 118kJ\/28kcal; L\u00edpidos 0g (dos quais saturados 0g); Hidratos de Carbono 6,2g (dos quais a\u00e7\u00facares 0g); Prote\u00ednas 0,8g; Sal 4,4g.<\/p>\n","protected":false},"excerpt":{"rendered":"<p>Amoy Molho de Chili Frasco 150ml. &nbsp; Ingredientes: Vinagre de ARROZ, chilli (40%), sal, amido de MILHO modificado, antioxidante: E300. Alerg\u00e9nios: ver MAI\u00daSCULAS. Pode conter Amendoins. Declara\u00e7\u00e3o Nutricional p\/100g: Energia 118kJ\/28kcal; L\u00edpidos 0g (dos quais saturados 0g); Hidratos de Carbono 6,2g (dos quais a\u00e7\u00facares 0g); Prote\u00ednas 0,8g; Sal 4,4g.<\/p>\n","protected":false},"featured_media":59,"template":"","meta":[],"product_brand":[],"product_cat":[33,35,34,24],"product_tag":[],"class_list":{"0":"post-58","1":"product","2":"type-product","3":"status-publish","4":"has-post-thumbnail","6":"product_cat-mercearia-asiatica","7":"product_cat-molhos","8":"product_cat-molhosmercearia-salgada","9":"product_cat-sabores-do-mundo","10":"pa_marcas-amoy","11":"pa_pais-china","13":"first","14":"instock","15":"taxable","16":"shipping-taxable","17":"product-type-simple"},"_links":{"self":[{"href":"https:\/\/bricer.pt\/index.php?rest_route=\/wp\/v2\/product\/58","targetHints":{"allow":["GET"]}}],"collection":[{"href":"https:\/\/bricer.pt\/index.php?rest_route=\/wp\/v2\/product"}],"about":[{"href":"https:\/\/bricer.pt\/index.php?rest_route=\/wp\/v2\/types\/product"}],"wp:featuredmedia":[{"embeddable":true,"href":"https:\/\/bricer.pt\/index.php?rest_route=\/wp\/v2\/media\/59"}],"wp:attachment":[{"href":"https:\/\/bricer.pt\/index.php?rest_route=%2Fwp%2Fv2%2Fmedia&parent=58"}],"wp:term":[{"taxonomy":"product_brand","embeddable":true,"href":"https:\/\/bricer.pt\/index.php?rest_route=%2Fwp%2Fv2%2Fproduct_brand&post=58"},{"taxonomy":"product_cat","embeddable":true,"href":"https:\/\/bricer.pt\/index.php?rest_route=%2Fwp%2Fv2%2Fproduct_cat&post=58"},{"taxonomy":"product_tag","embeddable":true,"href":"https:\/\/bricer.pt\/index.php?rest_route=%2Fwp%2Fv2%2Fproduct_tag&post=58"}],"curies":[{"name":"wp","href":"https:\/\/api.w.org\/{rel}","templated":true}]}}