{"id":550,"date":"2023-03-06T11:07:04","date_gmt":"2023-03-06T11:07:04","guid":{"rendered":"https:\/\/bricer.pt\/produto\/fattoria-dell-oca-bianca-massa-basilico-pacote-250g\/"},"modified":"2023-05-01T14:53:41","modified_gmt":"2023-05-01T14:53:41","slug":"fattoria-dell-oca-bianca-massa-basilico-pacote-250g","status":"publish","type":"product","link":"https:\/\/bricer.pt\/?product=fattoria-dell-oca-bianca-massa-basilico-pacote-250g","title":{"rendered":"Fattoria dell&#8217; Oca Bianca Massa &#8221;BASILICO&#8221; Pacote 250g"},"content":{"rendered":"<p><strong>Fattoria dell&#8217; Oca Bianca Massa &#8221;BASILICO&#8221;<\/strong> Pacote 250g.<\/p>\n<p>&nbsp;<\/p>\n<p><strong>Ingredientes<\/strong>: s\u00eamola de trigo duro, \u00e1gua, manjeric\u00e3o desidratado 5%, aromas naturais.<\/p>\n<p><strong>Alerg\u00e9nios<\/strong>: Ver MAI\u00daSCULAS.<\/p>\n<p><strong>Declara\u00e7\u00e3o Nutricional p\/ 100g:<\/strong> Energia 1485kJ\/355kcal; L\u00edpidos 1.4g (dos quais \u00e1cidos gordos saturados 0,2g); Hidratos de Carbono 72g (dos quais a\u00e7\u00facares 4.3g); Prote\u00ednas 3.4g; Sal 12g.<\/p>\n<p><strong>Instru\u00e7\u00f5es<\/strong>: Cozer em \u00e1gua com sal a ferver durante 4 minutos. Temperar a gosto.<\/p>\n<p><strong>Advert\u00eancias<\/strong>: Proteger da humidade e da luz solar directa.<\/p>\n","protected":false},"excerpt":{"rendered":"<p>Fattoria dell&#8217; Oca Bianca Massa &#8221;BASILICO&#8221; Pacote 250g. &nbsp; Ingredientes: s\u00eamola de trigo duro, \u00e1gua, manjeric\u00e3o desidratado 5%, aromas naturais. Alerg\u00e9nios: Ver MAI\u00daSCULAS. Declara\u00e7\u00e3o Nutricional p\/ 100g: Energia 1485kJ\/355kcal; L\u00edpidos 1.4g (dos quais \u00e1cidos gordos saturados 0,2g); Hidratos de Carbono 72g (dos quais a\u00e7\u00facares 4.3g); Prote\u00ednas 3.4g; Sal 12g. Instru\u00e7\u00f5es: Cozer em \u00e1gua com sal [&hellip;]<\/p>\n","protected":false},"featured_media":551,"template":"","meta":[],"product_brand":[],"product_cat":[147,145],"product_tag":[],"class_list":{"0":"post-550","1":"product","2":"type-product","3":"status-publish","4":"has-post-thumbnail","6":"product_cat-massasmercearia","7":"product_cat-produtos-premium","8":"pa_marcas-fattoria-delloca-bianca","9":"pa_pais-italia","11":"first","12":"instock","13":"taxable","14":"shipping-taxable","15":"product-type-simple"},"_links":{"self":[{"href":"https:\/\/bricer.pt\/index.php?rest_route=\/wp\/v2\/product\/550","targetHints":{"allow":["GET"]}}],"collection":[{"href":"https:\/\/bricer.pt\/index.php?rest_route=\/wp\/v2\/product"}],"about":[{"href":"https:\/\/bricer.pt\/index.php?rest_route=\/wp\/v2\/types\/product"}],"wp:featuredmedia":[{"embeddable":true,"href":"https:\/\/bricer.pt\/index.php?rest_route=\/wp\/v2\/media\/551"}],"wp:attachment":[{"href":"https:\/\/bricer.pt\/index.php?rest_route=%2Fwp%2Fv2%2Fmedia&parent=550"}],"wp:term":[{"taxonomy":"product_brand","embeddable":true,"href":"https:\/\/bricer.pt\/index.php?rest_route=%2Fwp%2Fv2%2Fproduct_brand&post=550"},{"taxonomy":"product_cat","embeddable":true,"href":"https:\/\/bricer.pt\/index.php?rest_route=%2Fwp%2Fv2%2Fproduct_cat&post=550"},{"taxonomy":"product_tag","embeddable":true,"href":"https:\/\/bricer.pt\/index.php?rest_route=%2Fwp%2Fv2%2Fproduct_tag&post=550"}],"curies":[{"name":"wp","href":"https:\/\/api.w.org\/{rel}","templated":true}]}}