{"id":541,"date":"2023-03-06T11:07:04","date_gmt":"2023-03-06T11:07:04","guid":{"rendered":"https:\/\/bricer.pt\/produto\/el-avion-pimentao-picante-fumado-lata-75g\/"},"modified":"2025-10-14T08:31:56","modified_gmt":"2025-10-14T08:31:56","slug":"el-avion-pimentao-picante-fumado-lata-75g","status":"publish","type":"product","link":"https:\/\/bricer.pt\/?product=el-avion-pimentao-picante-fumado-lata-75g","title":{"rendered":"El Avion Piment\u00e3o Picante Fumado Lata 75g"},"content":{"rendered":"<p><strong>El Avion Piment\u00e3o Picante Fumado Lata 75g.<\/strong><\/p>\n<p>&nbsp;<\/p>\n<p><strong>Ingredientes<\/strong>: Piment\u00e3o picante fumado<\/p>\n<p><strong>Informa\u00e7\u00f5es Nutricionais:<\/strong> N\u00e3o Dispon\u00edvel<\/p>\n","protected":false},"excerpt":{"rendered":"<p>El Avion Piment\u00e3o Picante Fumado Lata 75g. &nbsp; Ingredientes: Piment\u00e3o picante fumado Informa\u00e7\u00f5es Nutricionais: N\u00e3o Dispon\u00edvel<\/p>\n","protected":false},"featured_media":542,"template":"","meta":[],"product_brand":[],"product_cat":[143,17],"product_tag":[],"class_list":{"0":"post-541","1":"product","2":"type-product","3":"status-publish","4":"has-post-thumbnail","6":"product_cat-especiarias-mercearia","7":"product_cat-mercearia","8":"pa_marcas-el-avion","9":"pa_pais-espanha","11":"first","12":"instock","13":"taxable","14":"shipping-taxable","15":"product-type-simple"},"_links":{"self":[{"href":"https:\/\/bricer.pt\/index.php?rest_route=\/wp\/v2\/product\/541","targetHints":{"allow":["GET"]}}],"collection":[{"href":"https:\/\/bricer.pt\/index.php?rest_route=\/wp\/v2\/product"}],"about":[{"href":"https:\/\/bricer.pt\/index.php?rest_route=\/wp\/v2\/types\/product"}],"wp:featuredmedia":[{"embeddable":true,"href":"https:\/\/bricer.pt\/index.php?rest_route=\/wp\/v2\/media\/542"}],"wp:attachment":[{"href":"https:\/\/bricer.pt\/index.php?rest_route=%2Fwp%2Fv2%2Fmedia&parent=541"}],"wp:term":[{"taxonomy":"product_brand","embeddable":true,"href":"https:\/\/bricer.pt\/index.php?rest_route=%2Fwp%2Fv2%2Fproduct_brand&post=541"},{"taxonomy":"product_cat","embeddable":true,"href":"https:\/\/bricer.pt\/index.php?rest_route=%2Fwp%2Fv2%2Fproduct_cat&post=541"},{"taxonomy":"product_tag","embeddable":true,"href":"https:\/\/bricer.pt\/index.php?rest_route=%2Fwp%2Fv2%2Fproduct_tag&post=541"}],"curies":[{"name":"wp","href":"https:\/\/api.w.org\/{rel}","templated":true}]}}