{"id":531,"date":"2023-03-06T11:07:04","date_gmt":"2023-03-06T11:07:04","guid":{"rendered":"https:\/\/bricer.pt\/produto\/el-avion-acafrao-em-estigmas-cx-2g\/"},"modified":"2023-04-17T07:58:05","modified_gmt":"2023-04-17T07:58:05","slug":"el-avion-acafrao-em-estigmas-cx-2g","status":"publish","type":"product","link":"https:\/\/bricer.pt\/?product=el-avion-acafrao-em-estigmas-cx-2g","title":{"rendered":"El Avion A\u00e7afr\u00e3o em Estigmas Cx. 2g"},"content":{"rendered":"<p><strong>El Avion A\u00e7afr\u00e3o em Estigmas Cx. 2g.<\/strong><\/p>\n<p>&nbsp;<\/p>\n<p><strong>Ingredientes<\/strong>: A\u00e7afr\u00e3o em estigmas.<\/p>\n<p><strong>Informa\u00e7\u00f5es Nutricionais<\/strong>: N\u00e3o Dispon\u00edvel<\/p>\n","protected":false},"excerpt":{"rendered":"<p>El Avion A\u00e7afr\u00e3o em Estigmas Cx. 2g. &nbsp; Ingredientes: A\u00e7afr\u00e3o em estigmas. Informa\u00e7\u00f5es Nutricionais: N\u00e3o Dispon\u00edvel<\/p>\n","protected":false},"featured_media":532,"template":"","meta":[],"product_brand":[],"product_cat":[113,36],"product_tag":[],"class_list":{"0":"post-531","1":"product","2":"type-product","3":"status-publish","4":"has-post-thumbnail","6":"product_cat-especiarias-mercearia-salgada","7":"product_cat-mercearia-salgada","8":"pa_marcas-el-avion","9":"pa_pais-espanha","11":"first","12":"instock","13":"taxable","14":"shipping-taxable","15":"product-type-simple"},"_links":{"self":[{"href":"https:\/\/bricer.pt\/index.php?rest_route=\/wp\/v2\/product\/531","targetHints":{"allow":["GET"]}}],"collection":[{"href":"https:\/\/bricer.pt\/index.php?rest_route=\/wp\/v2\/product"}],"about":[{"href":"https:\/\/bricer.pt\/index.php?rest_route=\/wp\/v2\/types\/product"}],"wp:featuredmedia":[{"embeddable":true,"href":"https:\/\/bricer.pt\/index.php?rest_route=\/wp\/v2\/media\/532"}],"wp:attachment":[{"href":"https:\/\/bricer.pt\/index.php?rest_route=%2Fwp%2Fv2%2Fmedia&parent=531"}],"wp:term":[{"taxonomy":"product_brand","embeddable":true,"href":"https:\/\/bricer.pt\/index.php?rest_route=%2Fwp%2Fv2%2Fproduct_brand&post=531"},{"taxonomy":"product_cat","embeddable":true,"href":"https:\/\/bricer.pt\/index.php?rest_route=%2Fwp%2Fv2%2Fproduct_cat&post=531"},{"taxonomy":"product_tag","embeddable":true,"href":"https:\/\/bricer.pt\/index.php?rest_route=%2Fwp%2Fv2%2Fproduct_tag&post=531"}],"curies":[{"name":"wp","href":"https:\/\/api.w.org\/{rel}","templated":true}]}}