{"id":515,"date":"2023-03-06T11:07:01","date_gmt":"2023-03-06T11:07:01","guid":{"rendered":"https:\/\/bricer.pt\/produto\/dr-oetker-raspas-de-chocolate-cx-100g\/"},"modified":"2026-02-12T12:42:57","modified_gmt":"2026-02-12T12:42:57","slug":"dr-oetker-raspas-de-chocolate-cx-100g","status":"publish","type":"product","link":"https:\/\/bricer.pt\/?product=dr-oetker-raspas-de-chocolate-cx-100g","title":{"rendered":"Dr. Oetker Raspas de Chocolate Cx. 100g"},"content":{"rendered":"<p><strong>Dr. Oetker Raspas de Chocolate Cx. 100g.<\/strong><\/p>\n<p>&nbsp;<\/p>\n<p><strong>Ingredientes<\/strong>: A\u00e7\u00facar, massa de cacau, cacau em p\u00f3 desnatado, manteiga de cacau, emulsionante (E442).<\/p>\n<p><b>Alerg\u00e9nios<\/b><strong>:<\/strong> Pode conter vest\u00edgios de avel\u00e3s e leite em p\u00f3.<\/p>\n<p><strong>Declara\u00e7\u00e3o Nutricional p\/100g:<\/strong> Energia 2054kJ\/493kcal; L\u00edpidos 26g (dos quais saturados 16g); Hidratos de Carbono 52g (dos quais a\u00e7\u00facares 48g); Prote\u00ednas 6,0g; Sal 0,01g.<\/p>\n","protected":false},"excerpt":{"rendered":"<p>Dr. Oetker Raspas de Chocolate Cx. 100g. &nbsp; Ingredientes: A\u00e7\u00facar, massa de cacau, cacau em p\u00f3 desnatado, manteiga de cacau, emulsionante (E442). Alerg\u00e9nios: Pode conter vest\u00edgios de avel\u00e3s e leite em p\u00f3. Declara\u00e7\u00e3o Nutricional p\/100g: Energia 2054kJ\/493kcal; L\u00edpidos 26g (dos quais saturados 16g); Hidratos de Carbono 52g (dos quais a\u00e7\u00facares 48g); Prote\u00ednas 6,0g; Sal 0,01g.<\/p>\n","protected":false},"featured_media":516,"template":"","meta":[],"product_brand":[],"product_cat":[76,134,135],"product_tag":[],"class_list":{"0":"post-515","1":"product","2":"type-product","3":"status-publish","4":"has-post-thumbnail","6":"product_cat-mercearia-doce","7":"product_cat-preparados-pastelariamercearia-doce","8":"product_cat-preparados-sobremesas-preparados-pastelariamercearia-doce","9":"pa_marcas-dr-oetker","10":"pa_pais-alemanha","12":"first","13":"instock","14":"taxable","15":"shipping-taxable","16":"product-type-simple"},"_links":{"self":[{"href":"https:\/\/bricer.pt\/index.php?rest_route=\/wp\/v2\/product\/515","targetHints":{"allow":["GET"]}}],"collection":[{"href":"https:\/\/bricer.pt\/index.php?rest_route=\/wp\/v2\/product"}],"about":[{"href":"https:\/\/bricer.pt\/index.php?rest_route=\/wp\/v2\/types\/product"}],"wp:featuredmedia":[{"embeddable":true,"href":"https:\/\/bricer.pt\/index.php?rest_route=\/wp\/v2\/media\/516"}],"wp:attachment":[{"href":"https:\/\/bricer.pt\/index.php?rest_route=%2Fwp%2Fv2%2Fmedia&parent=515"}],"wp:term":[{"taxonomy":"product_brand","embeddable":true,"href":"https:\/\/bricer.pt\/index.php?rest_route=%2Fwp%2Fv2%2Fproduct_brand&post=515"},{"taxonomy":"product_cat","embeddable":true,"href":"https:\/\/bricer.pt\/index.php?rest_route=%2Fwp%2Fv2%2Fproduct_cat&post=515"},{"taxonomy":"product_tag","embeddable":true,"href":"https:\/\/bricer.pt\/index.php?rest_route=%2Fwp%2Fv2%2Fproduct_tag&post=515"}],"curies":[{"name":"wp","href":"https:\/\/api.w.org\/{rel}","templated":true}]}}