{"id":497,"date":"2023-03-06T11:05:56","date_gmt":"2023-03-06T11:05:56","guid":{"rendered":"https:\/\/bricer.pt\/produto\/dr-oetker-acido-citrico-em-po-saqueta-5-x-5g\/"},"modified":"2023-04-17T07:57:58","modified_gmt":"2023-04-17T07:57:58","slug":"dr-oetker-acido-citrico-em-po-saqueta-5-x-5g","status":"publish","type":"product","link":"https:\/\/bricer.pt\/?product=dr-oetker-acido-citrico-em-po-saqueta-5-x-5g","title":{"rendered":"Dr. Oetker \u00c1cido C\u00edtrico em P\u00f3 Saqueta 5 x 5g"},"content":{"rendered":"<p><strong>Dr. Oetker \u00c1cido C\u00edtrico em P\u00f3 Saqueta 5 x 5g.<\/strong><\/p>\n<p>&nbsp;<\/p>\n<p><strong>Ingredientes<\/strong>: \u00c1cido C\u00edtrico (E330).<\/p>\n<p><strong>Informa\u00e7\u00f5es Nutricionais:<\/strong> N\u00e3o dispon\u00edvel<\/p>\n","protected":false},"excerpt":{"rendered":"<p>Dr. Oetker \u00c1cido C\u00edtrico em P\u00f3 Saqueta 5 x 5g. &nbsp; Ingredientes: \u00c1cido C\u00edtrico (E330). Informa\u00e7\u00f5es Nutricionais: N\u00e3o dispon\u00edvel<\/p>\n","protected":false},"featured_media":498,"template":"","meta":[],"product_brand":[],"product_cat":[76,134,135],"product_tag":[],"class_list":{"0":"post-497","1":"product","2":"type-product","3":"status-publish","4":"has-post-thumbnail","6":"product_cat-mercearia-doce","7":"product_cat-preparados-pastelariamercearia-doce","8":"product_cat-preparados-sobremesas-preparados-pastelariamercearia-doce","9":"pa_marcas-dr-oetker","10":"pa_pais-alemanha","12":"first","13":"instock","14":"taxable","15":"shipping-taxable","16":"product-type-simple"},"_links":{"self":[{"href":"https:\/\/bricer.pt\/index.php?rest_route=\/wp\/v2\/product\/497","targetHints":{"allow":["GET"]}}],"collection":[{"href":"https:\/\/bricer.pt\/index.php?rest_route=\/wp\/v2\/product"}],"about":[{"href":"https:\/\/bricer.pt\/index.php?rest_route=\/wp\/v2\/types\/product"}],"wp:featuredmedia":[{"embeddable":true,"href":"https:\/\/bricer.pt\/index.php?rest_route=\/wp\/v2\/media\/498"}],"wp:attachment":[{"href":"https:\/\/bricer.pt\/index.php?rest_route=%2Fwp%2Fv2%2Fmedia&parent=497"}],"wp:term":[{"taxonomy":"product_brand","embeddable":true,"href":"https:\/\/bricer.pt\/index.php?rest_route=%2Fwp%2Fv2%2Fproduct_brand&post=497"},{"taxonomy":"product_cat","embeddable":true,"href":"https:\/\/bricer.pt\/index.php?rest_route=%2Fwp%2Fv2%2Fproduct_cat&post=497"},{"taxonomy":"product_tag","embeddable":true,"href":"https:\/\/bricer.pt\/index.php?rest_route=%2Fwp%2Fv2%2Fproduct_tag&post=497"}],"curies":[{"name":"wp","href":"https:\/\/api.w.org\/{rel}","templated":true}]}}