{"id":495,"date":"2023-03-06T11:05:56","date_gmt":"2023-03-06T11:05:56","guid":{"rendered":"https:\/\/bricer.pt\/produto\/dr-oetker-gelfix-gelificante-em-po-cx-50g-2x25g\/"},"modified":"2023-04-17T07:57:58","modified_gmt":"2023-04-17T07:57:58","slug":"dr-oetker-gelfix-gelificante-em-po-cx-50g-2x25g","status":"publish","type":"product","link":"https:\/\/bricer.pt\/?product=dr-oetker-gelfix-gelificante-em-po-cx-50g-2x25g","title":{"rendered":"Dr. Oetker &#8220;Gelfix&#8221; Gelificante em P\u00f3 Cx. 50g (2x25g)"},"content":{"rendered":"<p><strong>Dr. Oetker &#8220;Gelfix&#8221; Gelificante em P\u00f3 Cx. 50g (2x25g).<\/strong><\/p>\n<p>&nbsp;<\/p>\n<p><strong>Ingredientes<\/strong>: Dextrose, 27% de agente de gelifica\u00e7\u00e3o (pectina), regulador de acidez (\u00e1cido c\u00edtrico), conservante (\u00e1cido s\u00f3rbico), \u00f3leo de palma.<\/p>\n<p><strong>Informa\u00e7\u00f5es Nutricionais:<\/strong> N\u00e3o Dispon\u00edvel<\/p>\n","protected":false},"excerpt":{"rendered":"<p>Dr. Oetker &#8220;Gelfix&#8221; Gelificante em P\u00f3 Cx. 50g (2x25g). &nbsp; Ingredientes: Dextrose, 27% de agente de gelifica\u00e7\u00e3o (pectina), regulador de acidez (\u00e1cido c\u00edtrico), conservante (\u00e1cido s\u00f3rbico), \u00f3leo de palma. Informa\u00e7\u00f5es Nutricionais: N\u00e3o Dispon\u00edvel<\/p>\n","protected":false},"featured_media":496,"template":"","meta":[],"product_brand":[],"product_cat":[76,133],"product_tag":[],"class_list":{"0":"post-495","1":"product","2":"type-product","3":"status-publish","4":"has-post-thumbnail","6":"product_cat-mercearia-doce","7":"product_cat-preparados-sobremesas","8":"pa_marcas-dr-oetker","9":"pa_pais-alemanha","11":"first","12":"instock","13":"taxable","14":"shipping-taxable","15":"product-type-simple"},"_links":{"self":[{"href":"https:\/\/bricer.pt\/index.php?rest_route=\/wp\/v2\/product\/495","targetHints":{"allow":["GET"]}}],"collection":[{"href":"https:\/\/bricer.pt\/index.php?rest_route=\/wp\/v2\/product"}],"about":[{"href":"https:\/\/bricer.pt\/index.php?rest_route=\/wp\/v2\/types\/product"}],"wp:featuredmedia":[{"embeddable":true,"href":"https:\/\/bricer.pt\/index.php?rest_route=\/wp\/v2\/media\/496"}],"wp:attachment":[{"href":"https:\/\/bricer.pt\/index.php?rest_route=%2Fwp%2Fv2%2Fmedia&parent=495"}],"wp:term":[{"taxonomy":"product_brand","embeddable":true,"href":"https:\/\/bricer.pt\/index.php?rest_route=%2Fwp%2Fv2%2Fproduct_brand&post=495"},{"taxonomy":"product_cat","embeddable":true,"href":"https:\/\/bricer.pt\/index.php?rest_route=%2Fwp%2Fv2%2Fproduct_cat&post=495"},{"taxonomy":"product_tag","embeddable":true,"href":"https:\/\/bricer.pt\/index.php?rest_route=%2Fwp%2Fv2%2Fproduct_tag&post=495"}],"curies":[{"name":"wp","href":"https:\/\/api.w.org\/{rel}","templated":true}]}}