{"id":49,"date":"2023-03-06T11:01:10","date_gmt":"2023-03-06T11:01:10","guid":{"rendered":"https:\/\/bricer.pt\/produto\/al-amier-tempero-p-couscous-frasco-30g\/"},"modified":"2023-04-17T07:57:01","modified_gmt":"2023-04-17T07:57:01","slug":"al-amier-tempero-p-couscous-frasco-30g","status":"publish","type":"product","link":"https:\/\/bricer.pt\/?product=al-amier-tempero-p-couscous-frasco-30g","title":{"rendered":"Al Amier Tempero p\/ CousCous Frasco 30g"},"content":{"rendered":"<p><strong>Al Amier Tempero p\/ CousCous<\/strong> Frasco 30g.<\/p>\n<p>&nbsp;<\/p>\n<p><strong>Ingredientes<\/strong>: especiarias (cominho, coentros, cebolas, alho, malaguetas, anis, canela, sementes de feno-grego), sal de mesa, mosto, \u00f3leo de girassol.<\/p>\n<p><strong>Alerg\u00e9nios<\/strong>: ver MAI\u00daSCULAS. Pode conter vest\u00edgios de amendoim, gl\u00faten, am\u00eandoa, leite, s\u00e9samo e mostarda.<\/p>\n<p><strong>Declara\u00e7\u00e3o Nutricional p\/100g<\/strong>: Energia 982kJ\/235kcal; L\u00edpidos 9,2g (dos quais saturados 0,6g); Hidratos de Carbono 22g (dos quais a\u00e7\u00facares 12g); Prote\u00ednas 10g; Sal 37,9g.<\/p>\n","protected":false},"excerpt":{"rendered":"<p>Al Amier Tempero p\/ CousCous Frasco 30g. &nbsp; Ingredientes: especiarias (cominho, coentros, cebolas, alho, malaguetas, anis, canela, sementes de feno-grego), sal de mesa, mosto, \u00f3leo de girassol. Alerg\u00e9nios: ver MAI\u00daSCULAS. Pode conter vest\u00edgios de amendoim, gl\u00faten, am\u00eandoa, leite, s\u00e9samo e mostarda. Declara\u00e7\u00e3o Nutricional p\/100g: Energia 982kJ\/235kcal; L\u00edpidos 9,2g (dos quais saturados 0,6g); Hidratos de Carbono [&hellip;]<\/p>\n","protected":false},"featured_media":50,"template":"","meta":[],"product_brand":[],"product_cat":[28,25,24],"product_tag":[],"class_list":{"0":"post-49","1":"product","2":"type-product","3":"status-publish","4":"has-post-thumbnail","6":"product_cat-especiarias","7":"product_cat-mercearia-arabe","8":"product_cat-sabores-do-mundo","9":"pa_marcas-al-amier","11":"first","12":"instock","13":"taxable","14":"shipping-taxable","15":"product-type-simple"},"_links":{"self":[{"href":"https:\/\/bricer.pt\/index.php?rest_route=\/wp\/v2\/product\/49","targetHints":{"allow":["GET"]}}],"collection":[{"href":"https:\/\/bricer.pt\/index.php?rest_route=\/wp\/v2\/product"}],"about":[{"href":"https:\/\/bricer.pt\/index.php?rest_route=\/wp\/v2\/types\/product"}],"wp:featuredmedia":[{"embeddable":true,"href":"https:\/\/bricer.pt\/index.php?rest_route=\/wp\/v2\/media\/50"}],"wp:attachment":[{"href":"https:\/\/bricer.pt\/index.php?rest_route=%2Fwp%2Fv2%2Fmedia&parent=49"}],"wp:term":[{"taxonomy":"product_brand","embeddable":true,"href":"https:\/\/bricer.pt\/index.php?rest_route=%2Fwp%2Fv2%2Fproduct_brand&post=49"},{"taxonomy":"product_cat","embeddable":true,"href":"https:\/\/bricer.pt\/index.php?rest_route=%2Fwp%2Fv2%2Fproduct_cat&post=49"},{"taxonomy":"product_tag","embeddable":true,"href":"https:\/\/bricer.pt\/index.php?rest_route=%2Fwp%2Fv2%2Fproduct_tag&post=49"}],"curies":[{"name":"wp","href":"https:\/\/api.w.org\/{rel}","templated":true}]}}