{"id":475,"date":"2023-03-06T11:05:56","date_gmt":"2023-03-06T11:05:56","guid":{"rendered":"https:\/\/bricer.pt\/produto\/doves-farm-flocos-de-fibra-bio-s-gluten-375g\/"},"modified":"2026-02-12T12:42:42","modified_gmt":"2026-02-12T12:42:42","slug":"doves-farm-flocos-de-fibra-bio-s-gluten-375g","status":"publish","type":"product","link":"https:\/\/bricer.pt\/?product=doves-farm-flocos-de-fibra-bio-s-gluten-375g","title":{"rendered":"Doves Farm Flocos de Fibra Bio s\/ Gl\u00faten 375g"},"content":{"rendered":"<p><strong>Doves Farm Flocos de Fibra Bio s\/ Gl\u00faten\u00a0 Cx.: 375g<\/strong><\/p>\n<p><img decoding=\"async\" class=\"alignnone wp-image-13165\" src=\"https:\/\/bricer.pt\/wp-content\/uploads\/2020\/04\/BRICER_SELOS_BIO_LOW-300x286.png\" alt=\"\" width=\"74\" height=\"71\" \/><img decoding=\"async\" class=\"alignnone wp-image-13167\" src=\"https:\/\/bricer.pt\/wp-content\/uploads\/2020\/04\/BRICER_SELOS_GLUTEN_LOW-300x286.png\" alt=\"\" width=\"74\" height=\"71\" \/><img decoding=\"async\" class=\"alignnone wp-image-13168\" src=\"https:\/\/bricer.pt\/wp-content\/uploads\/2020\/04\/BRICER_SELOS_LACTOSE_LOW-300x286.png\" alt=\"\" width=\"74\" height=\"71\" \/><img loading=\"lazy\" decoding=\"async\" class=\"alignnone wp-image-13166\" src=\"https:\/\/bricer.pt\/wp-content\/uploads\/2020\/04\/BRICER_SELOS_VEGANO_LOW-300x286.png\" alt=\"\" width=\"74\" height=\"71\" \/><\/p>\n<p><strong>Ingredientes<\/strong>: mistura de cereais* (arroz integral* 66%, farinha de milho*, farelo de<br \/>\nmilho*, extracto de farelo de arroz*), a\u00e7\u00facar de cana*, sal. *Produ\u00e7\u00e3o Biol\u00f3gica.<\/p>\n<p><strong>Alerg\u00e9nicas<\/strong>: ver MAI\u00daSCULAS. Sem gl\u00faten e leite.<\/p>\n<p><strong>Declara\u00e7\u00e3o Nutricional p\/100g:<\/strong> Energia 1629kJ\/385kcal; L\u00edpidos 2,7g (dos quais saturados 0,4g); Hidratos de Carbono 78,3g (dos quais a\u00e7\u00facares 10,2g); Fibra 8,3g; Prote\u00ednas 7,8g; Sal 0,44g.<\/p>\n","protected":false},"excerpt":{"rendered":"<p>Doves Farm Flocos de Fibra Bio s\/ Gl\u00faten\u00a0 Cx.: 375g Ingredientes: mistura de cereais* (arroz integral* 66%, farinha de milho*, farelo de milho*, extracto de farelo de arroz*), a\u00e7\u00facar de cana*, sal. *Produ\u00e7\u00e3o Biol\u00f3gica. Alerg\u00e9nicas: ver MAI\u00daSCULAS. Sem gl\u00faten e leite. Declara\u00e7\u00e3o Nutricional p\/100g: Energia 1629kJ\/385kcal; L\u00edpidos 2,7g (dos quais saturados 0,4g); Hidratos de Carbono [&hellip;]<\/p>\n","protected":false},"featured_media":476,"template":"","meta":[],"product_brand":[],"product_cat":[69,370],"product_tag":[],"class_list":{"0":"post-475","1":"product","2":"type-product","3":"status-publish","4":"has-post-thumbnail","6":"product_cat-alimentacao-saudavel","7":"product_cat-produtos-biologicos","8":"pa_biologica-biologica","9":"pa_marcas-doves-farm","10":"pa_pais-reino-unido","11":"pa_sem-gluten-sem-gluten","13":"first","14":"instock","15":"taxable","16":"shipping-taxable","17":"product-type-simple"},"_links":{"self":[{"href":"https:\/\/bricer.pt\/index.php?rest_route=\/wp\/v2\/product\/475","targetHints":{"allow":["GET"]}}],"collection":[{"href":"https:\/\/bricer.pt\/index.php?rest_route=\/wp\/v2\/product"}],"about":[{"href":"https:\/\/bricer.pt\/index.php?rest_route=\/wp\/v2\/types\/product"}],"wp:featuredmedia":[{"embeddable":true,"href":"https:\/\/bricer.pt\/index.php?rest_route=\/wp\/v2\/media\/476"}],"wp:attachment":[{"href":"https:\/\/bricer.pt\/index.php?rest_route=%2Fwp%2Fv2%2Fmedia&parent=475"}],"wp:term":[{"taxonomy":"product_brand","embeddable":true,"href":"https:\/\/bricer.pt\/index.php?rest_route=%2Fwp%2Fv2%2Fproduct_brand&post=475"},{"taxonomy":"product_cat","embeddable":true,"href":"https:\/\/bricer.pt\/index.php?rest_route=%2Fwp%2Fv2%2Fproduct_cat&post=475"},{"taxonomy":"product_tag","embeddable":true,"href":"https:\/\/bricer.pt\/index.php?rest_route=%2Fwp%2Fv2%2Fproduct_tag&post=475"}],"curies":[{"name":"wp","href":"https:\/\/api.w.org\/{rel}","templated":true}]}}