{"id":473,"date":"2023-03-06T11:05:56","date_gmt":"2023-03-06T11:05:56","guid":{"rendered":"https:\/\/bricer.pt\/produto\/doves-farm-flocos-de-cereais-bio-s-gluten-cx-375g\/"},"modified":"2026-02-12T12:42:34","modified_gmt":"2026-02-12T12:42:34","slug":"doves-farm-flocos-de-cereais-bio-s-gluten-cx-375g","status":"publish","type":"product","link":"https:\/\/bricer.pt\/?product=doves-farm-flocos-de-cereais-bio-s-gluten-cx-375g","title":{"rendered":"Doves Farm Flocos de Cereais Bio s\/ Gl\u00faten Cx. 375g"},"content":{"rendered":"<p><strong>Doves Farm Flocos de Cereais Bio s\/ Gl\u00faten Cx. 375g<\/strong><\/p>\n<p><img decoding=\"async\" class=\"alignnone wp-image-13165\" src=\"https:\/\/bricer.pt\/wp-content\/uploads\/2020\/04\/BRICER_SELOS_BIO_LOW-300x286.png\" alt=\"\" width=\"74\" height=\"71\" \/><img decoding=\"async\" class=\"alignnone wp-image-13167\" src=\"https:\/\/bricer.pt\/wp-content\/uploads\/2020\/04\/BRICER_SELOS_GLUTEN_LOW-300x286.png\" alt=\"\" width=\"74\" height=\"71\" \/><img decoding=\"async\" class=\"alignnone wp-image-13168\" src=\"https:\/\/bricer.pt\/wp-content\/uploads\/2020\/04\/BRICER_SELOS_LACTOSE_LOW-300x286.png\" alt=\"\" width=\"74\" height=\"71\" \/><img loading=\"lazy\" decoding=\"async\" class=\"alignnone wp-image-13166\" src=\"https:\/\/bricer.pt\/wp-content\/uploads\/2020\/04\/BRICER_SELOS_VEGANO_LOW-300x286.png\" alt=\"\" width=\"74\" height=\"71\" \/><\/p>\n<p><strong>Ingredientes<\/strong>: mistura de cereais* (arroz* 49%, trigo sarraceno* 27%, farelo de<br \/>\nmilho*, extracto de farelo de arroz*), a\u00e7\u00facar de cana*, xarope de arroz<br \/>\ndesidratado*, sal. *Produ\u00e7\u00e3o Biol\u00f3gica.<\/p>\n<p><strong>Alerg\u00e9nicas<\/strong>: Sem gl\u00faten e leite.<\/p>\n<p><strong>Declara\u00e7\u00e3o Nutricional p\/100g:<\/strong> Energia 1608kJ\/380kcal; L\u00edpidos 2,7g (dos quais saturados 0,5g); Hidratos de Carbono 75,8g (dos quais a\u00e7\u00facares 12,7g); Fibra 7,8g; Prote\u00ednas 9,2g; Sal 0,61g.<\/p>\n","protected":false},"excerpt":{"rendered":"<p>Doves Farm Flocos de Cereais Bio s\/ Gl\u00faten Cx. 375g Ingredientes: mistura de cereais* (arroz* 49%, trigo sarraceno* 27%, farelo de milho*, extracto de farelo de arroz*), a\u00e7\u00facar de cana*, xarope de arroz desidratado*, sal. *Produ\u00e7\u00e3o Biol\u00f3gica. Alerg\u00e9nicas: Sem gl\u00faten e leite. Declara\u00e7\u00e3o Nutricional p\/100g: Energia 1608kJ\/380kcal; L\u00edpidos 2,7g (dos quais saturados 0,5g); Hidratos de [&hellip;]<\/p>\n","protected":false},"featured_media":474,"template":"","meta":[],"product_brand":[],"product_cat":[69,370],"product_tag":[],"class_list":{"0":"post-473","1":"product","2":"type-product","3":"status-publish","4":"has-post-thumbnail","6":"product_cat-alimentacao-saudavel","7":"product_cat-produtos-biologicos","8":"pa_biologica-biologica","9":"pa_marcas-doves-farm","10":"pa_pais-reino-unido","11":"pa_sem-gluten-sem-gluten","13":"first","14":"instock","15":"taxable","16":"shipping-taxable","17":"product-type-simple"},"_links":{"self":[{"href":"https:\/\/bricer.pt\/index.php?rest_route=\/wp\/v2\/product\/473","targetHints":{"allow":["GET"]}}],"collection":[{"href":"https:\/\/bricer.pt\/index.php?rest_route=\/wp\/v2\/product"}],"about":[{"href":"https:\/\/bricer.pt\/index.php?rest_route=\/wp\/v2\/types\/product"}],"wp:featuredmedia":[{"embeddable":true,"href":"https:\/\/bricer.pt\/index.php?rest_route=\/wp\/v2\/media\/474"}],"wp:attachment":[{"href":"https:\/\/bricer.pt\/index.php?rest_route=%2Fwp%2Fv2%2Fmedia&parent=473"}],"wp:term":[{"taxonomy":"product_brand","embeddable":true,"href":"https:\/\/bricer.pt\/index.php?rest_route=%2Fwp%2Fv2%2Fproduct_brand&post=473"},{"taxonomy":"product_cat","embeddable":true,"href":"https:\/\/bricer.pt\/index.php?rest_route=%2Fwp%2Fv2%2Fproduct_cat&post=473"},{"taxonomy":"product_tag","embeddable":true,"href":"https:\/\/bricer.pt\/index.php?rest_route=%2Fwp%2Fv2%2Fproduct_tag&post=473"}],"curies":[{"name":"wp","href":"https:\/\/api.w.org\/{rel}","templated":true}]}}