{"id":466,"date":"2023-03-06T11:04:21","date_gmt":"2023-03-06T11:04:21","guid":{"rendered":"https:\/\/bricer.pt\/produto\/doves-farm-farinha-p-pao-integral-s-gluten-emb-1kg\/"},"modified":"2025-11-20T11:39:58","modified_gmt":"2025-11-20T11:39:58","slug":"doves-farm-farinha-p-pao-integral-s-gluten-emb-1kg","status":"publish","type":"product","link":"https:\/\/bricer.pt\/?product=doves-farm-farinha-p-pao-integral-s-gluten-emb-1kg","title":{"rendered":"Doves Farm Farinha p\/ P\u00e3o Integral s\/ Gl\u00faten  Emb.:1Kg"},"content":{"rendered":"<p><strong>Doves Farm Farinha p\/ P\u00e3o Integral s\/ Gl\u00faten\u00a0 \u00a0Emb.:1Kg<\/strong><\/p>\n<p><img decoding=\"async\" class=\"alignnone wp-image-13166\" src=\"https:\/\/bricer.pt\/wp-content\/uploads\/2020\/04\/BRICER_SELOS_VEGANO_LOW-300x286.png\" alt=\"\" width=\"100\" height=\"95\" \/><img decoding=\"async\" class=\"alignnone wp-image-13167\" src=\"https:\/\/bricer.pt\/wp-content\/uploads\/2020\/04\/BRICER_SELOS_GLUTEN_LOW-300x286.png\" alt=\"\" width=\"100\" height=\"95\" \/><\/p>\n<p><strong>Ingredientes:<\/strong> Farinha de mistura (arroz, tapioca, batata, trigo-sarraceno e alfarroba), fibra de a\u00e7\u00facar de beterraba, goma xantana.<\/p>\n<p><strong>Alerg\u00e9nicas<\/strong>: Fabricado em ambiente sem nozes, leite, case\u00edna, ovos, gl\u00faten, soja.<br \/>\nAdequado a vegetarianos e veganos.<\/p>\n<p><b>Declara\u00e7\u00e3o nutricional (m\u00e9dia) por 100g: <\/b>Energia 1406 kJ\/331kcal; L\u00edpidos 0,9g (dos quais saturados 0,2g); Hidratos de Carbono 75,1g (dos quais a\u00e7\u00facares 0,5g); Fibra 5,3g; Prote\u00ednas 5,6g; Sal 0,13g.<\/p>\n","protected":false},"excerpt":{"rendered":"<p>Doves Farm Farinha p\/ P\u00e3o Integral s\/ Gl\u00faten\u00a0 \u00a0Emb.:1Kg Ingredientes: Farinha de mistura (arroz, tapioca, batata, trigo-sarraceno e alfarroba), fibra de a\u00e7\u00facar de beterraba, goma xantana. Alerg\u00e9nicas: Fabricado em ambiente sem nozes, leite, case\u00edna, ovos, gl\u00faten, soja. Adequado a vegetarianos e veganos. Declara\u00e7\u00e3o nutricional (m\u00e9dia) por 100g: Energia 1406 kJ\/331kcal; L\u00edpidos 0,9g (dos quais saturados [&hellip;]<\/p>\n","protected":false},"featured_media":467,"template":"","meta":[],"product_brand":[],"product_cat":[69,370],"product_tag":[],"class_list":{"0":"post-466","1":"product","2":"type-product","3":"status-publish","4":"has-post-thumbnail","6":"product_cat-alimentacao-saudavel","7":"product_cat-produtos-biologicos","8":"pa_marcas-doves-farm","9":"pa_pais-reino-unido","10":"pa_sem-gluten-sem-gluten","12":"first","13":"instock","14":"taxable","15":"shipping-taxable","16":"product-type-simple"},"_links":{"self":[{"href":"https:\/\/bricer.pt\/index.php?rest_route=\/wp\/v2\/product\/466","targetHints":{"allow":["GET"]}}],"collection":[{"href":"https:\/\/bricer.pt\/index.php?rest_route=\/wp\/v2\/product"}],"about":[{"href":"https:\/\/bricer.pt\/index.php?rest_route=\/wp\/v2\/types\/product"}],"wp:featuredmedia":[{"embeddable":true,"href":"https:\/\/bricer.pt\/index.php?rest_route=\/wp\/v2\/media\/467"}],"wp:attachment":[{"href":"https:\/\/bricer.pt\/index.php?rest_route=%2Fwp%2Fv2%2Fmedia&parent=466"}],"wp:term":[{"taxonomy":"product_brand","embeddable":true,"href":"https:\/\/bricer.pt\/index.php?rest_route=%2Fwp%2Fv2%2Fproduct_brand&post=466"},{"taxonomy":"product_cat","embeddable":true,"href":"https:\/\/bricer.pt\/index.php?rest_route=%2Fwp%2Fv2%2Fproduct_cat&post=466"},{"taxonomy":"product_tag","embeddable":true,"href":"https:\/\/bricer.pt\/index.php?rest_route=%2Fwp%2Fv2%2Fproduct_tag&post=466"}],"curies":[{"name":"wp","href":"https:\/\/api.w.org\/{rel}","templated":true}]}}