{"id":46,"date":"2023-03-06T11:01:10","date_gmt":"2023-03-06T11:01:10","guid":{"rendered":"https:\/\/bricer.pt\/produto\/al-amier-tempero-ras-el-hanout-frasco-20g\/"},"modified":"2023-04-17T07:57:01","modified_gmt":"2023-04-17T07:57:01","slug":"al-amier-tempero-ras-el-hanout-frasco-20g","status":"publish","type":"product","link":"https:\/\/bricer.pt\/?product=al-amier-tempero-ras-el-hanout-frasco-20g","title":{"rendered":"Al Amier Tempero &#8220;Ras el Hanout&#8221; Frasco 20g"},"content":{"rendered":"<p><strong>Al Amier Tempero &#8220;Ras el Hanout&#8221;<\/strong> Frasco 20g.<\/p>\n<p>&nbsp;<\/p>\n<p><strong>Ingredientes<\/strong>: coentros, cominho, curcuma, gengibre, pimenta, erva-doce, cominho preto, noz-moscada, c\u00fabeba, pimenteiro silvestre, cardamomo, canela, folhas de louro, cravinho.<\/p>\n<p><strong>Alerg\u00e9nios<\/strong>: ver MAI\u00daSCULAS. Pode conter vest\u00edgios de amendoins, gl\u00faten, am\u00eandoas, leite, aipo e mostarda.<\/p>\n<p><strong>Informa\u00e7\u00f5es Nutricionais:<\/strong> N\u00e3o Dispon\u00edvel<\/p>\n","protected":false},"excerpt":{"rendered":"<p>Al Amier Tempero &#8220;Ras el Hanout&#8221; Frasco 20g. &nbsp; Ingredientes: coentros, cominho, curcuma, gengibre, pimenta, erva-doce, cominho preto, noz-moscada, c\u00fabeba, pimenteiro silvestre, cardamomo, canela, folhas de louro, cravinho. Alerg\u00e9nios: ver MAI\u00daSCULAS. Pode conter vest\u00edgios de amendoins, gl\u00faten, am\u00eandoas, leite, aipo e mostarda. Informa\u00e7\u00f5es Nutricionais: N\u00e3o Dispon\u00edvel<\/p>\n","protected":false},"featured_media":47,"template":"","meta":[],"product_brand":[],"product_cat":[28,25,24],"product_tag":[],"class_list":{"0":"post-46","1":"product","2":"type-product","3":"status-publish","4":"has-post-thumbnail","6":"product_cat-especiarias","7":"product_cat-mercearia-arabe","8":"product_cat-sabores-do-mundo","9":"pa_marcas-al-amier","11":"first","12":"instock","13":"taxable","14":"shipping-taxable","15":"product-type-simple"},"_links":{"self":[{"href":"https:\/\/bricer.pt\/index.php?rest_route=\/wp\/v2\/product\/46","targetHints":{"allow":["GET"]}}],"collection":[{"href":"https:\/\/bricer.pt\/index.php?rest_route=\/wp\/v2\/product"}],"about":[{"href":"https:\/\/bricer.pt\/index.php?rest_route=\/wp\/v2\/types\/product"}],"wp:featuredmedia":[{"embeddable":true,"href":"https:\/\/bricer.pt\/index.php?rest_route=\/wp\/v2\/media\/47"}],"wp:attachment":[{"href":"https:\/\/bricer.pt\/index.php?rest_route=%2Fwp%2Fv2%2Fmedia&parent=46"}],"wp:term":[{"taxonomy":"product_brand","embeddable":true,"href":"https:\/\/bricer.pt\/index.php?rest_route=%2Fwp%2Fv2%2Fproduct_brand&post=46"},{"taxonomy":"product_cat","embeddable":true,"href":"https:\/\/bricer.pt\/index.php?rest_route=%2Fwp%2Fv2%2Fproduct_cat&post=46"},{"taxonomy":"product_tag","embeddable":true,"href":"https:\/\/bricer.pt\/index.php?rest_route=%2Fwp%2Fv2%2Fproduct_tag&post=46"}],"curies":[{"name":"wp","href":"https:\/\/api.w.org\/{rel}","templated":true}]}}