{"id":452,"date":"2023-03-06T11:04:21","date_gmt":"2023-03-06T11:04:21","guid":{"rendered":"https:\/\/bricer.pt\/produto\/doves-farm-farinha-de-espelta-integral-bio-1kg\/"},"modified":"2025-11-20T11:39:42","modified_gmt":"2025-11-20T11:39:42","slug":"doves-farm-farinha-de-espelta-integral-bio-1kg","status":"publish","type":"product","link":"https:\/\/bricer.pt\/?product=doves-farm-farinha-de-espelta-integral-bio-1kg","title":{"rendered":"Doves Farm Farinha de Espelta Integral Bio 1Kg"},"content":{"rendered":"<p><strong>Doves Farm Farinha de Espelta Integral Bio 1Kg.<\/strong><\/p>\n<p><img decoding=\"async\" class=\"alignnone  wp-image-13165\" src=\"https:\/\/bricer.pt\/wp-content\/uploads\/2020\/04\/BRICER_SELOS_BIO_LOW-300x286.png\" alt=\"\" width=\"100\" height=\"95\" \/><\/p>\n<p><strong>Ingrediente<\/strong>: Farinha de ESPELTA Integral. Produ\u00e7\u00e3o de agricultura biol\u00f3gica.<\/p>\n<p><strong>Declara\u00e7\u00e3o Nutricional p\/100g:<\/strong> Energia 1433kJ\/339kcal; L\u00edpidos 2,9g (dos quais saturados 0,5g) Hidratos de Carbono 62g (dos quais a\u00e7\u00facares 0,5g); Fibra 11g; Prote\u00ednas 11g; Sal 0,03g.<\/p>\n<p><strong>Prepara\u00e7\u00e3o Base p\/P\u00e3o<\/strong>: Ing.: 500g\/1lb de Farinha, 1\/5 colher de ch\u00e1 de sal, 1 colher de ch\u00e1 de fermento r\u00e1pido, 1 colher de ch\u00e1 de a\u00e7\u00facar, 275ml\/9floz \u00e1gua morna, 1 colher de ch\u00e1 de \u00f3leo vegetal. 1- Numa ta\u00e7a grande misturar a farinha, sal, fermento e o a\u00e7\u00facar. 2- Cuidadosamente medir a \u00e1gua, misturar na farinha e amassar. 3- Enquanto a massa estiver ainda pegajosa, adicionar o \u00f3leo e amassar bem at\u00e9 que ela fique suave e flex\u00edvel. 4- Deixar a massa na ta\u00e7a coberta com um pano at\u00e9 a mesma duplicar o tamanho (cerca de 1h; para obter um p\u00e3o r\u00e1pido saltar este passo e proceder de acordo com o ponto 6). 5- Deitar a massa numa superf\u00edcie enfarinhada e amassar com for\u00e7a durante alguns minutos. 6- Cortar a massa e colocar a mesma numa forma de p\u00e3o de 1kg\/2lb, ou num tabuleiro untado. 7- Cobrir e deixar a massa crescer durante 25 minutos num local morno. 8- Cozer em forno pr\u00e9 aquecido durante 35\/40 minutos.<\/p>\n","protected":false},"excerpt":{"rendered":"<p>Doves Farm Farinha de Espelta Integral Bio 1Kg. Ingrediente: Farinha de ESPELTA Integral. Produ\u00e7\u00e3o de agricultura biol\u00f3gica. Declara\u00e7\u00e3o Nutricional p\/100g: Energia 1433kJ\/339kcal; L\u00edpidos 2,9g (dos quais saturados 0,5g) Hidratos de Carbono 62g (dos quais a\u00e7\u00facares 0,5g); Fibra 11g; Prote\u00ednas 11g; Sal 0,03g. Prepara\u00e7\u00e3o Base p\/P\u00e3o: Ing.: 500g\/1lb de Farinha, 1\/5 colher de ch\u00e1 de sal, [&hellip;]<\/p>\n","protected":false},"featured_media":453,"template":"","meta":[],"product_brand":[],"product_cat":[69,370],"product_tag":[],"class_list":{"0":"post-452","1":"product","2":"type-product","3":"status-publish","4":"has-post-thumbnail","6":"product_cat-alimentacao-saudavel","7":"product_cat-produtos-biologicos","8":"pa_biologica-biologica","9":"pa_marcas-doves-farm","10":"pa_pais-reino-unido","12":"first","13":"instock","14":"taxable","15":"shipping-taxable","16":"product-type-simple"},"_links":{"self":[{"href":"https:\/\/bricer.pt\/index.php?rest_route=\/wp\/v2\/product\/452","targetHints":{"allow":["GET"]}}],"collection":[{"href":"https:\/\/bricer.pt\/index.php?rest_route=\/wp\/v2\/product"}],"about":[{"href":"https:\/\/bricer.pt\/index.php?rest_route=\/wp\/v2\/types\/product"}],"wp:featuredmedia":[{"embeddable":true,"href":"https:\/\/bricer.pt\/index.php?rest_route=\/wp\/v2\/media\/453"}],"wp:attachment":[{"href":"https:\/\/bricer.pt\/index.php?rest_route=%2Fwp%2Fv2%2Fmedia&parent=452"}],"wp:term":[{"taxonomy":"product_brand","embeddable":true,"href":"https:\/\/bricer.pt\/index.php?rest_route=%2Fwp%2Fv2%2Fproduct_brand&post=452"},{"taxonomy":"product_cat","embeddable":true,"href":"https:\/\/bricer.pt\/index.php?rest_route=%2Fwp%2Fv2%2Fproduct_cat&post=452"},{"taxonomy":"product_tag","embeddable":true,"href":"https:\/\/bricer.pt\/index.php?rest_route=%2Fwp%2Fv2%2Fproduct_tag&post=452"}],"curies":[{"name":"wp","href":"https:\/\/api.w.org\/{rel}","templated":true}]}}