{"id":451,"date":"2023-03-06T11:04:21","date_gmt":"2023-03-06T11:04:21","guid":{"rendered":"https:\/\/bricer.pt\/produto\/doves-farm-farinha-de-espelta-branca-bio-1-kg\/"},"modified":"2025-11-20T11:39:17","modified_gmt":"2025-11-20T11:39:17","slug":"doves-farm-farinha-de-espelta-branca-bio-1-kg","status":"publish","type":"product","link":"https:\/\/bricer.pt\/?product=doves-farm-farinha-de-espelta-branca-bio-1-kg","title":{"rendered":"Doves Farm Farinha de Espelta Branca Bio 1 Kg"},"content":{"rendered":"<p>Doves Farm Farinha de Espelta Branca Bio 1 Kg.<\/p>\n<p><img decoding=\"async\" class=\"alignnone wp-image-13165\" src=\"https:\/\/bricer.pt\/wp-content\/uploads\/2020\/04\/BRICER_SELOS_BIO_LOW-300x286.png\" alt=\"\" width=\"100\" height=\"95\" \/><\/p>\n<p><strong>Ingredientes:<\/strong> Farinha de ESPELTA branca cultivada biologicamente.<\/p>\n<p><strong>Declara\u00e7\u00e3o Nutricional p\/100g:<\/strong> Energia 1450kJ\/342kcal; L\u00edpidos 2,0g (dos quais saturados 0,4g); Hidratos de Carbono 67,2g (dos quais a\u00e7\u00facares 0,5g); Fibra 4,4g;<br \/>\nProte\u00ednas 13,8g; Sal 0,13g. Cont\u00e9m Gl\u00faten, naturalmente presente na Espelta.<\/p>\n<p><strong>Prepara\u00e7\u00e3o Base p\/P\u00e3o:<\/strong> 500g farinha espelta, 1\/2 colher ch\u00e1 de sal, 1 colher ch\u00e1 fermento r\u00e1pido, 1 colher ch\u00e1 de a\u00e7\u00facar, 300ml \u00e1gua morna, 1 colher ch\u00e1 de \u00f3leo vegetal. 1- Misture a farinha o sal o fermento e o a\u00e7\u00facar. 2- Me\u00e7a a \u00e1gua e misture com a farinha. 3- Enquanto a massa est\u00e1 ainda pegajosa adicione o \u00f3leo e amasse bem at\u00e9 que fique lisa e male\u00e1vel. 4- Coloque a massa numa tigela, tape e deixe levedar, at\u00e9 duplicar o tamanho (cerca de 1 hora). Para fazer p\u00e3o r\u00e1pido omitir este passo e continue a partir do passo 6. 5- Coloque a massa numa superficie enfarinhada e amasse durante alguns minutos. 6- Coloque a massa numa forma para p\u00e3o (1kg\/2lb) ou num tabuleiro untado. 7-Tape e deixe levedar em ambiente morno durante 25 minutos. 8- Coza em forno pr\u00e9-aquecido durante35\/40 minutos. Conservar em local fresco e seco.<\/p>\n","protected":false},"excerpt":{"rendered":"<p>Doves Farm Farinha de Espelta Branca Bio 1 Kg. Ingredientes: Farinha de ESPELTA branca cultivada biologicamente. Declara\u00e7\u00e3o Nutricional p\/100g: Energia 1450kJ\/342kcal; L\u00edpidos 2,0g (dos quais saturados 0,4g); Hidratos de Carbono 67,2g (dos quais a\u00e7\u00facares 0,5g); Fibra 4,4g; Prote\u00ednas 13,8g; Sal 0,13g. Cont\u00e9m Gl\u00faten, naturalmente presente na Espelta. Prepara\u00e7\u00e3o Base p\/P\u00e3o: 500g farinha espelta, 1\/2 colher [&hellip;]<\/p>\n","protected":false},"featured_media":0,"template":"","meta":[],"product_brand":[],"product_cat":[69,370],"product_tag":[],"class_list":{"0":"post-451","1":"product","2":"type-product","3":"status-publish","5":"product_cat-alimentacao-saudavel","6":"product_cat-produtos-biologicos","7":"pa_biologica-biologica","8":"pa_marcas-doves-farm","9":"pa_pais-reino-unido","11":"first","12":"instock","13":"taxable","14":"shipping-taxable","15":"product-type-simple"},"_links":{"self":[{"href":"https:\/\/bricer.pt\/index.php?rest_route=\/wp\/v2\/product\/451","targetHints":{"allow":["GET"]}}],"collection":[{"href":"https:\/\/bricer.pt\/index.php?rest_route=\/wp\/v2\/product"}],"about":[{"href":"https:\/\/bricer.pt\/index.php?rest_route=\/wp\/v2\/types\/product"}],"wp:attachment":[{"href":"https:\/\/bricer.pt\/index.php?rest_route=%2Fwp%2Fv2%2Fmedia&parent=451"}],"wp:term":[{"taxonomy":"product_brand","embeddable":true,"href":"https:\/\/bricer.pt\/index.php?rest_route=%2Fwp%2Fv2%2Fproduct_brand&post=451"},{"taxonomy":"product_cat","embeddable":true,"href":"https:\/\/bricer.pt\/index.php?rest_route=%2Fwp%2Fv2%2Fproduct_cat&post=451"},{"taxonomy":"product_tag","embeddable":true,"href":"https:\/\/bricer.pt\/index.php?rest_route=%2Fwp%2Fv2%2Fproduct_tag&post=451"}],"curies":[{"name":"wp","href":"https:\/\/api.w.org\/{rel}","templated":true}]}}