{"id":447,"date":"2023-03-06T11:04:21","date_gmt":"2023-03-06T11:04:21","guid":{"rendered":"https:\/\/bricer.pt\/produto\/doves-farm-farinha-de-arroz-s-gluten-emb-1kg\/"},"modified":"2025-11-20T11:38:55","modified_gmt":"2025-11-20T11:38:55","slug":"doves-farm-farinha-de-arroz-s-gluten-emb-1kg","status":"publish","type":"product","link":"https:\/\/bricer.pt\/?product=doves-farm-farinha-de-arroz-s-gluten-emb-1kg","title":{"rendered":"Doves Farm Farinha de Arroz s\/ Gl\u00faten Emb.:1Kg"},"content":{"rendered":"<p><strong>Doves Farm Farinha de Arroz s\/ Gl\u00faten Emb.:1Kg<\/strong><\/p>\n<p><img decoding=\"async\" class=\"alignnone  wp-image-13168\" src=\"https:\/\/bricer.pt\/wp-content\/uploads\/2020\/04\/BRICER_SELOS_LACTOSE_LOW-300x286.png\" alt=\"\" width=\"99\" height=\"94\" \/><img decoding=\"async\" class=\"alignnone  wp-image-13167\" src=\"https:\/\/bricer.pt\/wp-content\/uploads\/2020\/04\/BRICER_SELOS_GLUTEN_LOW-300x286.png\" alt=\"\" width=\"100\" height=\"95\" \/><\/p>\n<p><strong>Ingredientes<\/strong>: Arroz integral, arroz branco.<\/p>\n<p><strong>Alerg\u00e9nicos:<\/strong> Sem Gl\u00faten.<\/p>\n<p><strong>Declara\u00e7\u00e3o nutricional (m\u00e9dia) por 100 g:<\/strong> Energia 1515 kJ \/ 357 kcal; L\u00edpidos 2,2 g (dos quais saturados 0,5 g); Hidratos de carbono 75,9 g (dos quais a\u00e7\u00facares 0,5 g); Fibra 1,4 g; Prote\u00ednas 8,4 g; Sal 0,05 g.<\/p>\n<p>&nbsp;<\/p>\n","protected":false},"excerpt":{"rendered":"<p>Doves Farm Farinha de Arroz s\/ Gl\u00faten Emb.:1Kg Ingredientes: Arroz integral, arroz branco. Alerg\u00e9nicos: Sem Gl\u00faten. Declara\u00e7\u00e3o nutricional (m\u00e9dia) por 100 g: Energia 1515 kJ \/ 357 kcal; L\u00edpidos 2,2 g (dos quais saturados 0,5 g); Hidratos de carbono 75,9 g (dos quais a\u00e7\u00facares 0,5 g); Fibra 1,4 g; Prote\u00ednas 8,4 g; Sal 0,05 g. [&hellip;]<\/p>\n","protected":false},"featured_media":448,"template":"","meta":[],"product_brand":[],"product_cat":[69,370],"product_tag":[],"class_list":{"0":"post-447","1":"product","2":"type-product","3":"status-publish","4":"has-post-thumbnail","6":"product_cat-alimentacao-saudavel","7":"product_cat-produtos-biologicos","8":"pa_marcas-doves-farm","9":"pa_pais-reino-unido","10":"pa_sem-gluten-sem-gluten","12":"first","13":"instock","14":"taxable","15":"shipping-taxable","16":"product-type-simple"},"_links":{"self":[{"href":"https:\/\/bricer.pt\/index.php?rest_route=\/wp\/v2\/product\/447","targetHints":{"allow":["GET"]}}],"collection":[{"href":"https:\/\/bricer.pt\/index.php?rest_route=\/wp\/v2\/product"}],"about":[{"href":"https:\/\/bricer.pt\/index.php?rest_route=\/wp\/v2\/types\/product"}],"wp:featuredmedia":[{"embeddable":true,"href":"https:\/\/bricer.pt\/index.php?rest_route=\/wp\/v2\/media\/448"}],"wp:attachment":[{"href":"https:\/\/bricer.pt\/index.php?rest_route=%2Fwp%2Fv2%2Fmedia&parent=447"}],"wp:term":[{"taxonomy":"product_brand","embeddable":true,"href":"https:\/\/bricer.pt\/index.php?rest_route=%2Fwp%2Fv2%2Fproduct_brand&post=447"},{"taxonomy":"product_cat","embeddable":true,"href":"https:\/\/bricer.pt\/index.php?rest_route=%2Fwp%2Fv2%2Fproduct_cat&post=447"},{"taxonomy":"product_tag","embeddable":true,"href":"https:\/\/bricer.pt\/index.php?rest_route=%2Fwp%2Fv2%2Fproduct_tag&post=447"}],"curies":[{"name":"wp","href":"https:\/\/api.w.org\/{rel}","templated":true}]}}