{"id":441,"date":"2023-03-06T11:04:21","date_gmt":"2023-03-06T11:04:21","guid":{"rendered":"https:\/\/bricer.pt\/produto\/doves-farm-farinha-branca-simples-s-gluten-emb-1kg\/"},"modified":"2023-07-23T10:50:43","modified_gmt":"2023-07-23T10:50:43","slug":"doves-farm-farinha-branca-simples-s-gluten-emb-1kg","status":"publish","type":"product","link":"https:\/\/bricer.pt\/?product=doves-farm-farinha-branca-simples-s-gluten-emb-1kg","title":{"rendered":"Doves Farm Farinha Branca Simples s\/ Gl\u00faten Emb.: 1Kg"},"content":{"rendered":"<p><strong>Doves Farm Farinha Branca Simples s\/ Gl\u00faten\u00a0 \u00a0Emb.: 1Kg<\/strong><\/p>\n<p><img decoding=\"async\" class=\"alignnone wp-image-13167\" src=\"https:\/\/bricer.pt\/wp-content\/uploads\/2020\/04\/BRICER_SELOS_GLUTEN_LOW-300x286.png\" alt=\"\" width=\"101\" height=\"96\" \/><img decoding=\"async\" class=\"alignnone wp-image-13168\" src=\"https:\/\/bricer.pt\/wp-content\/uploads\/2020\/04\/BRICER_SELOS_LACTOSE_LOW-300x286.png\" alt=\"\" width=\"100\" height=\"95\" \/><\/p>\n<p><strong>Ingredientes<\/strong>: Mistura de farinhas (arroz, batata, tapioca, milho, trigo-sarraceno).<\/p>\n<p><b>Alerg\u00e9nios<\/b>: Isento de gl\u00faten.<\/p>\n<p><strong>Declara\u00e7\u00e3o nutricional (m\u00e9dia) por 100 g:<\/strong> Energia 1498 kJ \/ 353 kcal; L\u00edpidos 1,3 g (dos quais saturados 0,3 g); Hidratos de carbono 79,9 g (dos quais a\u00e7\u00facares 20,2 g); Fibra 0,8 g; Prote\u00ednas 5,0 g; Sal &lt; 0,03 g.<\/p>\n","protected":false},"excerpt":{"rendered":"<p>Doves Farm Farinha Branca Simples s\/ Gl\u00faten\u00a0 \u00a0Emb.: 1Kg Ingredientes: Mistura de farinhas (arroz, batata, tapioca, milho, trigo-sarraceno). Alerg\u00e9nios: Isento de gl\u00faten. Declara\u00e7\u00e3o nutricional (m\u00e9dia) por 100 g: Energia 1498 kJ \/ 353 kcal; L\u00edpidos 1,3 g (dos quais saturados 0,3 g); Hidratos de carbono 79,9 g (dos quais a\u00e7\u00facares 20,2 g); Fibra 0,8 g; [&hellip;]<\/p>\n","protected":false},"featured_media":442,"template":"","meta":[],"product_brand":[],"product_cat":[69,370],"product_tag":[],"class_list":{"0":"post-441","1":"product","2":"type-product","3":"status-publish","4":"has-post-thumbnail","6":"product_cat-alimentacao-saudavel","7":"product_cat-produtos-biologicos","8":"pa_marcas-doves-farm","9":"pa_pais-reino-unido","10":"pa_sem-gluten-sem-gluten","12":"first","13":"instock","14":"taxable","15":"shipping-taxable","16":"product-type-simple"},"_links":{"self":[{"href":"https:\/\/bricer.pt\/index.php?rest_route=\/wp\/v2\/product\/441","targetHints":{"allow":["GET"]}}],"collection":[{"href":"https:\/\/bricer.pt\/index.php?rest_route=\/wp\/v2\/product"}],"about":[{"href":"https:\/\/bricer.pt\/index.php?rest_route=\/wp\/v2\/types\/product"}],"wp:featuredmedia":[{"embeddable":true,"href":"https:\/\/bricer.pt\/index.php?rest_route=\/wp\/v2\/media\/442"}],"wp:attachment":[{"href":"https:\/\/bricer.pt\/index.php?rest_route=%2Fwp%2Fv2%2Fmedia&parent=441"}],"wp:term":[{"taxonomy":"product_brand","embeddable":true,"href":"https:\/\/bricer.pt\/index.php?rest_route=%2Fwp%2Fv2%2Fproduct_brand&post=441"},{"taxonomy":"product_cat","embeddable":true,"href":"https:\/\/bricer.pt\/index.php?rest_route=%2Fwp%2Fv2%2Fproduct_cat&post=441"},{"taxonomy":"product_tag","embeddable":true,"href":"https:\/\/bricer.pt\/index.php?rest_route=%2Fwp%2Fv2%2Fproduct_tag&post=441"}],"curies":[{"name":"wp","href":"https:\/\/api.w.org\/{rel}","templated":true}]}}