{"id":437,"date":"2023-03-06T11:04:12","date_gmt":"2023-03-06T11:04:12","guid":{"rendered":"https:\/\/bricer.pt\/produto\/doves-farm-farinha-branca-p-pao-s-gluten-emb-1kg\/"},"modified":"2025-11-20T11:46:51","modified_gmt":"2025-11-20T11:46:51","slug":"doves-farm-farinha-branca-p-pao-s-gluten-emb-1kg","status":"publish","type":"product","link":"https:\/\/bricer.pt\/?product=doves-farm-farinha-branca-p-pao-s-gluten-emb-1kg","title":{"rendered":"Doves Farm Farinha Branca p\/ P\u00e3o s\/ Gl\u00faten Emb.:1Kg"},"content":{"rendered":"<p><strong>Doves Farm Farinha Branca p\/ P\u00e3o s\/ Gl\u00faten\u00a0 \u00a0 Emb.:1Kg<\/strong><\/p>\n<p><img decoding=\"async\" class=\"alignnone  wp-image-13167\" src=\"https:\/\/bricer.pt\/wp-content\/uploads\/2020\/04\/BRICER_SELOS_GLUTEN_LOW-300x286.png\" alt=\"\" width=\"100\" height=\"95\" \/><\/p>\n<p><strong>Ingrediente:<\/strong> Farinha de mistura (arroz, batata e tapioca), goma xantana.<\/p>\n<p><strong>Alerg\u00e9nica<\/strong>: SEM GL\u00daTEN.<\/p>\n<p><strong>Declara\u00e7\u00e3o Nutricional p\/100g:<\/strong> Energia 1466kJ\/345kcal; L\u00edpidos 0,7g (dos quais saturados 0,2g); Hidratos de Carbono 79,9g (dos quais a\u00e7\u00facares 0,1g); Fibra 1,1g; Prote\u00ednas 4,8g; Sal 0,13g; S\u00f3dio 0,05g.<\/p>\n<p>&nbsp;<\/p>\n","protected":false},"excerpt":{"rendered":"<p>Doves Farm Farinha Branca p\/ P\u00e3o s\/ Gl\u00faten\u00a0 \u00a0 Emb.:1Kg Ingrediente: Farinha de mistura (arroz, batata e tapioca), goma xantana. Alerg\u00e9nica: SEM GL\u00daTEN. Declara\u00e7\u00e3o Nutricional p\/100g: Energia 1466kJ\/345kcal; L\u00edpidos 0,7g (dos quais saturados 0,2g); Hidratos de Carbono 79,9g (dos quais a\u00e7\u00facares 0,1g); Fibra 1,1g; Prote\u00ednas 4,8g; Sal 0,13g; S\u00f3dio 0,05g. &nbsp;<\/p>\n","protected":false},"featured_media":438,"template":"","meta":[],"product_brand":[],"product_cat":[69,123],"product_tag":[],"class_list":{"0":"post-437","1":"product","2":"type-product","3":"status-publish","4":"has-post-thumbnail","6":"product_cat-alimentacao-saudavel","7":"product_cat-produtos-s-gluten","8":"pa_marcas-doves-farm","9":"pa_pais-reino-unido","10":"pa_sem-gluten-sem-gluten","12":"first","13":"instock","14":"taxable","15":"shipping-taxable","16":"product-type-simple"},"_links":{"self":[{"href":"https:\/\/bricer.pt\/index.php?rest_route=\/wp\/v2\/product\/437","targetHints":{"allow":["GET"]}}],"collection":[{"href":"https:\/\/bricer.pt\/index.php?rest_route=\/wp\/v2\/product"}],"about":[{"href":"https:\/\/bricer.pt\/index.php?rest_route=\/wp\/v2\/types\/product"}],"wp:featuredmedia":[{"embeddable":true,"href":"https:\/\/bricer.pt\/index.php?rest_route=\/wp\/v2\/media\/438"}],"wp:attachment":[{"href":"https:\/\/bricer.pt\/index.php?rest_route=%2Fwp%2Fv2%2Fmedia&parent=437"}],"wp:term":[{"taxonomy":"product_brand","embeddable":true,"href":"https:\/\/bricer.pt\/index.php?rest_route=%2Fwp%2Fv2%2Fproduct_brand&post=437"},{"taxonomy":"product_cat","embeddable":true,"href":"https:\/\/bricer.pt\/index.php?rest_route=%2Fwp%2Fv2%2Fproduct_cat&post=437"},{"taxonomy":"product_tag","embeddable":true,"href":"https:\/\/bricer.pt\/index.php?rest_route=%2Fwp%2Fv2%2Fproduct_tag&post=437"}],"curies":[{"name":"wp","href":"https:\/\/api.w.org\/{rel}","templated":true}]}}