{"id":430,"date":"2023-03-06T11:04:12","date_gmt":"2023-03-06T11:04:12","guid":{"rendered":"https:\/\/bricer.pt\/produto\/doves-farm-farinha-branca-autolevedante-s-gluten-emb-1kg\/"},"modified":"2025-11-20T11:31:36","modified_gmt":"2025-11-20T11:31:36","slug":"doves-farm-farinha-branca-autolevedante-s-gluten-emb-1kg","status":"publish","type":"product","link":"https:\/\/bricer.pt\/?product=doves-farm-farinha-branca-autolevedante-s-gluten-emb-1kg","title":{"rendered":"Doves Farm Farinha Branca Autolevedante s\/ Gl\u00faten Emb.:1Kg"},"content":{"rendered":"<p><strong>Doves Farm Farinha Branca Autolevedante s\/ Gl\u00faten Emb.:1Kg<\/strong><\/p>\n<p><img decoding=\"async\" class=\"alignnone wp-image-13167\" src=\"https:\/\/bricer.pt\/wp-content\/uploads\/2020\/04\/BRICER_SELOS_GLUTEN_LOW-300x286.png\" alt=\"\" width=\"100\" height=\"95\" \/><img decoding=\"async\" class=\"alignnone wp-image-13166\" src=\"https:\/\/bricer.pt\/wp-content\/uploads\/2020\/04\/BRICER_SELOS_VEGANO_LOW-300x286.png\" alt=\"\" width=\"100\" height=\"95\" \/><\/p>\n<p><strong>Ingredientes<\/strong>: Mistura de farinha (arroz, batata, mandioca, milho e trigo mourisco), leveduras (c\u00e1lcio Mono Fosfato, bicarbonato de s\u00f3dio), goma de xantana.<\/p>\n<p><strong>Alerg\u00e9nios:<\/strong> sem nozes, leite, case\u00edna, ovos, gl\u00faten, soja.<\/p>\n<p><strong>Declara\u00e7\u00e3o nutricional (m\u00e9dia) por 100 g:<\/strong> Energia 1459 kJ \/ 344 kcal; L\u00edpidos 1,0 g (dos quais saturados 0,3 g); Hidratos de carbono 78,1 g (dos quais a\u00e7\u00facares 0,1 g); Fibra 1,4 g; Prote\u00ednas 5,5 g; Sal &lt; 0,75 g.<\/p>\n<p><strong>Informa\u00e7\u00f5es:<\/strong> Esta farinha sem gl\u00faten e sem trigo \u00e9 uma mistura<br \/>\nmo\u00edda a partir de arroz , batata, tapioca, milho e trigo<br \/>\nmourisco. \u00c9 perfeito para qualquer um numa dieta<br \/>\nsem gl\u00faten e pode ser substituir a farinha de trigo<br \/>\ndo dia a dia,, embora ela necessite um pouco de<br \/>\nl\u00edquido extra na maioria das receitas.<\/p>\n","protected":false},"excerpt":{"rendered":"<p>Doves Farm Farinha Branca Autolevedante s\/ Gl\u00faten Emb.:1Kg Ingredientes: Mistura de farinha (arroz, batata, mandioca, milho e trigo mourisco), leveduras (c\u00e1lcio Mono Fosfato, bicarbonato de s\u00f3dio), goma de xantana. Alerg\u00e9nios: sem nozes, leite, case\u00edna, ovos, gl\u00faten, soja. Declara\u00e7\u00e3o nutricional (m\u00e9dia) por 100 g: Energia 1459 kJ \/ 344 kcal; L\u00edpidos 1,0 g (dos quais saturados [&hellip;]<\/p>\n","protected":false},"featured_media":431,"template":"","meta":[],"product_brand":[],"product_cat":[69,370],"product_tag":[],"class_list":{"0":"post-430","1":"product","2":"type-product","3":"status-publish","4":"has-post-thumbnail","6":"product_cat-alimentacao-saudavel","7":"product_cat-produtos-biologicos","8":"pa_marcas-doves-farm","9":"pa_pais-reino-unido","10":"pa_sem-gluten-sem-gluten","12":"first","13":"instock","14":"taxable","15":"shipping-taxable","16":"product-type-simple"},"_links":{"self":[{"href":"https:\/\/bricer.pt\/index.php?rest_route=\/wp\/v2\/product\/430","targetHints":{"allow":["GET"]}}],"collection":[{"href":"https:\/\/bricer.pt\/index.php?rest_route=\/wp\/v2\/product"}],"about":[{"href":"https:\/\/bricer.pt\/index.php?rest_route=\/wp\/v2\/types\/product"}],"wp:featuredmedia":[{"embeddable":true,"href":"https:\/\/bricer.pt\/index.php?rest_route=\/wp\/v2\/media\/431"}],"wp:attachment":[{"href":"https:\/\/bricer.pt\/index.php?rest_route=%2Fwp%2Fv2%2Fmedia&parent=430"}],"wp:term":[{"taxonomy":"product_brand","embeddable":true,"href":"https:\/\/bricer.pt\/index.php?rest_route=%2Fwp%2Fv2%2Fproduct_brand&post=430"},{"taxonomy":"product_cat","embeddable":true,"href":"https:\/\/bricer.pt\/index.php?rest_route=%2Fwp%2Fv2%2Fproduct_cat&post=430"},{"taxonomy":"product_tag","embeddable":true,"href":"https:\/\/bricer.pt\/index.php?rest_route=%2Fwp%2Fv2%2Fproduct_tag&post=430"}],"curies":[{"name":"wp","href":"https:\/\/api.w.org\/{rel}","templated":true}]}}