{"id":427,"date":"2023-03-06T11:04:12","date_gmt":"2023-03-06T11:04:12","guid":{"rendered":"https:\/\/bricer.pt\/produto\/doves-farm-bolachas-de-gengibre-bio-s-gluten-emb-150g\/"},"modified":"2025-11-20T11:38:29","modified_gmt":"2025-11-20T11:38:29","slug":"doves-farm-bolachas-de-gengibre-bio-s-gluten-emb-150g","status":"publish","type":"product","link":"https:\/\/bricer.pt\/?product=doves-farm-bolachas-de-gengibre-bio-s-gluten-emb-150g","title":{"rendered":"Doves Farm Bolachas de Gengibre Bio s\/ Gl\u00faten Emb.:150g"},"content":{"rendered":"<p><strong>Doves Farm Bolachas de Gengibre Bio s\/ Gl\u00faten Emb.:150g<\/strong><\/p>\n<p><img decoding=\"async\" class=\"alignnone  wp-image-13165\" src=\"https:\/\/bricer.pt\/wp-content\/uploads\/2020\/04\/BRICER_SELOS_BIO_LOW-300x286.png\" alt=\"\" width=\"74\" height=\"71\" \/><img decoding=\"async\" class=\"alignnone  wp-image-13167\" src=\"https:\/\/bricer.pt\/wp-content\/uploads\/2020\/04\/BRICER_SELOS_GLUTEN_LOW-300x286.png\" alt=\"\" width=\"74\" height=\"71\" \/><img decoding=\"async\" class=\"alignnone  wp-image-13168\" src=\"https:\/\/bricer.pt\/wp-content\/uploads\/2020\/04\/BRICER_SELOS_LACTOSE_LOW-300x286.png\" alt=\"\" width=\"74\" height=\"71\" \/><img loading=\"lazy\" decoding=\"async\" class=\"alignnone  wp-image-13166\" src=\"https:\/\/bricer.pt\/wp-content\/uploads\/2020\/04\/BRICER_SELOS_VEGANO_LOW-300x286.png\" alt=\"\" width=\"74\" height=\"71\" \/><\/p>\n<p><strong>Ingredientes:<\/strong> farinha de arroz integral*, a\u00e7\u00facar*, \u00f3leo de palma*, farinha de milho*, pasta de gengibre 8% (caule de gengibre*, xarope de a\u00e7\u00facar*), amido de batata*, gengibre em p\u00f3* 1%, levedante (bicarbonato de s\u00f3dio). *Indica ingredientes de cultivo biol\u00f3gico.<\/p>\n<p><strong>Alerg\u00e9nicos<\/strong>: Sem gl\u00faten, leite, amendoins e ovos.<\/p>\n<p><strong>Declara\u00e7\u00e3o Nutricional p\/100g:<\/strong> Energia 1926kJ\/458kcal; L\u00edpidos 16,3g (dos<br \/>\nquais saturados 7,3g); Hidratos de Carbono 73,0g (dos quais a\u00e7\u00facares 30,1g);<br \/>\nFibra 2,1g; Prote\u00ednas 3,9g; Sal 0,45g.<\/p>\n","protected":false},"excerpt":{"rendered":"<p>Doves Farm Bolachas de Gengibre Bio s\/ Gl\u00faten Emb.:150g Ingredientes: farinha de arroz integral*, a\u00e7\u00facar*, \u00f3leo de palma*, farinha de milho*, pasta de gengibre 8% (caule de gengibre*, xarope de a\u00e7\u00facar*), amido de batata*, gengibre em p\u00f3* 1%, levedante (bicarbonato de s\u00f3dio). *Indica ingredientes de cultivo biol\u00f3gico. Alerg\u00e9nicos: Sem gl\u00faten, leite, amendoins e ovos. Declara\u00e7\u00e3o [&hellip;]<\/p>\n","protected":false},"featured_media":428,"template":"","meta":[],"product_brand":[],"product_cat":[69,370],"product_tag":[],"class_list":{"0":"post-427","1":"product","2":"type-product","3":"status-publish","4":"has-post-thumbnail","6":"product_cat-alimentacao-saudavel","7":"product_cat-produtos-biologicos","8":"pa_biologica-biologica","9":"pa_marcas-doves-farm","10":"pa_pais-reino-unido","11":"pa_sem-gluten-sem-gluten","13":"first","14":"instock","15":"taxable","16":"shipping-taxable","17":"product-type-simple"},"_links":{"self":[{"href":"https:\/\/bricer.pt\/index.php?rest_route=\/wp\/v2\/product\/427","targetHints":{"allow":["GET"]}}],"collection":[{"href":"https:\/\/bricer.pt\/index.php?rest_route=\/wp\/v2\/product"}],"about":[{"href":"https:\/\/bricer.pt\/index.php?rest_route=\/wp\/v2\/types\/product"}],"wp:featuredmedia":[{"embeddable":true,"href":"https:\/\/bricer.pt\/index.php?rest_route=\/wp\/v2\/media\/428"}],"wp:attachment":[{"href":"https:\/\/bricer.pt\/index.php?rest_route=%2Fwp%2Fv2%2Fmedia&parent=427"}],"wp:term":[{"taxonomy":"product_brand","embeddable":true,"href":"https:\/\/bricer.pt\/index.php?rest_route=%2Fwp%2Fv2%2Fproduct_brand&post=427"},{"taxonomy":"product_cat","embeddable":true,"href":"https:\/\/bricer.pt\/index.php?rest_route=%2Fwp%2Fv2%2Fproduct_cat&post=427"},{"taxonomy":"product_tag","embeddable":true,"href":"https:\/\/bricer.pt\/index.php?rest_route=%2Fwp%2Fv2%2Fproduct_tag&post=427"}],"curies":[{"name":"wp","href":"https:\/\/api.w.org\/{rel}","templated":true}]}}