{"id":425,"date":"2023-03-06T11:04:12","date_gmt":"2023-03-06T11:04:12","guid":{"rendered":"https:\/\/bricer.pt\/produto\/doves-farm-bicarbonato-de-sodio-s-gluten-emb-200g\/"},"modified":"2023-07-23T10:50:35","modified_gmt":"2023-07-23T10:50:35","slug":"doves-farm-bicarbonato-de-sodio-s-gluten-emb-200g","status":"publish","type":"product","link":"https:\/\/bricer.pt\/?product=doves-farm-bicarbonato-de-sodio-s-gluten-emb-200g","title":{"rendered":"Doves Farm Bicarbonato de S\u00f3dio s\/ Gl\u00faten Emb. 200g"},"content":{"rendered":"<p><strong>Doves Farm Bicarbonato de S\u00f3dio s\/ Gl\u00faten\u00a0 \u00a0 Emb. 200g<\/strong><\/p>\n<p><img decoding=\"async\" class=\"alignnone  wp-image-13167\" src=\"https:\/\/bricer.pt\/wp-content\/uploads\/2020\/04\/BRICER_SELOS_GLUTEN_LOW-300x286.png\" alt=\"\" width=\"100\" height=\"95\" \/><\/p>\n<p><strong>Ingredientes<\/strong>: 100% bicarbonato de s\u00f3dio.<\/p>\n<p><strong>Alerg\u00e9nicos<\/strong>: Isento de gl\u00faten<\/p>\n","protected":false},"excerpt":{"rendered":"<p>Doves Farm Bicarbonato de S\u00f3dio s\/ Gl\u00faten\u00a0 \u00a0 Emb. 200g Ingredientes: 100% bicarbonato de s\u00f3dio. Alerg\u00e9nicos: Isento de gl\u00faten<\/p>\n","protected":false},"featured_media":426,"template":"","meta":[],"product_brand":[],"product_cat":[69,123],"product_tag":[],"class_list":{"0":"post-425","1":"product","2":"type-product","3":"status-publish","4":"has-post-thumbnail","6":"product_cat-alimentacao-saudavel","7":"product_cat-produtos-s-gluten","8":"pa_marcas-doves-farm","9":"pa_pais-reino-unido","10":"pa_sem-gluten-sem-gluten","12":"first","13":"instock","14":"taxable","15":"shipping-taxable","16":"product-type-simple"},"_links":{"self":[{"href":"https:\/\/bricer.pt\/index.php?rest_route=\/wp\/v2\/product\/425","targetHints":{"allow":["GET"]}}],"collection":[{"href":"https:\/\/bricer.pt\/index.php?rest_route=\/wp\/v2\/product"}],"about":[{"href":"https:\/\/bricer.pt\/index.php?rest_route=\/wp\/v2\/types\/product"}],"wp:featuredmedia":[{"embeddable":true,"href":"https:\/\/bricer.pt\/index.php?rest_route=\/wp\/v2\/media\/426"}],"wp:attachment":[{"href":"https:\/\/bricer.pt\/index.php?rest_route=%2Fwp%2Fv2%2Fmedia&parent=425"}],"wp:term":[{"taxonomy":"product_brand","embeddable":true,"href":"https:\/\/bricer.pt\/index.php?rest_route=%2Fwp%2Fv2%2Fproduct_brand&post=425"},{"taxonomy":"product_cat","embeddable":true,"href":"https:\/\/bricer.pt\/index.php?rest_route=%2Fwp%2Fv2%2Fproduct_cat&post=425"},{"taxonomy":"product_tag","embeddable":true,"href":"https:\/\/bricer.pt\/index.php?rest_route=%2Fwp%2Fv2%2Fproduct_tag&post=425"}],"curies":[{"name":"wp","href":"https:\/\/api.w.org\/{rel}","templated":true}]}}