{"id":42,"date":"2023-03-06T11:01:10","date_gmt":"2023-03-06T11:01:10","guid":{"rendered":"https:\/\/bricer.pt\/produto\/al-amier-pasta-de-amendoim-e-paprica-frasco-140g\/"},"modified":"2025-09-10T14:07:54","modified_gmt":"2025-09-10T14:07:54","slug":"al-amier-pasta-de-amendoim-e-paprica-frasco-140g","status":"publish","type":"product","link":"https:\/\/bricer.pt\/?product=al-amier-pasta-de-amendoim-e-paprica-frasco-140g","title":{"rendered":"Al Amier Pasta de Amendoim e Paprica Frasco 140g"},"content":{"rendered":"<p><strong>Al Amier Pasta de Amendoim e Paprica<\/strong> Frasco 140g.<\/p>\n<p>&nbsp;<\/p>\n<p><strong>Ingredientes<\/strong>: paprica (42%), AMENDOINS tostados (23%), \u00e1gua, pasta de tomates, cebola seca, pimenta rocoto, sal, \u00f3leo de SOJA, \u00f3leo de girassol, especiarias, regulador de acidez: acetato de s\u00f3dio; acidificante: \u00e1cido ac\u00e9tico; conservantes: benzoato de s\u00f3dio, sorbato de pot\u00e1ssio.<\/p>\n<p><strong>Alerg\u00e9nios<\/strong>: ver MAI\u00daSCULAS.<\/p>\n<p><strong>Declara\u00e7\u00e3o Nutricional p\/100g:<\/strong> Energia 737kJ\/176kcal; L\u00edpidos 13g (dos quais saturados 2,4g); Hidratos de Carbono 7,1g (dos quais a\u00e7\u00facares 5,0g); Fibra 2,9g; Prote\u00ednas 6,9g; Sal 5,7g.<\/p>\n","protected":false},"excerpt":{"rendered":"<p>Al Amier Pasta de Amendoim e Paprica Frasco 140g. &nbsp; Ingredientes: paprica (42%), AMENDOINS tostados (23%), \u00e1gua, pasta de tomates, cebola seca, pimenta rocoto, sal, \u00f3leo de SOJA, \u00f3leo de girassol, especiarias, regulador de acidez: acetato de s\u00f3dio; acidificante: \u00e1cido ac\u00e9tico; conservantes: benzoato de s\u00f3dio, sorbato de pot\u00e1ssio. Alerg\u00e9nios: ver MAI\u00daSCULAS. Declara\u00e7\u00e3o Nutricional p\/100g: Energia [&hellip;]<\/p>\n","protected":false},"featured_media":43,"template":"","meta":[],"product_brand":[],"product_cat":[25,26,24],"product_tag":[],"class_list":{"0":"post-42","1":"product","2":"type-product","3":"status-publish","4":"has-post-thumbnail","6":"product_cat-mercearia-arabe","7":"product_cat-pastas","8":"product_cat-sabores-do-mundo","9":"pa_marcas-al-amier","11":"first","12":"instock","13":"taxable","14":"shipping-taxable","15":"product-type-simple"},"_links":{"self":[{"href":"https:\/\/bricer.pt\/index.php?rest_route=\/wp\/v2\/product\/42","targetHints":{"allow":["GET"]}}],"collection":[{"href":"https:\/\/bricer.pt\/index.php?rest_route=\/wp\/v2\/product"}],"about":[{"href":"https:\/\/bricer.pt\/index.php?rest_route=\/wp\/v2\/types\/product"}],"wp:featuredmedia":[{"embeddable":true,"href":"https:\/\/bricer.pt\/index.php?rest_route=\/wp\/v2\/media\/43"}],"wp:attachment":[{"href":"https:\/\/bricer.pt\/index.php?rest_route=%2Fwp%2Fv2%2Fmedia&parent=42"}],"wp:term":[{"taxonomy":"product_brand","embeddable":true,"href":"https:\/\/bricer.pt\/index.php?rest_route=%2Fwp%2Fv2%2Fproduct_brand&post=42"},{"taxonomy":"product_cat","embeddable":true,"href":"https:\/\/bricer.pt\/index.php?rest_route=%2Fwp%2Fv2%2Fproduct_cat&post=42"},{"taxonomy":"product_tag","embeddable":true,"href":"https:\/\/bricer.pt\/index.php?rest_route=%2Fwp%2Fv2%2Fproduct_tag&post=42"}],"curies":[{"name":"wp","href":"https:\/\/api.w.org\/{rel}","templated":true}]}}