{"id":414,"date":"2023-03-06T11:04:12","date_gmt":"2023-03-06T11:04:12","guid":{"rendered":"https:\/\/bricer.pt\/produto\/didden-molho-bearnaise-frasco-250ml\/"},"modified":"2025-10-14T08:39:18","modified_gmt":"2025-10-14T08:39:18","slug":"didden-molho-bearnaise-frasco-250ml","status":"publish","type":"product","link":"https:\/\/bricer.pt\/?product=didden-molho-bearnaise-frasco-250ml","title":{"rendered":"Didden Molho &#8220;B\u00e9arnaise&#8221; Frasco 250ml"},"content":{"rendered":"<p><strong>Didden Molho &#8220;B\u00e9arnaise&#8221; Frasco 250ml.<\/strong><\/p>\n<p>&nbsp;<\/p>\n<p><strong>Ingredientes<\/strong>: \u00d3leo de colza, \u00e1gua, gema de OVO, vinagre de estrag\u00e3o, a\u00e7\u00facar, MOSTARDA (\u00e1gua, gr\u00e3os de MOSTARDA, vinagre, sal, a\u00e7\u00facar, curcuma), amido de milho modificado, sal, regulador de acidez: lactato de s\u00f3dio; estrag\u00e3o (5%), corante: beta-caroteno; antioxidante: \u00e1cido c\u00edtrico; aroma natural de estrag\u00e3o.<\/p>\n<p><strong> Alerg\u00e9nios<\/strong>: ver MAI\u00daSCULAS.<\/p>\n<p><strong>Declara\u00e7\u00e3o Nutricional p\/100ml:<\/strong> Energia 2413kJ\/586kcal; L\u00edpidos 62g (dos quais saturados 4,9g); Hidratos de Carbono 5,0g (dos quais a\u00e7\u00facares 3,3g); Prote\u00ednas 1,1g; Sal 1,3g.<\/p>\n<p>&nbsp;<\/p>\n","protected":false},"excerpt":{"rendered":"<p>Didden Molho &#8220;B\u00e9arnaise&#8221; Frasco 250ml. &nbsp; Ingredientes: \u00d3leo de colza, \u00e1gua, gema de OVO, vinagre de estrag\u00e3o, a\u00e7\u00facar, MOSTARDA (\u00e1gua, gr\u00e3os de MOSTARDA, vinagre, sal, a\u00e7\u00facar, curcuma), amido de milho modificado, sal, regulador de acidez: lactato de s\u00f3dio; estrag\u00e3o (5%), corante: beta-caroteno; antioxidante: \u00e1cido c\u00edtrico; aroma natural de estrag\u00e3o. Alerg\u00e9nios: ver MAI\u00daSCULAS. Declara\u00e7\u00e3o Nutricional p\/100ml: [&hellip;]<\/p>\n","protected":false},"featured_media":415,"template":"","meta":[],"product_brand":[],"product_cat":[119,120,89],"product_tag":[],"class_list":{"0":"post-414","1":"product","2":"type-product","3":"status-publish","4":"has-post-thumbnail","6":"product_cat-mercearia-belgamercearia-salgada","7":"product_cat-molhos-mercearia-belgamercearia-salgada","8":"product_cat-sabores-da-europa","9":"pa_marcas-didden","10":"pa_pais-belgica","12":"first","13":"instock","14":"taxable","15":"shipping-taxable","16":"product-type-simple"},"_links":{"self":[{"href":"https:\/\/bricer.pt\/index.php?rest_route=\/wp\/v2\/product\/414","targetHints":{"allow":["GET"]}}],"collection":[{"href":"https:\/\/bricer.pt\/index.php?rest_route=\/wp\/v2\/product"}],"about":[{"href":"https:\/\/bricer.pt\/index.php?rest_route=\/wp\/v2\/types\/product"}],"wp:featuredmedia":[{"embeddable":true,"href":"https:\/\/bricer.pt\/index.php?rest_route=\/wp\/v2\/media\/415"}],"wp:attachment":[{"href":"https:\/\/bricer.pt\/index.php?rest_route=%2Fwp%2Fv2%2Fmedia&parent=414"}],"wp:term":[{"taxonomy":"product_brand","embeddable":true,"href":"https:\/\/bricer.pt\/index.php?rest_route=%2Fwp%2Fv2%2Fproduct_brand&post=414"},{"taxonomy":"product_cat","embeddable":true,"href":"https:\/\/bricer.pt\/index.php?rest_route=%2Fwp%2Fv2%2Fproduct_cat&post=414"},{"taxonomy":"product_tag","embeddable":true,"href":"https:\/\/bricer.pt\/index.php?rest_route=%2Fwp%2Fv2%2Fproduct_tag&post=414"}],"curies":[{"name":"wp","href":"https:\/\/api.w.org\/{rel}","templated":true}]}}