{"id":409,"date":"2023-03-06T11:04:06","date_gmt":"2023-03-06T11:04:06","guid":{"rendered":"https:\/\/bricer.pt\/produto\/didden-chutney-de-cebola-frasco-220g\/"},"modified":"2023-04-17T07:57:47","modified_gmt":"2023-04-17T07:57:47","slug":"didden-chutney-de-cebola-frasco-220g","status":"publish","type":"product","link":"https:\/\/bricer.pt\/?product=didden-chutney-de-cebola-frasco-220g","title":{"rendered":"Didden Chutney de Cebola Frasco 220g"},"content":{"rendered":"<p><strong>Didden Chutney de Cebola Frasco 220g.<\/strong><\/p>\n<p>&nbsp;<\/p>\n<p><strong>Ingredientes<\/strong>: Cebolas frescas (47%), a\u00e7\u00facar, \u00e1gua, vinagre, passas, pimenta rosa, espessantes: pectina e alginato de s\u00f3dio;<\/p>\n<p><strong>Alerg\u00e9nios:<\/strong> ver MAI\u00daSCULAS.<\/p>\n<p><strong>Declara\u00e7\u00e3o Nutricional p\/100g<\/strong>: Energia 725kJ\/171kcal; L\u00edpidos &lt;0,5g (dos quais saturados &lt;0,1g); Hidratos de Carbono 41g (dos quais a\u00e7\u00facares 41g); Prote\u00ednas 0,6g; Sal 0,11g.<\/p>\n","protected":false},"excerpt":{"rendered":"<p>Didden Chutney de Cebola Frasco 220g. &nbsp; Ingredientes: Cebolas frescas (47%), a\u00e7\u00facar, \u00e1gua, vinagre, passas, pimenta rosa, espessantes: pectina e alginato de s\u00f3dio; Alerg\u00e9nios: ver MAI\u00daSCULAS. Declara\u00e7\u00e3o Nutricional p\/100g: Energia 725kJ\/171kcal; L\u00edpidos &lt;0,5g (dos quais saturados &lt;0,1g); Hidratos de Carbono 41g (dos quais a\u00e7\u00facares 41g); Prote\u00ednas 0,6g; Sal 0,11g.<\/p>\n","protected":false},"featured_media":410,"template":"","meta":[],"product_brand":[],"product_cat":[118,116,117,36],"product_tag":[],"class_list":{"0":"post-409","1":"product","2":"type-product","3":"status-publish","4":"has-post-thumbnail","6":"product_cat-chutney","7":"product_cat-chutneysabores-da-europa","8":"product_cat-mercearia-belga","9":"product_cat-mercearia-salgada","10":"pa_marcas-didden","11":"pa_pais-belgica","13":"first","14":"instock","15":"taxable","16":"shipping-taxable","17":"product-type-simple"},"_links":{"self":[{"href":"https:\/\/bricer.pt\/index.php?rest_route=\/wp\/v2\/product\/409","targetHints":{"allow":["GET"]}}],"collection":[{"href":"https:\/\/bricer.pt\/index.php?rest_route=\/wp\/v2\/product"}],"about":[{"href":"https:\/\/bricer.pt\/index.php?rest_route=\/wp\/v2\/types\/product"}],"wp:featuredmedia":[{"embeddable":true,"href":"https:\/\/bricer.pt\/index.php?rest_route=\/wp\/v2\/media\/410"}],"wp:attachment":[{"href":"https:\/\/bricer.pt\/index.php?rest_route=%2Fwp%2Fv2%2Fmedia&parent=409"}],"wp:term":[{"taxonomy":"product_brand","embeddable":true,"href":"https:\/\/bricer.pt\/index.php?rest_route=%2Fwp%2Fv2%2Fproduct_brand&post=409"},{"taxonomy":"product_cat","embeddable":true,"href":"https:\/\/bricer.pt\/index.php?rest_route=%2Fwp%2Fv2%2Fproduct_cat&post=409"},{"taxonomy":"product_tag","embeddable":true,"href":"https:\/\/bricer.pt\/index.php?rest_route=%2Fwp%2Fv2%2Fproduct_tag&post=409"}],"curies":[{"name":"wp","href":"https:\/\/api.w.org\/{rel}","templated":true}]}}