{"id":406,"date":"2023-03-06T11:04:06","date_gmt":"2023-03-06T11:04:06","guid":{"rendered":"https:\/\/bricer.pt\/produto\/d-enrico-mexicano-salgadinhos-milho-natural-tortilla-chips-saq-175g\/"},"modified":"2023-04-17T07:57:47","modified_gmt":"2023-04-17T07:57:47","slug":"d-enrico-mexicano-salgadinhos-milho-natural-tortilla-chips-saq-175g","status":"publish","type":"product","link":"https:\/\/bricer.pt\/?product=d-enrico-mexicano-salgadinhos-milho-natural-tortilla-chips-saq-175g","title":{"rendered":"D. Enrico Mexicano Salgadinhos Milho Natural &#8220;Tortilla-Chips&#8221; Saq. 175g"},"content":{"rendered":"<p><strong>D. Enrico Mexicano Salgadinhos Milho Natural &#8220;Tortilla-Chips&#8221;<\/strong> Saq. 175g.<\/p>\n<p>&nbsp;<\/p>\n<p><strong>Ingredientes<\/strong>: Farinha de MILHO (79%), \u00f3leo de palma, sal.<\/p>\n<p><strong>Alerg\u00e9nios<\/strong>: ver MAI\u00daSCULAS.<\/p>\n<p><strong>Declara\u00e7\u00e3o Nutricional p\/100g:<\/strong> Energia 1979kJ\/472kcal; L\u00edpidos 20g (dos quais saturados 9,0g); Hidratos de Carbono 64g (dos quais a\u00e7\u00facares 1,5g); Prote\u00ednas 6,6g; Sal 0,90g.<\/p>\n","protected":false},"excerpt":{"rendered":"<p>D. Enrico Mexicano Salgadinhos Milho Natural &#8220;Tortilla-Chips&#8221; Saq. 175g. &nbsp; Ingredientes: Farinha de MILHO (79%), \u00f3leo de palma, sal. Alerg\u00e9nios: ver MAI\u00daSCULAS. Declara\u00e7\u00e3o Nutricional p\/100g: Energia 1979kJ\/472kcal; L\u00edpidos 20g (dos quais saturados 9,0g); Hidratos de Carbono 64g (dos quais a\u00e7\u00facares 1,5g); Prote\u00ednas 6,6g; Sal 0,90g.<\/p>\n","protected":false},"featured_media":407,"template":"","meta":[],"product_brand":[],"product_cat":[101,36],"product_tag":[],"class_list":{"0":"post-406","1":"product","2":"type-product","3":"status-publish","4":"has-post-thumbnail","6":"product_cat-diversos-mercearia-salgada","7":"product_cat-mercearia-salgada","8":"pa_marcas-don-enrico-mexicano","9":"pa_pais-mexico","11":"first","12":"instock","13":"taxable","14":"shipping-taxable","15":"product-type-simple"},"_links":{"self":[{"href":"https:\/\/bricer.pt\/index.php?rest_route=\/wp\/v2\/product\/406","targetHints":{"allow":["GET"]}}],"collection":[{"href":"https:\/\/bricer.pt\/index.php?rest_route=\/wp\/v2\/product"}],"about":[{"href":"https:\/\/bricer.pt\/index.php?rest_route=\/wp\/v2\/types\/product"}],"wp:featuredmedia":[{"embeddable":true,"href":"https:\/\/bricer.pt\/index.php?rest_route=\/wp\/v2\/media\/407"}],"wp:attachment":[{"href":"https:\/\/bricer.pt\/index.php?rest_route=%2Fwp%2Fv2%2Fmedia&parent=406"}],"wp:term":[{"taxonomy":"product_brand","embeddable":true,"href":"https:\/\/bricer.pt\/index.php?rest_route=%2Fwp%2Fv2%2Fproduct_brand&post=406"},{"taxonomy":"product_cat","embeddable":true,"href":"https:\/\/bricer.pt\/index.php?rest_route=%2Fwp%2Fv2%2Fproduct_cat&post=406"},{"taxonomy":"product_tag","embeddable":true,"href":"https:\/\/bricer.pt\/index.php?rest_route=%2Fwp%2Fv2%2Fproduct_tag&post=406"}],"curies":[{"name":"wp","href":"https:\/\/api.w.org\/{rel}","templated":true}]}}