{"id":404,"date":"2023-03-06T11:04:06","date_gmt":"2023-03-06T11:04:06","guid":{"rendered":"https:\/\/bricer.pt\/produto\/d-enrico-mexicano-pasta-jalapeno-frutado-suave-frasco-100g\/"},"modified":"2023-04-17T07:57:47","modified_gmt":"2023-04-17T07:57:47","slug":"d-enrico-mexicano-pasta-jalapeno-frutado-suave-frasco-100g","status":"publish","type":"product","link":"https:\/\/bricer.pt\/?product=d-enrico-mexicano-pasta-jalapeno-frutado-suave-frasco-100g","title":{"rendered":"D. Enrico Mexicano Pasta &#8220;Jalape\u00f1o&#8221; Frutado Suave Frasco 100g"},"content":{"rendered":"<p><strong>D. Enrico Mexicano Pasta &#8220;Jalape\u00f1o&#8221; Frutado Suave<\/strong> Frasco 100g.<\/p>\n<p>&nbsp;<\/p>\n<p><strong>Ingredientes<\/strong>: Pimentas &#8220;Jalape\u00f1o&#8221; (99%), sal, acidificante: \u00e1cido c\u00edtrico.<\/p>\n<p><strong>Alerg\u00e9nios:<\/strong> ver MAI\u00daSCULAS.<\/p>\n<p><strong>Declara\u00e7\u00e3o Nutricional p\/100g:<\/strong> Energia 46kJ\/11kcal; L\u00edpidos 0,8g (dos quais saturados 0,1g); Hidratos de Carbono 0,8g (dos quais a\u00e7\u00facares 0g); Prote\u00ednas 0,1g; Sal 8,1g.<\/p>\n","protected":false},"excerpt":{"rendered":"<p>D. Enrico Mexicano Pasta &#8220;Jalape\u00f1o&#8221; Frutado Suave Frasco 100g. &nbsp; Ingredientes: Pimentas &#8220;Jalape\u00f1o&#8221; (99%), sal, acidificante: \u00e1cido c\u00edtrico. Alerg\u00e9nios: ver MAI\u00daSCULAS. Declara\u00e7\u00e3o Nutricional p\/100g: Energia 46kJ\/11kcal; L\u00edpidos 0,8g (dos quais saturados 0,1g); Hidratos de Carbono 0,8g (dos quais a\u00e7\u00facares 0g); Prote\u00ednas 0,1g; Sal 8,1g.<\/p>\n","protected":false},"featured_media":405,"template":"","meta":[],"product_brand":[],"product_cat":[36,114],"product_tag":[],"class_list":{"0":"post-404","1":"product","2":"type-product","3":"status-publish","4":"has-post-thumbnail","6":"product_cat-mercearia-salgada","7":"product_cat-pastas-mercearia-salgada","8":"pa_marcas-don-enrico-mexicano","9":"pa_pais-mexico","11":"first","12":"instock","13":"taxable","14":"shipping-taxable","15":"product-type-simple"},"_links":{"self":[{"href":"https:\/\/bricer.pt\/index.php?rest_route=\/wp\/v2\/product\/404","targetHints":{"allow":["GET"]}}],"collection":[{"href":"https:\/\/bricer.pt\/index.php?rest_route=\/wp\/v2\/product"}],"about":[{"href":"https:\/\/bricer.pt\/index.php?rest_route=\/wp\/v2\/types\/product"}],"wp:featuredmedia":[{"embeddable":true,"href":"https:\/\/bricer.pt\/index.php?rest_route=\/wp\/v2\/media\/405"}],"wp:attachment":[{"href":"https:\/\/bricer.pt\/index.php?rest_route=%2Fwp%2Fv2%2Fmedia&parent=404"}],"wp:term":[{"taxonomy":"product_brand","embeddable":true,"href":"https:\/\/bricer.pt\/index.php?rest_route=%2Fwp%2Fv2%2Fproduct_brand&post=404"},{"taxonomy":"product_cat","embeddable":true,"href":"https:\/\/bricer.pt\/index.php?rest_route=%2Fwp%2Fv2%2Fproduct_cat&post=404"},{"taxonomy":"product_tag","embeddable":true,"href":"https:\/\/bricer.pt\/index.php?rest_route=%2Fwp%2Fv2%2Fproduct_tag&post=404"}],"curies":[{"name":"wp","href":"https:\/\/api.w.org\/{rel}","templated":true}]}}