{"id":40,"date":"2023-03-06T11:01:10","date_gmt":"2023-03-06T11:01:10","guid":{"rendered":"https:\/\/bricer.pt\/produto\/al-amier-pasta-ras-el-hanout-frasco-125g\/"},"modified":"2023-04-17T07:57:01","modified_gmt":"2023-04-17T07:57:01","slug":"al-amier-pasta-ras-el-hanout-frasco-125g","status":"publish","type":"product","link":"https:\/\/bricer.pt\/?product=al-amier-pasta-ras-el-hanout-frasco-125g","title":{"rendered":"Al Amier Pasta &#8220;Ras el Hanout&#8221; Frasco 125g"},"content":{"rendered":"<p><strong>Al Amier Pasta &#8220;Ras el Hanout&#8221;<\/strong> Frasco 125g.<\/p>\n<p>&nbsp;<\/p>\n<p><strong>Ingredientes<\/strong>: \u00e1gua, \u00f3leo de girassol, cebola, 8% alho, 8% gr\u00e3o-de-bico de gordura de palma, especiarias (coentro, cominho, curcuma, gengibre, pimenta, erva-doce, nigella, noz-moscada, c\u00fabeba, agnus-castus, cardamomo, canela, folha de louro, cravinho), sal de mesa, sumo de lim\u00e3o, agente espessante: goma de guar, goma de alfarroba, goma xantana, acidificante: \u00e1cido c\u00edtrico, aromatizantes.<\/p>\n<p><strong>Alerg\u00e9nios<\/strong>: ver MAI\u00daSCULAS.<\/p>\n<p><strong>Declara\u00e7\u00e3o Nutricional p\/100g:<\/strong> Energia 1185kJ\/283kcal; L\u00edpidos 25g (dos quais saturados 5,7g); Hidratos de Carbono 10g (dos quais a\u00e7\u00facares 5,6g); Prote\u00ednas 2,9g; Sal 1,0g.<\/p>\n","protected":false},"excerpt":{"rendered":"<p>Al Amier Pasta &#8220;Ras el Hanout&#8221; Frasco 125g. &nbsp; Ingredientes: \u00e1gua, \u00f3leo de girassol, cebola, 8% alho, 8% gr\u00e3o-de-bico de gordura de palma, especiarias (coentro, cominho, curcuma, gengibre, pimenta, erva-doce, nigella, noz-moscada, c\u00fabeba, agnus-castus, cardamomo, canela, folha de louro, cravinho), sal de mesa, sumo de lim\u00e3o, agente espessante: goma de guar, goma de alfarroba, goma [&hellip;]<\/p>\n","protected":false},"featured_media":41,"template":"","meta":[],"product_brand":[],"product_cat":[25,26,24],"product_tag":[],"class_list":{"0":"post-40","1":"product","2":"type-product","3":"status-publish","4":"has-post-thumbnail","6":"product_cat-mercearia-arabe","7":"product_cat-pastas","8":"product_cat-sabores-do-mundo","9":"pa_marcas-al-amier","11":"first","12":"instock","13":"taxable","14":"shipping-taxable","15":"product-type-simple"},"_links":{"self":[{"href":"https:\/\/bricer.pt\/index.php?rest_route=\/wp\/v2\/product\/40","targetHints":{"allow":["GET"]}}],"collection":[{"href":"https:\/\/bricer.pt\/index.php?rest_route=\/wp\/v2\/product"}],"about":[{"href":"https:\/\/bricer.pt\/index.php?rest_route=\/wp\/v2\/types\/product"}],"wp:featuredmedia":[{"embeddable":true,"href":"https:\/\/bricer.pt\/index.php?rest_route=\/wp\/v2\/media\/41"}],"wp:attachment":[{"href":"https:\/\/bricer.pt\/index.php?rest_route=%2Fwp%2Fv2%2Fmedia&parent=40"}],"wp:term":[{"taxonomy":"product_brand","embeddable":true,"href":"https:\/\/bricer.pt\/index.php?rest_route=%2Fwp%2Fv2%2Fproduct_brand&post=40"},{"taxonomy":"product_cat","embeddable":true,"href":"https:\/\/bricer.pt\/index.php?rest_route=%2Fwp%2Fv2%2Fproduct_cat&post=40"},{"taxonomy":"product_tag","embeddable":true,"href":"https:\/\/bricer.pt\/index.php?rest_route=%2Fwp%2Fv2%2Fproduct_tag&post=40"}],"curies":[{"name":"wp","href":"https:\/\/api.w.org\/{rel}","templated":true}]}}