{"id":394,"date":"2023-03-06T11:04:06","date_gmt":"2023-03-06T11:04:06","guid":{"rendered":"https:\/\/bricer.pt\/produto\/d-enrico-mexicano-molho-enchilada-picante-frasco-200ml\/"},"modified":"2023-04-17T07:57:46","modified_gmt":"2023-04-17T07:57:46","slug":"d-enrico-mexicano-molho-enchilada-picante-frasco-200ml","status":"publish","type":"product","link":"https:\/\/bricer.pt\/?product=d-enrico-mexicano-molho-enchilada-picante-frasco-200ml","title":{"rendered":"D. Enrico Mexicano Molho &#8220;Enchilada&#8221; Picante Frasco 200ml"},"content":{"rendered":"<p><strong>D. Enrico Mexicano Molho &#8220;Enchilada&#8221; Picante<\/strong> Frasco 200ml.<\/p>\n<p>&nbsp;<\/p>\n<p><strong>Ingredientes<\/strong>: \u00c1gua, polpa de tomate, cebola, amido de MILHO modificado, pimenta &#8220;jalape\u00f1o&#8221;, especiarias (cont\u00e9m sementes de MOSTARDA), ervas, vinagre, sal, a\u00e7\u00facar, maltodextrina, acidificante: \u00e1cido c\u00edtrico.<\/p>\n<p><strong>Alerg\u00e9nios<\/strong>: ver MAI\u00daSCULAS.<\/p>\n<p><strong>Declara\u00e7\u00e3o Nutricional p\/100ml<\/strong>: Energia 222kJ\/53kcal; L\u00edpidos 0,2g (dos quais saturados &lt;0,1g); Hidratos de Carbono 9,6g (dos quais a\u00e7\u00facares 6,7g); Prote\u00ednas 2,0g; Sal 1,5g.<\/p>\n","protected":false},"excerpt":{"rendered":"<p>D. Enrico Mexicano Molho &#8220;Enchilada&#8221; Picante Frasco 200ml. &nbsp; Ingredientes: \u00c1gua, polpa de tomate, cebola, amido de MILHO modificado, pimenta &#8220;jalape\u00f1o&#8221;, especiarias (cont\u00e9m sementes de MOSTARDA), ervas, vinagre, sal, a\u00e7\u00facar, maltodextrina, acidificante: \u00e1cido c\u00edtrico. Alerg\u00e9nios: ver MAI\u00daSCULAS. Declara\u00e7\u00e3o Nutricional p\/100ml: Energia 222kJ\/53kcal; L\u00edpidos 0,2g (dos quais saturados &lt;0,1g); Hidratos de Carbono 9,6g (dos quais a\u00e7\u00facares [&hellip;]<\/p>\n","protected":false},"featured_media":395,"template":"","meta":[],"product_brand":[],"product_cat":[36,85],"product_tag":[],"class_list":{"0":"post-394","1":"product","2":"type-product","3":"status-publish","4":"has-post-thumbnail","6":"product_cat-mercearia-salgada","7":"product_cat-molhos-mercearia-salgada","8":"pa_marcas-don-enrico-mexicano","9":"pa_pais-mexico","11":"first","12":"instock","13":"taxable","14":"shipping-taxable","15":"product-type-simple"},"_links":{"self":[{"href":"https:\/\/bricer.pt\/index.php?rest_route=\/wp\/v2\/product\/394","targetHints":{"allow":["GET"]}}],"collection":[{"href":"https:\/\/bricer.pt\/index.php?rest_route=\/wp\/v2\/product"}],"about":[{"href":"https:\/\/bricer.pt\/index.php?rest_route=\/wp\/v2\/types\/product"}],"wp:featuredmedia":[{"embeddable":true,"href":"https:\/\/bricer.pt\/index.php?rest_route=\/wp\/v2\/media\/395"}],"wp:attachment":[{"href":"https:\/\/bricer.pt\/index.php?rest_route=%2Fwp%2Fv2%2Fmedia&parent=394"}],"wp:term":[{"taxonomy":"product_brand","embeddable":true,"href":"https:\/\/bricer.pt\/index.php?rest_route=%2Fwp%2Fv2%2Fproduct_brand&post=394"},{"taxonomy":"product_cat","embeddable":true,"href":"https:\/\/bricer.pt\/index.php?rest_route=%2Fwp%2Fv2%2Fproduct_cat&post=394"},{"taxonomy":"product_tag","embeddable":true,"href":"https:\/\/bricer.pt\/index.php?rest_route=%2Fwp%2Fv2%2Fproduct_tag&post=394"}],"curies":[{"name":"wp","href":"https:\/\/api.w.org\/{rel}","templated":true}]}}