{"id":390,"date":"2023-03-06T11:04:06","date_gmt":"2023-03-06T11:04:06","guid":{"rendered":"https:\/\/bricer.pt\/produto\/d-enrico-mexicano-base-p-tacos-cx-135g\/"},"modified":"2023-04-17T07:57:46","modified_gmt":"2023-04-17T07:57:46","slug":"d-enrico-mexicano-base-p-tacos-cx-135g","status":"publish","type":"product","link":"https:\/\/bricer.pt\/?product=d-enrico-mexicano-base-p-tacos-cx-135g","title":{"rendered":"D. Enrico Mexicano Base p\/ &#8220;Tacos&#8221; Cx.135g"},"content":{"rendered":"<p><strong>D. Enrico Mexicano Base p\/ &#8220;Tacos&#8221;<\/strong> Cx.135g.<\/p>\n<p>&nbsp;<\/p>\n<p><strong>Ingredientes<\/strong>: Farinha de MILHO, \u00f3leo de girassol, \u00e1gua, sal de mesa.<\/p>\n<p><strong>Alerg\u00e9nios<\/strong>: ver MAI\u00daSCULAS.<\/p>\n<p><strong>Declara\u00e7\u00e3o Nutricional p\/100g:<\/strong> Energia 1930kJ\/461kcal; L\u00edpidos 20g (dos quais saturados 2,0g); Hidratos de Carbono 61g (dos quais a\u00e7\u00facares 1,4g); Fibra 5,0g; Prote\u00ednas 6,5g; Sal 0,9g.<\/p>\n","protected":false},"excerpt":{"rendered":"<p>D. Enrico Mexicano Base p\/ &#8220;Tacos&#8221; Cx.135g. &nbsp; Ingredientes: Farinha de MILHO, \u00f3leo de girassol, \u00e1gua, sal de mesa. Alerg\u00e9nios: ver MAI\u00daSCULAS. Declara\u00e7\u00e3o Nutricional p\/100g: Energia 1930kJ\/461kcal; L\u00edpidos 20g (dos quais saturados 2,0g); Hidratos de Carbono 61g (dos quais a\u00e7\u00facares 1,4g); Fibra 5,0g; Prote\u00ednas 6,5g; Sal 0,9g.<\/p>\n","protected":false},"featured_media":391,"template":"","meta":[],"product_brand":[],"product_cat":[101,36],"product_tag":[],"class_list":{"0":"post-390","1":"product","2":"type-product","3":"status-publish","4":"has-post-thumbnail","6":"product_cat-diversos-mercearia-salgada","7":"product_cat-mercearia-salgada","8":"pa_marcas-don-enrico-mexicano","9":"pa_pais-mexico","11":"first","12":"instock","13":"taxable","14":"shipping-taxable","15":"product-type-simple"},"_links":{"self":[{"href":"https:\/\/bricer.pt\/index.php?rest_route=\/wp\/v2\/product\/390","targetHints":{"allow":["GET"]}}],"collection":[{"href":"https:\/\/bricer.pt\/index.php?rest_route=\/wp\/v2\/product"}],"about":[{"href":"https:\/\/bricer.pt\/index.php?rest_route=\/wp\/v2\/types\/product"}],"wp:featuredmedia":[{"embeddable":true,"href":"https:\/\/bricer.pt\/index.php?rest_route=\/wp\/v2\/media\/391"}],"wp:attachment":[{"href":"https:\/\/bricer.pt\/index.php?rest_route=%2Fwp%2Fv2%2Fmedia&parent=390"}],"wp:term":[{"taxonomy":"product_brand","embeddable":true,"href":"https:\/\/bricer.pt\/index.php?rest_route=%2Fwp%2Fv2%2Fproduct_brand&post=390"},{"taxonomy":"product_cat","embeddable":true,"href":"https:\/\/bricer.pt\/index.php?rest_route=%2Fwp%2Fv2%2Fproduct_cat&post=390"},{"taxonomy":"product_tag","embeddable":true,"href":"https:\/\/bricer.pt\/index.php?rest_route=%2Fwp%2Fv2%2Fproduct_tag&post=390"}],"curies":[{"name":"wp","href":"https:\/\/api.w.org\/{rel}","templated":true}]}}