{"id":380,"date":"2023-03-06T11:03:32","date_gmt":"2023-03-06T11:03:32","guid":{"rendered":"https:\/\/bricer.pt\/produto\/conimex-wok-noodles-saqueta-248g\/"},"modified":"2023-10-25T08:34:02","modified_gmt":"2023-10-25T08:34:02","slug":"conimex-wok-noodles-saqueta-248g","status":"publish","type":"product","link":"https:\/\/bricer.pt\/?product=conimex-wok-noodles-saqueta-248g","title":{"rendered":"Conimex Wok Noodles Saqueta 248g"},"content":{"rendered":"<p><strong>Conimex Wok Noodles<\/strong> Saqueta 248g.<\/p>\n<p>&nbsp;<\/p>\n<p><strong>Ingredientes<\/strong>: Farinha de TRIGO, \u00f3leo de palma, amido de mandioca modificado, sal.<\/p>\n<p><strong>Alerg\u00e9nios<\/strong>: ver MAI\u00daSCULAS. Pode conter Soja.<\/p>\n<p><strong>Declara\u00e7\u00e3o Nutricional p\/ 100g:<\/strong> Energia 1710kJ\/410kcal; L\u00edpidos 12g (dos quais saturados 6,0g); Hidratos de Carbono 65g (dos quais a\u00e7\u00facares &lt;0,1g); Fibra 1,6g; Prote\u00ednas 10g; Sal 0,85g.<\/p>\n","protected":false},"excerpt":{"rendered":"<p>Conimex Wok Noodles Saqueta 248g. &nbsp; Ingredientes: Farinha de TRIGO, \u00f3leo de palma, amido de mandioca modificado, sal. Alerg\u00e9nios: ver MAI\u00daSCULAS. Pode conter Soja. Declara\u00e7\u00e3o Nutricional p\/ 100g: Energia 1710kJ\/410kcal; L\u00edpidos 12g (dos quais saturados 6,0g); Hidratos de Carbono 65g (dos quais a\u00e7\u00facares &lt;0,1g); Fibra 1,6g; Prote\u00ednas 10g; Sal 0,85g.<\/p>\n","protected":false},"featured_media":381,"template":"","meta":[],"product_brand":[],"product_cat":[110,33,24],"product_tag":[],"class_list":{"0":"post-380","1":"product","2":"type-product","3":"status-publish","4":"has-post-thumbnail","6":"product_cat-massas","7":"product_cat-mercearia-asiatica","8":"product_cat-sabores-do-mundo","9":"pa_marcas-conimex","10":"pa_pais-indonesia","12":"first","13":"instock","14":"taxable","15":"shipping-taxable","16":"product-type-simple"},"_links":{"self":[{"href":"https:\/\/bricer.pt\/index.php?rest_route=\/wp\/v2\/product\/380","targetHints":{"allow":["GET"]}}],"collection":[{"href":"https:\/\/bricer.pt\/index.php?rest_route=\/wp\/v2\/product"}],"about":[{"href":"https:\/\/bricer.pt\/index.php?rest_route=\/wp\/v2\/types\/product"}],"wp:featuredmedia":[{"embeddable":true,"href":"https:\/\/bricer.pt\/index.php?rest_route=\/wp\/v2\/media\/381"}],"wp:attachment":[{"href":"https:\/\/bricer.pt\/index.php?rest_route=%2Fwp%2Fv2%2Fmedia&parent=380"}],"wp:term":[{"taxonomy":"product_brand","embeddable":true,"href":"https:\/\/bricer.pt\/index.php?rest_route=%2Fwp%2Fv2%2Fproduct_brand&post=380"},{"taxonomy":"product_cat","embeddable":true,"href":"https:\/\/bricer.pt\/index.php?rest_route=%2Fwp%2Fv2%2Fproduct_cat&post=380"},{"taxonomy":"product_tag","embeddable":true,"href":"https:\/\/bricer.pt\/index.php?rest_route=%2Fwp%2Fv2%2Fproduct_tag&post=380"}],"curies":[{"name":"wp","href":"https:\/\/api.w.org\/{rel}","templated":true}]}}