{"id":378,"date":"2023-03-06T11:03:32","date_gmt":"2023-03-06T11:03:32","guid":{"rendered":"https:\/\/bricer.pt\/produto\/conimex-noodles-arroz-5mm-saqueta-225g\/"},"modified":"2023-10-25T08:39:47","modified_gmt":"2023-10-25T08:39:47","slug":"conimex-noodles-arroz-5mm-saqueta-225g","status":"publish","type":"product","link":"https:\/\/bricer.pt\/?product=conimex-noodles-arroz-5mm-saqueta-225g","title":{"rendered":"Conimex Noodles Arroz (5mm) Saqueta 225g"},"content":{"rendered":"<p>Conimex Noodles Arroz (5mm) Saqueta 225g<\/p>\n<p>&nbsp;<\/p>\n<p><strong>Ingredientes<\/strong>: Farinha de arroz (95%), amido de tapioca.<\/p>\n<p><strong>Alerg\u00e9nios<\/strong>: ver MAI\u00daSCULAS.<\/p>\n<p><strong>Declara\u00e7\u00e3o Nutricional por 100g:<\/strong> Energia 1509kJ\/360kcal; L\u00edpidos &lt;0,5g (dos quais saturados 0,1g); Hidratos de Carbono 83g (dos quais a\u00e7\u00facares 0g); Fibra 1,1g; Prote\u00ednas 6,4g; Sal 0,11g.<\/p>\n<p>&nbsp;<\/p>\n","protected":false},"excerpt":{"rendered":"<p>Conimex Noodles Arroz (5mm) Saqueta 225g &nbsp; Ingredientes: Farinha de arroz (95%), amido de tapioca. Alerg\u00e9nios: ver MAI\u00daSCULAS. Declara\u00e7\u00e3o Nutricional por 100g: Energia 1509kJ\/360kcal; L\u00edpidos &lt;0,5g (dos quais saturados 0,1g); Hidratos de Carbono 83g (dos quais a\u00e7\u00facares 0g); Fibra 1,1g; Prote\u00ednas 6,4g; Sal 0,11g. &nbsp;<\/p>\n","protected":false},"featured_media":0,"template":"","meta":[],"product_brand":[],"product_cat":[110,33,24],"product_tag":[],"class_list":{"0":"post-378","1":"product","2":"type-product","3":"status-publish","5":"product_cat-massas","6":"product_cat-mercearia-asiatica","7":"product_cat-sabores-do-mundo","8":"pa_marcas-conimex","9":"pa_pais-indonesia","11":"first","12":"instock","13":"taxable","14":"shipping-taxable","15":"product-type-simple"},"_links":{"self":[{"href":"https:\/\/bricer.pt\/index.php?rest_route=\/wp\/v2\/product\/378","targetHints":{"allow":["GET"]}}],"collection":[{"href":"https:\/\/bricer.pt\/index.php?rest_route=\/wp\/v2\/product"}],"about":[{"href":"https:\/\/bricer.pt\/index.php?rest_route=\/wp\/v2\/types\/product"}],"wp:attachment":[{"href":"https:\/\/bricer.pt\/index.php?rest_route=%2Fwp%2Fv2%2Fmedia&parent=378"}],"wp:term":[{"taxonomy":"product_brand","embeddable":true,"href":"https:\/\/bricer.pt\/index.php?rest_route=%2Fwp%2Fv2%2Fproduct_brand&post=378"},{"taxonomy":"product_cat","embeddable":true,"href":"https:\/\/bricer.pt\/index.php?rest_route=%2Fwp%2Fv2%2Fproduct_cat&post=378"},{"taxonomy":"product_tag","embeddable":true,"href":"https:\/\/bricer.pt\/index.php?rest_route=%2Fwp%2Fv2%2Fproduct_tag&post=378"}],"curies":[{"name":"wp","href":"https:\/\/api.w.org\/{rel}","templated":true}]}}