{"id":37,"date":"2023-03-06T11:01:10","date_gmt":"2023-03-06T11:01:10","guid":{"rendered":"https:\/\/bricer.pt\/produto\/al-amier-pasta-harissa-c-chili-picante-frasco-130g\/"},"modified":"2023-04-17T07:57:00","modified_gmt":"2023-04-17T07:57:00","slug":"al-amier-pasta-harissa-c-chili-picante-frasco-130g","status":"publish","type":"product","link":"https:\/\/bricer.pt\/?product=al-amier-pasta-harissa-c-chili-picante-frasco-130g","title":{"rendered":"Al Amier Pasta &#8220;Harissa&#8221; c\/ Chili Picante Frasco 130g"},"content":{"rendered":"<p><strong>Al Amier Pasta &#8220;Harissa&#8221; c\/ Chili Picante<\/strong> Frasco 130g.<\/p>\n<p>&nbsp;<\/p>\n<p><strong>Ingredientes<\/strong>: paprica (23%), \u00f3leo de SOJA, \u00e1gua, malaguetas (9%), alho, paprica em p\u00f3, sal de mesa, malagueta em p\u00f3 (2,5%), cominho, coentro, \u00f3leo de girassol, acidificante: \u00e1cido c\u00edtrico, \u00e1cido ac\u00e9tico; conservantes: benzoato de s\u00f3dio, sorbato de pot\u00e1ssio.<\/p>\n<p><strong>Alerg\u00e9nios<\/strong>: ver MAI\u00daSCULAS.<\/p>\n<p><strong>Declara\u00e7\u00e3o Nutricional p\/100g:<\/strong> Energia 1148kJ\/275kcal; L\u00edpidos 25g (dos quais saturados 2,6g); Hidratos de Carbono 9,2g (dos quais a\u00e7\u00facares 4,1g); Prote\u00ednas 2,1g; Sal 5,9g.<\/p>\n","protected":false},"excerpt":{"rendered":"<p>Al Amier Pasta &#8220;Harissa&#8221; c\/ Chili Picante Frasco 130g. &nbsp; Ingredientes: paprica (23%), \u00f3leo de SOJA, \u00e1gua, malaguetas (9%), alho, paprica em p\u00f3, sal de mesa, malagueta em p\u00f3 (2,5%), cominho, coentro, \u00f3leo de girassol, acidificante: \u00e1cido c\u00edtrico, \u00e1cido ac\u00e9tico; conservantes: benzoato de s\u00f3dio, sorbato de pot\u00e1ssio. Alerg\u00e9nios: ver MAI\u00daSCULAS. Declara\u00e7\u00e3o Nutricional p\/100g: Energia 1148kJ\/275kcal; [&hellip;]<\/p>\n","protected":false},"featured_media":38,"template":"","meta":[],"product_brand":[],"product_cat":[25,26,24],"product_tag":[],"class_list":{"0":"post-37","1":"product","2":"type-product","3":"status-publish","4":"has-post-thumbnail","6":"product_cat-mercearia-arabe","7":"product_cat-pastas","8":"product_cat-sabores-do-mundo","9":"pa_marcas-al-amier","11":"first","12":"instock","13":"taxable","14":"shipping-taxable","15":"product-type-simple"},"_links":{"self":[{"href":"https:\/\/bricer.pt\/index.php?rest_route=\/wp\/v2\/product\/37","targetHints":{"allow":["GET"]}}],"collection":[{"href":"https:\/\/bricer.pt\/index.php?rest_route=\/wp\/v2\/product"}],"about":[{"href":"https:\/\/bricer.pt\/index.php?rest_route=\/wp\/v2\/types\/product"}],"wp:featuredmedia":[{"embeddable":true,"href":"https:\/\/bricer.pt\/index.php?rest_route=\/wp\/v2\/media\/38"}],"wp:attachment":[{"href":"https:\/\/bricer.pt\/index.php?rest_route=%2Fwp%2Fv2%2Fmedia&parent=37"}],"wp:term":[{"taxonomy":"product_brand","embeddable":true,"href":"https:\/\/bricer.pt\/index.php?rest_route=%2Fwp%2Fv2%2Fproduct_brand&post=37"},{"taxonomy":"product_cat","embeddable":true,"href":"https:\/\/bricer.pt\/index.php?rest_route=%2Fwp%2Fv2%2Fproduct_cat&post=37"},{"taxonomy":"product_tag","embeddable":true,"href":"https:\/\/bricer.pt\/index.php?rest_route=%2Fwp%2Fv2%2Fproduct_tag&post=37"}],"curies":[{"name":"wp","href":"https:\/\/api.w.org\/{rel}","templated":true}]}}