{"id":350,"date":"2023-03-06T11:02:55","date_gmt":"2023-03-06T11:02:55","guid":{"rendered":"https:\/\/bricer.pt\/produto\/chatel-vinagre-de-vinho-c-ervas-da-provenca-garrafa-250ml\/"},"modified":"2023-04-17T07:57:41","modified_gmt":"2023-04-17T07:57:41","slug":"chatel-vinagre-de-vinho-c-ervas-da-provenca-garrafa-250ml","status":"publish","type":"product","link":"https:\/\/bricer.pt\/?product=chatel-vinagre-de-vinho-c-ervas-da-provenca-garrafa-250ml","title":{"rendered":"Chatel Vinagre de Vinho c\/ Ervas da Proven\u00e7a Garrafa 250ml"},"content":{"rendered":"<p><strong>Chatel Vinagre de Vinho c\/ Ervas da Proven\u00e7a Garrafa 250ml.<\/strong><\/p>\n<p>&nbsp;<\/p>\n<p><strong>Ingredientes<\/strong>: Vinagre de vinho branco (cont\u00e9m SULFITOS), ervas de Proven\u00e7a (tomilho, louro, alecrim) 3%, conservante: BisSULFITO de pot\u00e1ssio.<\/p>\n<p><strong>Alerg\u00e9nios<\/strong>: ver MAI\u00daSCULAS.<\/p>\n<p><strong>Informa\u00e7\u00f5es Nutricionais:<\/strong> N\u00e3o Dispon\u00edvel<\/p>\n","protected":false},"excerpt":{"rendered":"<p>Chatel Vinagre de Vinho c\/ Ervas da Proven\u00e7a Garrafa 250ml. &nbsp; Ingredientes: Vinagre de vinho branco (cont\u00e9m SULFITOS), ervas de Proven\u00e7a (tomilho, louro, alecrim) 3%, conservante: BisSULFITO de pot\u00e1ssio. Alerg\u00e9nios: ver MAI\u00daSCULAS. Informa\u00e7\u00f5es Nutricionais: N\u00e3o Dispon\u00edvel<\/p>\n","protected":false},"featured_media":351,"template":"","meta":[],"product_brand":[],"product_cat":[36,66],"product_tag":[],"class_list":{"0":"post-350","1":"product","2":"type-product","3":"status-publish","4":"has-post-thumbnail","6":"product_cat-mercearia-salgada","7":"product_cat-vinagres","8":"pa_marcas-chatel","9":"pa_pais-franca","11":"first","12":"instock","13":"taxable","14":"shipping-taxable","15":"product-type-simple"},"_links":{"self":[{"href":"https:\/\/bricer.pt\/index.php?rest_route=\/wp\/v2\/product\/350","targetHints":{"allow":["GET"]}}],"collection":[{"href":"https:\/\/bricer.pt\/index.php?rest_route=\/wp\/v2\/product"}],"about":[{"href":"https:\/\/bricer.pt\/index.php?rest_route=\/wp\/v2\/types\/product"}],"wp:featuredmedia":[{"embeddable":true,"href":"https:\/\/bricer.pt\/index.php?rest_route=\/wp\/v2\/media\/351"}],"wp:attachment":[{"href":"https:\/\/bricer.pt\/index.php?rest_route=%2Fwp%2Fv2%2Fmedia&parent=350"}],"wp:term":[{"taxonomy":"product_brand","embeddable":true,"href":"https:\/\/bricer.pt\/index.php?rest_route=%2Fwp%2Fv2%2Fproduct_brand&post=350"},{"taxonomy":"product_cat","embeddable":true,"href":"https:\/\/bricer.pt\/index.php?rest_route=%2Fwp%2Fv2%2Fproduct_cat&post=350"},{"taxonomy":"product_tag","embeddable":true,"href":"https:\/\/bricer.pt\/index.php?rest_route=%2Fwp%2Fv2%2Fproduct_tag&post=350"}],"curies":[{"name":"wp","href":"https:\/\/api.w.org\/{rel}","templated":true}]}}