{"id":332,"date":"2023-03-06T11:02:55","date_gmt":"2023-03-06T11:02:55","guid":{"rendered":"https:\/\/bricer.pt\/produto\/cascina-belvedere-preparado-p-risoto-c-cogumelos-porcini-saq-250g\/"},"modified":"2023-04-17T07:57:40","modified_gmt":"2023-04-17T07:57:40","slug":"cascina-belvedere-preparado-p-risoto-c-cogumelos-porcini-saq-250g","status":"publish","type":"product","link":"https:\/\/bricer.pt\/?product=cascina-belvedere-preparado-p-risoto-c-cogumelos-porcini-saq-250g","title":{"rendered":"Cascina Belvedere Preparado p\/ Risoto c\/ Cogumelos &#8220;Porcini&#8221; Saq. 250g"},"content":{"rendered":"<p><strong>Cascina Belvedere Preparado p\/ Risotto c\/ Cogumelos &#8220;Porcini&#8221; Saq. 250g.<\/strong><\/p>\n<p>&nbsp;<\/p>\n<p><strong>Ingredientes:<\/strong> arroz carnaroli 91%, cogumelos porcini 3,2% (Boletus edulis), sal marinho natural, farinha de arroz, cebola, AIPO, cenoura, salsa, azeite virgem extra, alho, amido de milho, miso (SOJA, arroz \u00e1gua, sal, koji), extracto de levedura, especiarias.<\/p>\n<p><strong>Alerg\u00e9nios:<\/strong> Ver MAI\u00daSCULAS<\/p>\n<p><strong>Declara\u00e7\u00e3o Nutricional p\/100g:<\/strong> Energia 1422kJ\/335kcal; L\u00edpidos 1,1g (dos quais saturados 0,2g); Hidratos de Carbono 72,5g (dos quais a\u00e7\u00facares 0,6g); Prote\u00ednas 9,3g; Sal 1,9g.<\/p>\n","protected":false},"excerpt":{"rendered":"<p>Cascina Belvedere Preparado p\/ Risotto c\/ Cogumelos &#8220;Porcini&#8221; Saq. 250g. &nbsp; Ingredientes: arroz carnaroli 91%, cogumelos porcini 3,2% (Boletus edulis), sal marinho natural, farinha de arroz, cebola, AIPO, cenoura, salsa, azeite virgem extra, alho, amido de milho, miso (SOJA, arroz \u00e1gua, sal, koji), extracto de levedura, especiarias. Alerg\u00e9nios: Ver MAI\u00daSCULAS Declara\u00e7\u00e3o Nutricional p\/100g: Energia 1422kJ\/335kcal; [&hellip;]<\/p>\n","protected":false},"featured_media":333,"template":"","meta":[],"product_brand":[],"product_cat":[98,90,99,89],"product_tag":[],"class_list":{"0":"post-332","1":"product","2":"type-product","3":"status-publish","4":"has-post-thumbnail","6":"product_cat-arroz-e-risottomercearia-salgada","7":"product_cat-mercearia-italiana","8":"product_cat-preparados","9":"product_cat-sabores-da-europa","10":"pa_marcas-cascina-belvedere","11":"pa_pais-italia","13":"first","14":"instock","15":"taxable","16":"shipping-taxable","17":"product-type-simple"},"_links":{"self":[{"href":"https:\/\/bricer.pt\/index.php?rest_route=\/wp\/v2\/product\/332","targetHints":{"allow":["GET"]}}],"collection":[{"href":"https:\/\/bricer.pt\/index.php?rest_route=\/wp\/v2\/product"}],"about":[{"href":"https:\/\/bricer.pt\/index.php?rest_route=\/wp\/v2\/types\/product"}],"wp:featuredmedia":[{"embeddable":true,"href":"https:\/\/bricer.pt\/index.php?rest_route=\/wp\/v2\/media\/333"}],"wp:attachment":[{"href":"https:\/\/bricer.pt\/index.php?rest_route=%2Fwp%2Fv2%2Fmedia&parent=332"}],"wp:term":[{"taxonomy":"product_brand","embeddable":true,"href":"https:\/\/bricer.pt\/index.php?rest_route=%2Fwp%2Fv2%2Fproduct_brand&post=332"},{"taxonomy":"product_cat","embeddable":true,"href":"https:\/\/bricer.pt\/index.php?rest_route=%2Fwp%2Fv2%2Fproduct_cat&post=332"},{"taxonomy":"product_tag","embeddable":true,"href":"https:\/\/bricer.pt\/index.php?rest_route=%2Fwp%2Fv2%2Fproduct_tag&post=332"}],"curies":[{"name":"wp","href":"https:\/\/api.w.org\/{rel}","templated":true}]}}