{"id":323,"date":"2023-03-06T11:02:50","date_gmt":"2023-03-06T11:02:50","guid":{"rendered":"https:\/\/bricer.pt\/produto\/cascina-belvedere-arroz-negro-cx-500g\/"},"modified":"2023-04-17T07:57:38","modified_gmt":"2023-04-17T07:57:38","slug":"cascina-belvedere-arroz-negro-cx-500g","status":"publish","type":"product","link":"https:\/\/bricer.pt\/?product=cascina-belvedere-arroz-negro-cx-500g","title":{"rendered":"Cascina Belvedere Arroz Negro Cx. 500g"},"content":{"rendered":"<p><strong>Cascina Belvedere Arroz Negro Cx. 500g.<\/strong><\/p>\n<p>&nbsp;<\/p>\n<p><strong>Ingredientes:<\/strong> Arroz negro embalado a v\u00e1cuo.<\/p>\n<p><strong>Alerg\u00e9nios<\/strong>: ver MAI\u00daSCULAS.<\/p>\n<p><strong>Declara\u00e7\u00e3o Nutricional p\/100g:<\/strong> Energia 1445kJ\/342kcal; L\u00edpidos 3,4g (dos quais saturados 0,9g); Hidratos de Carbono 63,7g (dos quais a\u00e7\u00facares 1,2g); Prote\u00ednas 9,9g; Sal 0,002g; F\u00f3sforo 404mg; Magn\u00e9sio 114mg.<\/p>\n<p>&nbsp;<\/p>\n","protected":false},"excerpt":{"rendered":"<p>Cascina Belvedere Arroz Negro Cx. 500g. &nbsp; Ingredientes: Arroz negro embalado a v\u00e1cuo. Alerg\u00e9nios: ver MAI\u00daSCULAS. Declara\u00e7\u00e3o Nutricional p\/100g: Energia 1445kJ\/342kcal; L\u00edpidos 3,4g (dos quais saturados 0,9g); Hidratos de Carbono 63,7g (dos quais a\u00e7\u00facares 1,2g); Prote\u00ednas 9,9g; Sal 0,002g; F\u00f3sforo 404mg; Magn\u00e9sio 114mg. &nbsp;<\/p>\n","protected":false},"featured_media":324,"template":"","meta":[],"product_brand":[],"product_cat":[91,90,89],"product_tag":[],"class_list":{"0":"post-323","1":"product","2":"type-product","3":"status-publish","4":"has-post-thumbnail","6":"product_cat-arroz-e-risottomercearia","7":"product_cat-mercearia-italiana","8":"product_cat-sabores-da-europa","9":"pa_marcas-cascina-belvedere","10":"pa_pais-italia","12":"first","13":"instock","14":"taxable","15":"shipping-taxable","16":"product-type-simple"},"_links":{"self":[{"href":"https:\/\/bricer.pt\/index.php?rest_route=\/wp\/v2\/product\/323","targetHints":{"allow":["GET"]}}],"collection":[{"href":"https:\/\/bricer.pt\/index.php?rest_route=\/wp\/v2\/product"}],"about":[{"href":"https:\/\/bricer.pt\/index.php?rest_route=\/wp\/v2\/types\/product"}],"wp:featuredmedia":[{"embeddable":true,"href":"https:\/\/bricer.pt\/index.php?rest_route=\/wp\/v2\/media\/324"}],"wp:attachment":[{"href":"https:\/\/bricer.pt\/index.php?rest_route=%2Fwp%2Fv2%2Fmedia&parent=323"}],"wp:term":[{"taxonomy":"product_brand","embeddable":true,"href":"https:\/\/bricer.pt\/index.php?rest_route=%2Fwp%2Fv2%2Fproduct_brand&post=323"},{"taxonomy":"product_cat","embeddable":true,"href":"https:\/\/bricer.pt\/index.php?rest_route=%2Fwp%2Fv2%2Fproduct_cat&post=323"},{"taxonomy":"product_tag","embeddable":true,"href":"https:\/\/bricer.pt\/index.php?rest_route=%2Fwp%2Fv2%2Fproduct_tag&post=323"}],"curies":[{"name":"wp","href":"https:\/\/api.w.org\/{rel}","templated":true}]}}