{"id":308,"date":"2023-03-06T11:02:50","date_gmt":"2023-03-06T11:02:50","guid":{"rendered":"https:\/\/bricer.pt\/produto\/carambar-barritas-de-caramelo-original-saqueta-130g\/"},"modified":"2024-02-05T12:17:35","modified_gmt":"2024-02-05T12:17:35","slug":"carambar-barritas-de-caramelo-original-saqueta-130g","status":"publish","type":"product","link":"https:\/\/bricer.pt\/?product=carambar-barritas-de-caramelo-original-saqueta-130g","title":{"rendered":"Carambar Barritas de Caramelo &#8220;Original&#8221; Saqueta 130g"},"content":{"rendered":"<p><strong>Carambar Barritas de Caramelo &#8220;Original&#8221; Saqueta 130g.<\/strong><\/p>\n<p>&nbsp;<\/p>\n<p><strong>Ingrediente<\/strong>: Xarope de glicose, LEITE condensado desnatado, a\u00e7\u00facar, \u00f3leo de palma, cacau magro em p\u00f3, sal, emulsionantes (E471, lecitina de girassol), aromas.<\/p>\n<p><strong>Alerg\u00e9nios<\/strong>: ver MAI\u00daSCULAS. Pode conter vest\u00edgios de frutos de casca rija.<\/p>\n<p><strong>Declara\u00e7\u00e3o Nutricional p\/100g:<\/strong> Energia 1682kJ\/398kcal; L\u00edpidos 7,8g (dos quais saturados 4,0g); Hidratos de Carbono 79g (dos quais a\u00e7\u00facares 47g); Prote\u00ednas 3,1g; Sal 0,55g.<\/p>\n","protected":false},"excerpt":{"rendered":"<p>Carambar Barritas de Caramelo &#8220;Original&#8221; Saqueta 130g. &nbsp; Ingrediente: Xarope de glicose, LEITE condensado desnatado, a\u00e7\u00facar, \u00f3leo de palma, cacau magro em p\u00f3, sal, emulsionantes (E471, lecitina de girassol), aromas. Alerg\u00e9nios: ver MAI\u00daSCULAS. Pode conter vest\u00edgios de frutos de casca rija. Declara\u00e7\u00e3o Nutricional p\/100g: Energia 1682kJ\/398kcal; L\u00edpidos 7,8g (dos quais saturados 4,0g); Hidratos de Carbono [&hellip;]<\/p>\n","protected":false},"featured_media":309,"template":"","meta":[],"product_brand":[],"product_cat":[87,76],"product_tag":[],"class_list":{"0":"post-308","1":"product","2":"type-product","3":"status-publish","4":"has-post-thumbnail","6":"product_cat-caramelos","7":"product_cat-mercearia-doce","8":"pa_marcas-carambar","9":"pa_pais-franca","11":"first","12":"instock","13":"taxable","14":"shipping-taxable","15":"product-type-simple"},"_links":{"self":[{"href":"https:\/\/bricer.pt\/index.php?rest_route=\/wp\/v2\/product\/308","targetHints":{"allow":["GET"]}}],"collection":[{"href":"https:\/\/bricer.pt\/index.php?rest_route=\/wp\/v2\/product"}],"about":[{"href":"https:\/\/bricer.pt\/index.php?rest_route=\/wp\/v2\/types\/product"}],"wp:featuredmedia":[{"embeddable":true,"href":"https:\/\/bricer.pt\/index.php?rest_route=\/wp\/v2\/media\/309"}],"wp:attachment":[{"href":"https:\/\/bricer.pt\/index.php?rest_route=%2Fwp%2Fv2%2Fmedia&parent=308"}],"wp:term":[{"taxonomy":"product_brand","embeddable":true,"href":"https:\/\/bricer.pt\/index.php?rest_route=%2Fwp%2Fv2%2Fproduct_brand&post=308"},{"taxonomy":"product_cat","embeddable":true,"href":"https:\/\/bricer.pt\/index.php?rest_route=%2Fwp%2Fv2%2Fproduct_cat&post=308"},{"taxonomy":"product_tag","embeddable":true,"href":"https:\/\/bricer.pt\/index.php?rest_route=%2Fwp%2Fv2%2Fproduct_tag&post=308"}],"curies":[{"name":"wp","href":"https:\/\/api.w.org\/{rel}","templated":true}]}}