{"id":306,"date":"2023-03-06T11:02:50","date_gmt":"2023-03-06T11:02:50","guid":{"rendered":"https:\/\/bricer.pt\/produto\/calve-molho-de-amendoim-satesaus-frasco-350g\/"},"modified":"2023-04-17T07:57:38","modified_gmt":"2023-04-17T07:57:38","slug":"calve-molho-de-amendoim-satesaus-frasco-350g","status":"publish","type":"product","link":"https:\/\/bricer.pt\/?product=calve-molho-de-amendoim-satesaus-frasco-350g","title":{"rendered":"Calv\u00e9 Molho de Amendoim &#8220;Sat\u00e9saus&#8221; Frasco 350g"},"content":{"rendered":"<p><strong>Calv\u00e9 Molho de Amendoim &#8220;Sat\u00e9saus&#8221; Frasco 350g.<\/strong><\/p>\n<p>&nbsp;<\/p>\n<p><strong>Ingredientes<\/strong>: 48% AMENDOINS, \u00f3leos vegetais (colza, SOJA, palma endurecida), a\u00e7\u00facar, LEITE em p\u00f3, maltodextrina, sal, \u00e1gua, especiarias (alho, coentro, cebola, pimenta caiena, agri\u00e3o), molho de SOJA (sementes de SOJA, TRIGO), prote\u00ednas de LEITE, corante: E150c, amido de milho, acidificante: E330.<\/p>\n<p><strong>Alerg\u00e9nios<\/strong>: ver MAI\u00daSCULAS.<\/p>\n<p><strong>Declara\u00e7\u00e3o Nutricional p\/100g:<\/strong> Energia 1220kJ\/292kcal; L\u00edpidos 22g (dos quais saturados 3,7g); Hidratos de Carbono 14g (dos quais a\u00e7\u00facares 9,4g); Fibra 1,8; Prote\u00ednas 7,9g; Sal 1,0g.<\/p>\n","protected":false},"excerpt":{"rendered":"<p>Calv\u00e9 Molho de Amendoim &#8220;Sat\u00e9saus&#8221; Frasco 350g. &nbsp; Ingredientes: 48% AMENDOINS, \u00f3leos vegetais (colza, SOJA, palma endurecida), a\u00e7\u00facar, LEITE em p\u00f3, maltodextrina, sal, \u00e1gua, especiarias (alho, coentro, cebola, pimenta caiena, agri\u00e3o), molho de SOJA (sementes de SOJA, TRIGO), prote\u00ednas de LEITE, corante: E150c, amido de milho, acidificante: E330. Alerg\u00e9nios: ver MAI\u00daSCULAS. Declara\u00e7\u00e3o Nutricional p\/100g: Energia [&hellip;]<\/p>\n","protected":false},"featured_media":307,"template":"","meta":[],"product_brand":[],"product_cat":[36,85],"product_tag":[],"class_list":{"0":"post-306","1":"product","2":"type-product","3":"status-publish","4":"has-post-thumbnail","6":"product_cat-mercearia-salgada","7":"product_cat-molhos-mercearia-salgada","8":"pa_marcas-calve","9":"pa_pais-paises-baixos","11":"first","12":"instock","13":"taxable","14":"shipping-taxable","15":"product-type-simple"},"_links":{"self":[{"href":"https:\/\/bricer.pt\/index.php?rest_route=\/wp\/v2\/product\/306","targetHints":{"allow":["GET"]}}],"collection":[{"href":"https:\/\/bricer.pt\/index.php?rest_route=\/wp\/v2\/product"}],"about":[{"href":"https:\/\/bricer.pt\/index.php?rest_route=\/wp\/v2\/types\/product"}],"wp:featuredmedia":[{"embeddable":true,"href":"https:\/\/bricer.pt\/index.php?rest_route=\/wp\/v2\/media\/307"}],"wp:attachment":[{"href":"https:\/\/bricer.pt\/index.php?rest_route=%2Fwp%2Fv2%2Fmedia&parent=306"}],"wp:term":[{"taxonomy":"product_brand","embeddable":true,"href":"https:\/\/bricer.pt\/index.php?rest_route=%2Fwp%2Fv2%2Fproduct_brand&post=306"},{"taxonomy":"product_cat","embeddable":true,"href":"https:\/\/bricer.pt\/index.php?rest_route=%2Fwp%2Fv2%2Fproduct_cat&post=306"},{"taxonomy":"product_tag","embeddable":true,"href":"https:\/\/bricer.pt\/index.php?rest_route=%2Fwp%2Fv2%2Fproduct_tag&post=306"}],"curies":[{"name":"wp","href":"https:\/\/api.w.org\/{rel}","templated":true}]}}