{"id":302,"date":"2023-03-06T11:02:50","date_gmt":"2023-03-06T11:02:50","guid":{"rendered":"https:\/\/bricer.pt\/produto\/calve-manteiga-de-amendoim-smooth-frasco-350g\/"},"modified":"2023-04-17T07:57:38","modified_gmt":"2023-04-17T07:57:38","slug":"calve-manteiga-de-amendoim-smooth-frasco-350g","status":"publish","type":"product","link":"https:\/\/bricer.pt\/?product=calve-manteiga-de-amendoim-smooth-frasco-350g","title":{"rendered":"Calv\u00e9 Manteiga de Amendoim &#8220;Smooth&#8221; Frasco 350g"},"content":{"rendered":"<p><strong>Calv\u00e9 Manteiga de Amendoim &#8220;Smooth&#8221; Frasco 350g.<\/strong><\/p>\n<p>&nbsp;<\/p>\n<p><strong>Ingredientes<\/strong>: AMENDOINS (85%), \u00f3leo vegetal (colza, SOJA, palma completamente endurecida), sal.<\/p>\n<p><strong>Alerg\u00e9nios<\/strong>: ver MAI\u00daSCULAS.<\/p>\n<p><strong>Declara\u00e7\u00e3o Nutricional p\/100g:<\/strong> Energia 2775kJ\/664kcal; L\u00edpidos 58g (dos quais saturados 8,54g, monoinsaturados 40g, polinsaturados 9,1g); Hidratos de Carbono 11g (dos quais a\u00e7\u00facares 6,4g); Fibra 6,6g; Prote\u00ednas 21g, Sal 0,60g; Niacina 3,1mg; Vitamina E 8,8mg; Magn\u00e9sio 98mg; F\u00f3sforo 250mg; Zinco 2,1mg.<\/p>\n","protected":false},"excerpt":{"rendered":"<p>Calv\u00e9 Manteiga de Amendoim &#8220;Smooth&#8221; Frasco 350g. &nbsp; Ingredientes: AMENDOINS (85%), \u00f3leo vegetal (colza, SOJA, palma completamente endurecida), sal. Alerg\u00e9nios: ver MAI\u00daSCULAS. Declara\u00e7\u00e3o Nutricional p\/100g: Energia 2775kJ\/664kcal; L\u00edpidos 58g (dos quais saturados 8,54g, monoinsaturados 40g, polinsaturados 9,1g); Hidratos de Carbono 11g (dos quais a\u00e7\u00facares 6,4g); Fibra 6,6g; Prote\u00ednas 21g, Sal 0,60g; Niacina 3,1mg; Vitamina E [&hellip;]<\/p>\n","protected":false},"featured_media":303,"template":"","meta":[],"product_brand":[],"product_cat":[76,84],"product_tag":[],"class_list":{"0":"post-302","1":"product","2":"type-product","3":"status-publish","4":"has-post-thumbnail","6":"product_cat-mercearia-doce","7":"product_cat-pastas-p-barrar","8":"pa_marcas-calve","9":"pa_pais-paises-baixos","11":"first","12":"instock","13":"taxable","14":"shipping-taxable","15":"product-type-simple"},"_links":{"self":[{"href":"https:\/\/bricer.pt\/index.php?rest_route=\/wp\/v2\/product\/302","targetHints":{"allow":["GET"]}}],"collection":[{"href":"https:\/\/bricer.pt\/index.php?rest_route=\/wp\/v2\/product"}],"about":[{"href":"https:\/\/bricer.pt\/index.php?rest_route=\/wp\/v2\/types\/product"}],"wp:featuredmedia":[{"embeddable":true,"href":"https:\/\/bricer.pt\/index.php?rest_route=\/wp\/v2\/media\/303"}],"wp:attachment":[{"href":"https:\/\/bricer.pt\/index.php?rest_route=%2Fwp%2Fv2%2Fmedia&parent=302"}],"wp:term":[{"taxonomy":"product_brand","embeddable":true,"href":"https:\/\/bricer.pt\/index.php?rest_route=%2Fwp%2Fv2%2Fproduct_brand&post=302"},{"taxonomy":"product_cat","embeddable":true,"href":"https:\/\/bricer.pt\/index.php?rest_route=%2Fwp%2Fv2%2Fproduct_cat&post=302"},{"taxonomy":"product_tag","embeddable":true,"href":"https:\/\/bricer.pt\/index.php?rest_route=%2Fwp%2Fv2%2Fproduct_tag&post=302"}],"curies":[{"name":"wp","href":"https:\/\/api.w.org\/{rel}","templated":true}]}}