{"id":293,"date":"2023-03-06T11:01:42","date_gmt":"2023-03-06T11:01:42","guid":{"rendered":"https:\/\/bricer.pt\/produto\/cadbury-chocolate-em-po-p-leite-emb-250g\/"},"modified":"2023-04-17T07:57:36","modified_gmt":"2023-04-17T07:57:36","slug":"cadbury-chocolate-em-po-p-leite-emb-250g","status":"publish","type":"product","link":"https:\/\/bricer.pt\/?product=cadbury-chocolate-em-po-p-leite-emb-250g","title":{"rendered":"Cadbury Chocolate em P\u00f3 p\/ Leite Emb. 250g"},"content":{"rendered":"<p><strong>Cadbury Chocolate em P\u00f3 p\/ Leite Emb. 250g.<\/strong><\/p>\n<p>&nbsp;<\/p>\n<p><strong>Ingredientes<\/strong>: a\u00e7\u00facar, cacau em p\u00f3, regulador de acidez (carbonato de s\u00f3dio),<br \/>\naroma artificial de baunilha. S\u00f3lidos de cacau: m\u00ednimo 25%. Manteiga de cacau: m\u00ednimo 20%.<\/p>\n<p><strong>Alerg\u00e9nios<\/strong>: ver MAI\u00daSCULAS. Pode conter LEITE.<\/p>\n<p><strong>Declara\u00e7\u00e3o Nutricional p\/100g:<\/strong> Energia 1697kJ\/402kcal; L\u00edpidos 5,6g (dos quais saturados 4,1g); Hidratos de Carbono 76g (dos quais a\u00e7\u00facares 73g); Fibra 9,3g; Prote\u00ednas 6,3g; Sal 0,38g.<\/p>\n","protected":false},"excerpt":{"rendered":"<p>Cadbury Chocolate em P\u00f3 p\/ Leite Emb. 250g. &nbsp; Ingredientes: a\u00e7\u00facar, cacau em p\u00f3, regulador de acidez (carbonato de s\u00f3dio), aroma artificial de baunilha. S\u00f3lidos de cacau: m\u00ednimo 25%. Manteiga de cacau: m\u00ednimo 20%. Alerg\u00e9nios: ver MAI\u00daSCULAS. Pode conter LEITE. Declara\u00e7\u00e3o Nutricional p\/100g: Energia 1697kJ\/402kcal; L\u00edpidos 5,6g (dos quais saturados 4,1g); Hidratos de Carbono 76g [&hellip;]<\/p>\n","protected":false},"featured_media":0,"template":"","meta":[],"product_brand":[],"product_cat":[76,82],"product_tag":[],"class_list":{"0":"post-293","1":"product","2":"type-product","3":"status-publish","5":"product_cat-mercearia-doce","6":"product_cat-pequeno-almoco","7":"pa_marcas-cadbury","8":"pa_pais-reino-unido","10":"first","11":"instock","12":"taxable","13":"shipping-taxable","14":"product-type-simple"},"_links":{"self":[{"href":"https:\/\/bricer.pt\/index.php?rest_route=\/wp\/v2\/product\/293","targetHints":{"allow":["GET"]}}],"collection":[{"href":"https:\/\/bricer.pt\/index.php?rest_route=\/wp\/v2\/product"}],"about":[{"href":"https:\/\/bricer.pt\/index.php?rest_route=\/wp\/v2\/types\/product"}],"wp:attachment":[{"href":"https:\/\/bricer.pt\/index.php?rest_route=%2Fwp%2Fv2%2Fmedia&parent=293"}],"wp:term":[{"taxonomy":"product_brand","embeddable":true,"href":"https:\/\/bricer.pt\/index.php?rest_route=%2Fwp%2Fv2%2Fproduct_brand&post=293"},{"taxonomy":"product_cat","embeddable":true,"href":"https:\/\/bricer.pt\/index.php?rest_route=%2Fwp%2Fv2%2Fproduct_cat&post=293"},{"taxonomy":"product_tag","embeddable":true,"href":"https:\/\/bricer.pt\/index.php?rest_route=%2Fwp%2Fv2%2Fproduct_tag&post=293"}],"curies":[{"name":"wp","href":"https:\/\/api.w.org\/{rel}","templated":true}]}}