{"id":29,"date":"2023-03-06T11:01:10","date_gmt":"2023-03-06T11:01:10","guid":{"rendered":"https:\/\/bricer.pt\/produto\/al-amier-agua-de-rosas-frasco-50ml\/"},"modified":"2023-04-17T07:57:00","modified_gmt":"2023-04-17T07:57:00","slug":"al-amier-agua-de-rosas-frasco-50ml","status":"publish","type":"product","link":"https:\/\/bricer.pt\/?product=al-amier-agua-de-rosas-frasco-50ml","title":{"rendered":"Al Amier \u00c1gua de Rosas Frasco 50ml"},"content":{"rendered":"<p><strong>Al Amier \u00c1gua de Rosas<\/strong> Frasco 50ml.<\/p>\n<p>&nbsp;<\/p>\n<p><strong>Ingredientes<\/strong>: \u00e1gua, \u00f3leo de rosas.<\/p>\n<p><strong>Alerg\u00e9nios<\/strong>: ver MAI\u00daSCULAS.<\/p>\n<p><strong>Informa\u00e7\u00f5es Nutricionais:<\/strong> N\u00e3o Dispon\u00edvel.<\/p>\n","protected":false},"excerpt":{"rendered":"<p>Al Amier \u00c1gua de Rosas Frasco 50ml. &nbsp; Ingredientes: \u00e1gua, \u00f3leo de rosas. Alerg\u00e9nios: ver MAI\u00daSCULAS. Informa\u00e7\u00f5es Nutricionais: N\u00e3o Dispon\u00edvel.<\/p>\n","protected":false},"featured_media":30,"template":"","meta":[],"product_brand":[],"product_cat":[27,25,24],"product_tag":[],"class_list":{"0":"post-29","1":"product","2":"type-product","3":"status-publish","4":"has-post-thumbnail","6":"product_cat-diversos","7":"product_cat-mercearia-arabe","8":"product_cat-sabores-do-mundo","9":"pa_marcas-al-amier","11":"first","12":"instock","13":"taxable","14":"shipping-taxable","15":"product-type-simple"},"_links":{"self":[{"href":"https:\/\/bricer.pt\/index.php?rest_route=\/wp\/v2\/product\/29","targetHints":{"allow":["GET"]}}],"collection":[{"href":"https:\/\/bricer.pt\/index.php?rest_route=\/wp\/v2\/product"}],"about":[{"href":"https:\/\/bricer.pt\/index.php?rest_route=\/wp\/v2\/types\/product"}],"wp:featuredmedia":[{"embeddable":true,"href":"https:\/\/bricer.pt\/index.php?rest_route=\/wp\/v2\/media\/30"}],"wp:attachment":[{"href":"https:\/\/bricer.pt\/index.php?rest_route=%2Fwp%2Fv2%2Fmedia&parent=29"}],"wp:term":[{"taxonomy":"product_brand","embeddable":true,"href":"https:\/\/bricer.pt\/index.php?rest_route=%2Fwp%2Fv2%2Fproduct_brand&post=29"},{"taxonomy":"product_cat","embeddable":true,"href":"https:\/\/bricer.pt\/index.php?rest_route=%2Fwp%2Fv2%2Fproduct_cat&post=29"},{"taxonomy":"product_tag","embeddable":true,"href":"https:\/\/bricer.pt\/index.php?rest_route=%2Fwp%2Fv2%2Fproduct_tag&post=29"}],"curies":[{"name":"wp","href":"https:\/\/api.w.org\/{rel}","templated":true}]}}