{"id":27,"date":"2023-03-06T11:01:10","date_gmt":"2023-03-06T11:01:10","guid":{"rendered":"https:\/\/bricer.pt\/produto\/al-amier-muhammara-pasta-de-noz-e-paprica-frasco-130g\/"},"modified":"2023-04-17T07:57:00","modified_gmt":"2023-04-17T07:57:00","slug":"al-amier-muhammara-pasta-de-noz-e-paprica-frasco-130g","status":"publish","type":"product","link":"https:\/\/bricer.pt\/?product=al-amier-muhammara-pasta-de-noz-e-paprica-frasco-130g","title":{"rendered":"Al Amier &#8220;Muhammara&#8221; Pasta de Noz e Paprica Frasco 130g"},"content":{"rendered":"<p><strong>Al Amier &#8220;Muhammara&#8221; Pasta de Noz e Paprica<\/strong> Frasco 130g.<\/p>\n<p>&nbsp;<\/p>\n<p><strong>Ingredientes<\/strong>: \u00e1gua, NOZES (26%), pasta de paprica (16%), azeite, paprica (6,5%), alho, sal, malaguetas, especiarias, acidificante: \u00e1cido c\u00edtrico .<\/p>\n<p><strong>Alerg\u00e9nios<\/strong>: ver MAI\u00daSCULAS.<\/p>\n<p><strong>Declara\u00e7\u00e3o Nutricional p\/100g:<\/strong> Energia 1419kJ\/339kcal; L\u00edpidos 33g (dos quais saturados 4,1g); Hidratos de Carbono 6,5g (dos quais a\u00e7\u00facares 5,4g); Fibra 3,1g; Prote\u00ednas 4,5g; Sal 1,8g.<\/p>\n","protected":false},"excerpt":{"rendered":"<p>Al Amier &#8220;Muhammara&#8221; Pasta de Noz e Paprica Frasco 130g. &nbsp; Ingredientes: \u00e1gua, NOZES (26%), pasta de paprica (16%), azeite, paprica (6,5%), alho, sal, malaguetas, especiarias, acidificante: \u00e1cido c\u00edtrico . Alerg\u00e9nios: ver MAI\u00daSCULAS. Declara\u00e7\u00e3o Nutricional p\/100g: Energia 1419kJ\/339kcal; L\u00edpidos 33g (dos quais saturados 4,1g); Hidratos de Carbono 6,5g (dos quais a\u00e7\u00facares 5,4g); Fibra 3,1g; Prote\u00ednas [&hellip;]<\/p>\n","protected":false},"featured_media":28,"template":"","meta":[],"product_brand":[],"product_cat":[25,26,24],"product_tag":[],"class_list":{"0":"post-27","1":"product","2":"type-product","3":"status-publish","4":"has-post-thumbnail","6":"product_cat-mercearia-arabe","7":"product_cat-pastas","8":"product_cat-sabores-do-mundo","9":"pa_marcas-al-amier","11":"first","12":"instock","13":"taxable","14":"shipping-taxable","15":"product-type-simple"},"_links":{"self":[{"href":"https:\/\/bricer.pt\/index.php?rest_route=\/wp\/v2\/product\/27","targetHints":{"allow":["GET"]}}],"collection":[{"href":"https:\/\/bricer.pt\/index.php?rest_route=\/wp\/v2\/product"}],"about":[{"href":"https:\/\/bricer.pt\/index.php?rest_route=\/wp\/v2\/types\/product"}],"wp:featuredmedia":[{"embeddable":true,"href":"https:\/\/bricer.pt\/index.php?rest_route=\/wp\/v2\/media\/28"}],"wp:attachment":[{"href":"https:\/\/bricer.pt\/index.php?rest_route=%2Fwp%2Fv2%2Fmedia&parent=27"}],"wp:term":[{"taxonomy":"product_brand","embeddable":true,"href":"https:\/\/bricer.pt\/index.php?rest_route=%2Fwp%2Fv2%2Fproduct_brand&post=27"},{"taxonomy":"product_cat","embeddable":true,"href":"https:\/\/bricer.pt\/index.php?rest_route=%2Fwp%2Fv2%2Fproduct_cat&post=27"},{"taxonomy":"product_tag","embeddable":true,"href":"https:\/\/bricer.pt\/index.php?rest_route=%2Fwp%2Fv2%2Fproduct_tag&post=27"}],"curies":[{"name":"wp","href":"https:\/\/api.w.org\/{rel}","templated":true}]}}