{"id":2641,"date":"2023-03-06T11:39:32","date_gmt":"2023-03-06T11:39:32","guid":{"rendered":"https:\/\/bricer.pt\/produto\/grandma-wilds-garden-gate-bolachas-c-chocolate-duplo-c-relevo\/"},"modified":"2026-04-17T09:10:05","modified_gmt":"2026-04-17T09:10:05","slug":"grandma-wilds-garden-gate-bolachas-c-chocolate-duplo-c-relevo","status":"publish","type":"product","link":"https:\/\/bricer.pt\/?product=grandma-wilds-garden-gate-bolachas-c-chocolate-duplo-c-relevo","title":{"rendered":"Grandma Wild&#8217;s &#8220;Garden Gate&#8221; Bolachas c\/Chocolate Duplo c\/Relevo"},"content":{"rendered":"<p><strong>Ingredientes:<\/strong><br \/>\nfarinha de trigo enriquecida (carbonato de c\u00e1lcio, ferro, niacina-vitamina B3, tiamina-vitamina B1), a\u00e7\u00facar, \u00f3leos vegetais (\u00f3leo de palma e \u00f3leo de semente de palma n\u00e3o hidrogenado, \u00f3leo de colza, \u00e1gua, sal e aromas naturais), peda\u00e7o e lascas de chocolate (10%) (a\u00e7\u00facar, massa de cacau, manteiga de cacau, emulsionante: lecitina de soja, aroma natural de baunilha), flocos de aveia, aroma natural de chocolate com outros aromas naturais (subst\u00e2ncias arom\u00e1ticas naturais, glucose, xarope de frutose, a\u00e7\u00facar, cacau em p\u00f3 desnatado, \u00e1gua), cacao em p\u00f3, xarope refinado parcialmente invertido, agente levedante: bicabornato de am\u00f3nia, bicabornato de s\u00f3dio. Os peda\u00e7os e flocos de chocolate cont\u00e9m: no m\u00ednimo 39% de s\u00f3lidos de cacau.<\/p>\n<p><strong>Alerg\u00e9neos:<\/strong> aveia, trigo e soja.<\/p>\n<p><strong>Declara\u00e7\u00e3o Nutricional por 100g:<\/strong><br \/>\nEnergia: 2140kJ \u2013 512kcal; L\u00edpidos: 26,3g dos quais 13,2g \u00e1cidos gordos saturados; Hidratos de Carbono: 64,6g dos quais 36,3g a\u00e7\u00facares; Prote\u00ednas: 4,9g; Sal: 0,9g.<\/p>\n","protected":false},"excerpt":{"rendered":"<p>Ingredientes: farinha de trigo enriquecida (carbonato de c\u00e1lcio, ferro, niacina-vitamina B3, tiamina-vitamina B1), a\u00e7\u00facar, \u00f3leos vegetais (\u00f3leo de palma e \u00f3leo de semente de palma n\u00e3o hidrogenado, \u00f3leo de colza, \u00e1gua, sal e aromas naturais), peda\u00e7o e lascas de chocolate (10%) (a\u00e7\u00facar, massa de cacau, manteiga de cacau, emulsionante: lecitina de soja, aroma natural de [&hellip;]<\/p>\n","protected":false},"featured_media":2642,"template":"","meta":[],"product_brand":[],"product_cat":[77,76],"product_tag":[],"class_list":{"0":"post-2641","1":"product","2":"type-product","3":"status-publish","4":"has-post-thumbnail","6":"product_cat-bolachas-e-biscoitos-mercearia-doce","7":"product_cat-mercearia-doce","8":"pa_marcas-grandma-wilds","9":"pa_pais-reino-unido","11":"first","12":"instock","13":"taxable","14":"shipping-taxable","15":"product-type-simple"},"_links":{"self":[{"href":"https:\/\/bricer.pt\/index.php?rest_route=\/wp\/v2\/product\/2641","targetHints":{"allow":["GET"]}}],"collection":[{"href":"https:\/\/bricer.pt\/index.php?rest_route=\/wp\/v2\/product"}],"about":[{"href":"https:\/\/bricer.pt\/index.php?rest_route=\/wp\/v2\/types\/product"}],"wp:featuredmedia":[{"embeddable":true,"href":"https:\/\/bricer.pt\/index.php?rest_route=\/wp\/v2\/media\/2642"}],"wp:attachment":[{"href":"https:\/\/bricer.pt\/index.php?rest_route=%2Fwp%2Fv2%2Fmedia&parent=2641"}],"wp:term":[{"taxonomy":"product_brand","embeddable":true,"href":"https:\/\/bricer.pt\/index.php?rest_route=%2Fwp%2Fv2%2Fproduct_brand&post=2641"},{"taxonomy":"product_cat","embeddable":true,"href":"https:\/\/bricer.pt\/index.php?rest_route=%2Fwp%2Fv2%2Fproduct_cat&post=2641"},{"taxonomy":"product_tag","embeddable":true,"href":"https:\/\/bricer.pt\/index.php?rest_route=%2Fwp%2Fv2%2Fproduct_tag&post=2641"}],"curies":[{"name":"wp","href":"https:\/\/api.w.org\/{rel}","templated":true}]}}