{"id":2639,"date":"2023-03-06T11:39:32","date_gmt":"2023-03-06T11:39:32","guid":{"rendered":"https:\/\/bricer.pt\/produto\/grandma-wilds-the-copper-kettle-postcard-bolachas-de-manteiga-shortbread\/"},"modified":"2026-04-17T09:09:36","modified_gmt":"2026-04-17T09:09:36","slug":"grandma-wilds-the-copper-kettle-postcard-bolachas-de-manteiga-shortbread","status":"publish","type":"product","link":"https:\/\/bricer.pt\/?product=grandma-wilds-the-copper-kettle-postcard-bolachas-de-manteiga-shortbread","title":{"rendered":"Grandma Wild&#8217;s &#8220;The Copper Kettle Postcard&#8221; Bolachas de Manteiga &#8220;Shortbread&#8221;"},"content":{"rendered":"<p><strong>Ingredientes<\/strong><br \/>\nFarinha de trigo fortificada (carbonato de c\u00e1lcio, ferro, niacina &#8211; vitamina B3, tiamina &#8211; vitamina B1), manteiga com sal (29%) ( <strong>leite<\/strong> ), a\u00e7\u00facar.<\/p>\n<p><strong>Conselhos sobre alergias<\/strong><br \/>\nPara al\u00e9rgenos, consulte os ingredientes em <strong>negrito<\/strong> .<\/p>\n","protected":false},"excerpt":{"rendered":"<p>Ingredientes Farinha de trigo fortificada (carbonato de c\u00e1lcio, ferro, niacina &#8211; vitamina B3, tiamina &#8211; vitamina B1), manteiga com sal (29%) ( leite ), a\u00e7\u00facar. Conselhos sobre alergias Para al\u00e9rgenos, consulte os ingredientes em negrito .<\/p>\n","protected":false},"featured_media":2640,"template":"","meta":[],"product_brand":[],"product_cat":[77,76],"product_tag":[],"class_list":{"0":"post-2639","1":"product","2":"type-product","3":"status-publish","4":"has-post-thumbnail","6":"product_cat-bolachas-e-biscoitos-mercearia-doce","7":"product_cat-mercearia-doce","8":"pa_marcas-grandma-wilds","9":"pa_pais-reino-unido","11":"first","12":"instock","13":"taxable","14":"shipping-taxable","15":"product-type-simple"},"_links":{"self":[{"href":"https:\/\/bricer.pt\/index.php?rest_route=\/wp\/v2\/product\/2639","targetHints":{"allow":["GET"]}}],"collection":[{"href":"https:\/\/bricer.pt\/index.php?rest_route=\/wp\/v2\/product"}],"about":[{"href":"https:\/\/bricer.pt\/index.php?rest_route=\/wp\/v2\/types\/product"}],"wp:featuredmedia":[{"embeddable":true,"href":"https:\/\/bricer.pt\/index.php?rest_route=\/wp\/v2\/media\/2640"}],"wp:attachment":[{"href":"https:\/\/bricer.pt\/index.php?rest_route=%2Fwp%2Fv2%2Fmedia&parent=2639"}],"wp:term":[{"taxonomy":"product_brand","embeddable":true,"href":"https:\/\/bricer.pt\/index.php?rest_route=%2Fwp%2Fv2%2Fproduct_brand&post=2639"},{"taxonomy":"product_cat","embeddable":true,"href":"https:\/\/bricer.pt\/index.php?rest_route=%2Fwp%2Fv2%2Fproduct_cat&post=2639"},{"taxonomy":"product_tag","embeddable":true,"href":"https:\/\/bricer.pt\/index.php?rest_route=%2Fwp%2Fv2%2Fproduct_tag&post=2639"}],"curies":[{"name":"wp","href":"https:\/\/api.w.org\/{rel}","templated":true}]}}