{"id":2637,"date":"2023-03-06T11:39:32","date_gmt":"2023-03-06T11:39:32","guid":{"rendered":"https:\/\/bricer.pt\/produto\/grandma-wilds-postcard-sortido-de-bolachas\/"},"modified":"2023-04-17T08:01:56","modified_gmt":"2023-04-17T08:01:56","slug":"grandma-wilds-postcard-sortido-de-bolachas","status":"publish","type":"product","link":"https:\/\/bricer.pt\/?product=grandma-wilds-postcard-sortido-de-bolachas","title":{"rendered":"Grandma Wild&#8217;s &#8220;Postcard&#8221; Sortido de Bolachas"},"content":{"rendered":"<p><strong>Ingredientes:<\/strong><br \/>\nFarinha de trigo (farinha de <strong>trigo<\/strong> , carbonato de c\u00e1lcio, ferro, niacina, tiamina), \u00f3leo vegetal (palma, colza, \u00e1gua, sal, aroma natural), a\u00e7\u00facar e mela\u00e7o de cana, <strong>aveia<\/strong> , coco desidratado, xarope de cana, \u00e1gua, pepitas de chocolate simples (a\u00e7\u00facar, pasta de cacau, manteiga de cacau, emulsionante: lecitina de <strong>soja<\/strong> ; aroma natural), <strong>ovos<\/strong> , groselhas (groselha, \u00f3leo de girassol), levedantes: difosfato diss\u00f3dico, bicarbonato de s\u00f3dio, bicarbonato de am\u00f3nio; <strong>Leite<\/strong> em p\u00f3, sal, cacau em p\u00f3 (regulador de acidez: carbonato de pot\u00e1ssio), aroma natural. Pepitas de chocolate simples cont\u00e9m: s\u00f3lidos de cacau 39% m\u00ednimo.<\/p>\n<p>&nbsp;<\/p>\n<p><strong>Alergias:<\/strong><br \/>\nN\u00e3o \u00e9 adequado para al\u00e9rgicos a <strong>nozes<\/strong> e <strong>gergelim<\/strong> .<br \/>\nTamb\u00e9m pode conter vest\u00edgios de <strong>mostarda<\/strong> , <strong>amendoim<\/strong> e outras fontes de <strong>gl\u00faten<\/strong> (espelta, centeio, cevada).<br \/>\nEmbora todos os cuidados tenham sido tomados, podem permanecer caro\u00e7os\/caules de frutas.<br \/>\nPara al\u00e9rgenos, veja os ingredientes em <strong>negrito<\/strong> .<\/p>\n","protected":false},"excerpt":{"rendered":"<p>Ingredientes: Farinha de trigo (farinha de trigo , carbonato de c\u00e1lcio, ferro, niacina, tiamina), \u00f3leo vegetal (palma, colza, \u00e1gua, sal, aroma natural), a\u00e7\u00facar e mela\u00e7o de cana, aveia , coco desidratado, xarope de cana, \u00e1gua, pepitas de chocolate simples (a\u00e7\u00facar, pasta de cacau, manteiga de cacau, emulsionante: lecitina de soja ; aroma natural), ovos , [&hellip;]<\/p>\n","protected":false},"featured_media":2638,"template":"","meta":[],"product_brand":[],"product_cat":[77,76],"product_tag":[],"class_list":{"0":"post-2637","1":"product","2":"type-product","3":"status-publish","4":"has-post-thumbnail","6":"product_cat-bolachas-e-biscoitos-mercearia-doce","7":"product_cat-mercearia-doce","8":"pa_marcas-grandma-wilds","9":"pa_pais-reino-unido","11":"first","12":"instock","13":"taxable","14":"shipping-taxable","15":"product-type-simple"},"_links":{"self":[{"href":"https:\/\/bricer.pt\/index.php?rest_route=\/wp\/v2\/product\/2637","targetHints":{"allow":["GET"]}}],"collection":[{"href":"https:\/\/bricer.pt\/index.php?rest_route=\/wp\/v2\/product"}],"about":[{"href":"https:\/\/bricer.pt\/index.php?rest_route=\/wp\/v2\/types\/product"}],"wp:featuredmedia":[{"embeddable":true,"href":"https:\/\/bricer.pt\/index.php?rest_route=\/wp\/v2\/media\/2638"}],"wp:attachment":[{"href":"https:\/\/bricer.pt\/index.php?rest_route=%2Fwp%2Fv2%2Fmedia&parent=2637"}],"wp:term":[{"taxonomy":"product_brand","embeddable":true,"href":"https:\/\/bricer.pt\/index.php?rest_route=%2Fwp%2Fv2%2Fproduct_brand&post=2637"},{"taxonomy":"product_cat","embeddable":true,"href":"https:\/\/bricer.pt\/index.php?rest_route=%2Fwp%2Fv2%2Fproduct_cat&post=2637"},{"taxonomy":"product_tag","embeddable":true,"href":"https:\/\/bricer.pt\/index.php?rest_route=%2Fwp%2Fv2%2Fproduct_tag&post=2637"}],"curies":[{"name":"wp","href":"https:\/\/api.w.org\/{rel}","templated":true}]}}