{"id":2634,"date":"2023-03-06T11:39:32","date_gmt":"2023-03-06T11:39:32","guid":{"rendered":"https:\/\/bricer.pt\/produto\/doves-farm-farinha-de-teff-bio-emb-325g\/"},"modified":"2026-04-17T09:10:28","modified_gmt":"2026-04-17T09:10:28","slug":"doves-farm-farinha-de-teff-bio-emb-325g","status":"publish","type":"product","link":"https:\/\/bricer.pt\/?product=doves-farm-farinha-de-teff-bio-emb-325g","title":{"rendered":"Doves Farm Farinha de Teff Bio Emb.325g"},"content":{"rendered":"<p><strong>Doves Farm Farinha de Teff Bio Emb.:325g<\/strong><\/p>\n<p><img decoding=\"async\" class=\"alignnone wp-image-13165\" src=\"https:\/\/bricer.pt\/wp-content\/uploads\/2020\/04\/BRICER_SELOS_BIO_LOW-300x286.png\" alt=\"\" width=\"100\" height=\"95\" \/><\/p>\n<p><strong>Ingredientes:<\/strong> Farinha de Teff. Produ\u00e7\u00e3o de agricultura biol\u00f3gica.<\/p>\n<p><strong>Declara\u00e7\u00e3o Nutricional p\/100g:<\/strong> Energia 1280kJ\/305kcal; L\u00edpidos 2,2g (dos quais saturados 0,6g), Hidratos de Carbono 47g (dos quais a\u00e7\u00facares 1,1g); Fibra 27g; Prote\u00ednas 11g; Sal 0,03g.<\/p>\n","protected":false},"excerpt":{"rendered":"<p>Doves Farm Farinha de Teff Bio Emb.:325g Ingredientes: Farinha de Teff. Produ\u00e7\u00e3o de agricultura biol\u00f3gica. Declara\u00e7\u00e3o Nutricional p\/100g: Energia 1280kJ\/305kcal; L\u00edpidos 2,2g (dos quais saturados 0,6g), Hidratos de Carbono 47g (dos quais a\u00e7\u00facares 1,1g); Fibra 27g; Prote\u00ednas 11g; Sal 0,03g.<\/p>\n","protected":false},"featured_media":2635,"template":"","meta":[],"product_brand":[],"product_cat":[69,123],"product_tag":[],"class_list":{"0":"post-2634","1":"product","2":"type-product","3":"status-publish","4":"has-post-thumbnail","6":"product_cat-alimentacao-saudavel","7":"product_cat-produtos-s-gluten","8":"pa_biologica-biologica","9":"pa_marcas-doves-farm","10":"pa_pais-reino-unido","12":"first","13":"outofstock","14":"taxable","15":"shipping-taxable","16":"product-type-simple"},"_links":{"self":[{"href":"https:\/\/bricer.pt\/index.php?rest_route=\/wp\/v2\/product\/2634","targetHints":{"allow":["GET"]}}],"collection":[{"href":"https:\/\/bricer.pt\/index.php?rest_route=\/wp\/v2\/product"}],"about":[{"href":"https:\/\/bricer.pt\/index.php?rest_route=\/wp\/v2\/types\/product"}],"wp:featuredmedia":[{"embeddable":true,"href":"https:\/\/bricer.pt\/index.php?rest_route=\/wp\/v2\/media\/2635"}],"wp:attachment":[{"href":"https:\/\/bricer.pt\/index.php?rest_route=%2Fwp%2Fv2%2Fmedia&parent=2634"}],"wp:term":[{"taxonomy":"product_brand","embeddable":true,"href":"https:\/\/bricer.pt\/index.php?rest_route=%2Fwp%2Fv2%2Fproduct_brand&post=2634"},{"taxonomy":"product_cat","embeddable":true,"href":"https:\/\/bricer.pt\/index.php?rest_route=%2Fwp%2Fv2%2Fproduct_cat&post=2634"},{"taxonomy":"product_tag","embeddable":true,"href":"https:\/\/bricer.pt\/index.php?rest_route=%2Fwp%2Fv2%2Fproduct_tag&post=2634"}],"curies":[{"name":"wp","href":"https:\/\/api.w.org\/{rel}","templated":true}]}}