{"id":2630,"date":"2023-03-06T11:39:32","date_gmt":"2023-03-06T11:39:32","guid":{"rendered":"https:\/\/bricer.pt\/produto\/doves-farm-farinha-de-aveia-bio-emb-450g\/"},"modified":"2026-04-17T09:09:02","modified_gmt":"2026-04-17T09:09:02","slug":"doves-farm-farinha-de-aveia-bio-emb-450g","status":"publish","type":"product","link":"https:\/\/bricer.pt\/?product=doves-farm-farinha-de-aveia-bio-emb-450g","title":{"rendered":"Doves Farm Farinha de Aveia Bio Emb.450g"},"content":{"rendered":"<p><strong>Doves Farm Farinha de Aveia Bio Emb.:450g<\/strong><\/p>\n<p><img decoding=\"async\" class=\"alignnone wp-image-13165\" src=\"https:\/\/bricer.pt\/wp-content\/uploads\/2020\/04\/BRICER_SELOS_BIO_LOW-300x286.png\" alt=\"\" width=\"100\" height=\"95\" \/><\/p>\n<p><strong>Ingredientes:<\/strong> Farinha de Aveia sem gl\u00faten. Produ\u00e7\u00e3o de agricultura biol\u00f3gica.<\/p>\n<p><strong>Declara\u00e7\u00e3o Nutricional p\/100g:<\/strong> Energia 1520kJ\/361kcal; L\u00edpidos 6,0g (dos quais saturados 1,4g), Hidratos de Carbono 70g (dos quais a\u00e7\u00facares 1,8g); Fibra 9,3g; Prote\u00ednas 11,7g; Sal 0g.<\/p>\n","protected":false},"excerpt":{"rendered":"<p>Doves Farm Farinha de Aveia Bio Emb.:450g Ingredientes: Farinha de Aveia sem gl\u00faten. Produ\u00e7\u00e3o de agricultura biol\u00f3gica. Declara\u00e7\u00e3o Nutricional p\/100g: Energia 1520kJ\/361kcal; L\u00edpidos 6,0g (dos quais saturados 1,4g), Hidratos de Carbono 70g (dos quais a\u00e7\u00facares 1,8g); Fibra 9,3g; Prote\u00ednas 11,7g; Sal 0g.<\/p>\n","protected":false},"featured_media":2631,"template":"","meta":[],"product_brand":[],"product_cat":[69,123],"product_tag":[],"class_list":{"0":"post-2630","1":"product","2":"type-product","3":"status-publish","4":"has-post-thumbnail","6":"product_cat-alimentacao-saudavel","7":"product_cat-produtos-s-gluten","8":"pa_biologica-biologica","9":"pa_marcas-doves-farm","10":"pa_pais-reino-unido","12":"first","13":"outofstock","14":"taxable","15":"shipping-taxable","16":"product-type-simple"},"_links":{"self":[{"href":"https:\/\/bricer.pt\/index.php?rest_route=\/wp\/v2\/product\/2630","targetHints":{"allow":["GET"]}}],"collection":[{"href":"https:\/\/bricer.pt\/index.php?rest_route=\/wp\/v2\/product"}],"about":[{"href":"https:\/\/bricer.pt\/index.php?rest_route=\/wp\/v2\/types\/product"}],"wp:featuredmedia":[{"embeddable":true,"href":"https:\/\/bricer.pt\/index.php?rest_route=\/wp\/v2\/media\/2631"}],"wp:attachment":[{"href":"https:\/\/bricer.pt\/index.php?rest_route=%2Fwp%2Fv2%2Fmedia&parent=2630"}],"wp:term":[{"taxonomy":"product_brand","embeddable":true,"href":"https:\/\/bricer.pt\/index.php?rest_route=%2Fwp%2Fv2%2Fproduct_brand&post=2630"},{"taxonomy":"product_cat","embeddable":true,"href":"https:\/\/bricer.pt\/index.php?rest_route=%2Fwp%2Fv2%2Fproduct_cat&post=2630"},{"taxonomy":"product_tag","embeddable":true,"href":"https:\/\/bricer.pt\/index.php?rest_route=%2Fwp%2Fv2%2Fproduct_tag&post=2630"}],"curies":[{"name":"wp","href":"https:\/\/api.w.org\/{rel}","templated":true}]}}