{"id":2626,"date":"2023-03-06T11:39:32","date_gmt":"2023-03-06T11:39:32","guid":{"rendered":"https:\/\/bricer.pt\/produto\/doves-farm-farinha-de-arroz-integral-bio-emb-290g\/"},"modified":"2026-04-17T09:10:19","modified_gmt":"2026-04-17T09:10:19","slug":"doves-farm-farinha-de-arroz-integral-bio-emb-290g","status":"publish","type":"product","link":"https:\/\/bricer.pt\/?product=doves-farm-farinha-de-arroz-integral-bio-emb-290g","title":{"rendered":"Doves Farm Farinha de Arroz Integral Bio Emb.290g"},"content":{"rendered":"<p><strong>Doves Farm Farinha de Arroz Integral Bio Emb.:290g<\/strong><\/p>\n<p><img decoding=\"async\" class=\"alignnone wp-image-13165\" src=\"https:\/\/bricer.pt\/wp-content\/uploads\/2020\/04\/BRICER_SELOS_BIO_LOW-300x286.png\" alt=\"\" width=\"100\" height=\"95\" \/><\/p>\n<p><strong>Ingredientes:<\/strong> Farinha de Arroz Integral. Produ\u00e7\u00e3o de agricultura biol\u00f3gica.<\/p>\n<p><strong>Declara\u00e7\u00e3o Nutricional p\/100g:<\/strong> Energia 1509kJ\/356kcal; L\u00edpidos 2,7g (dos quais saturados 0,7g), Hidratos de Carbono 72g (dos quais a\u00e7\u00facares 1,2g); Fibra 2,7g; Prote\u00ednas 9,3g; Sal 0,03g.<\/p>\n","protected":false},"excerpt":{"rendered":"<p>Doves Farm Farinha de Arroz Integral Bio Emb.:290g Ingredientes: Farinha de Arroz Integral. Produ\u00e7\u00e3o de agricultura biol\u00f3gica. Declara\u00e7\u00e3o Nutricional p\/100g: Energia 1509kJ\/356kcal; L\u00edpidos 2,7g (dos quais saturados 0,7g), Hidratos de Carbono 72g (dos quais a\u00e7\u00facares 1,2g); Fibra 2,7g; Prote\u00ednas 9,3g; Sal 0,03g.<\/p>\n","protected":false},"featured_media":2627,"template":"","meta":[],"product_brand":[],"product_cat":[69,370,123],"product_tag":[],"class_list":{"0":"post-2626","1":"product","2":"type-product","3":"status-publish","4":"has-post-thumbnail","6":"product_cat-alimentacao-saudavel","7":"product_cat-produtos-biologicos","8":"product_cat-produtos-s-gluten","9":"pa_biologica-biologica","10":"pa_marcas-doves-farm","11":"pa_pais-reino-unido","13":"first","14":"outofstock","15":"taxable","16":"shipping-taxable","17":"product-type-simple"},"_links":{"self":[{"href":"https:\/\/bricer.pt\/index.php?rest_route=\/wp\/v2\/product\/2626","targetHints":{"allow":["GET"]}}],"collection":[{"href":"https:\/\/bricer.pt\/index.php?rest_route=\/wp\/v2\/product"}],"about":[{"href":"https:\/\/bricer.pt\/index.php?rest_route=\/wp\/v2\/types\/product"}],"wp:featuredmedia":[{"embeddable":true,"href":"https:\/\/bricer.pt\/index.php?rest_route=\/wp\/v2\/media\/2627"}],"wp:attachment":[{"href":"https:\/\/bricer.pt\/index.php?rest_route=%2Fwp%2Fv2%2Fmedia&parent=2626"}],"wp:term":[{"taxonomy":"product_brand","embeddable":true,"href":"https:\/\/bricer.pt\/index.php?rest_route=%2Fwp%2Fv2%2Fproduct_brand&post=2626"},{"taxonomy":"product_cat","embeddable":true,"href":"https:\/\/bricer.pt\/index.php?rest_route=%2Fwp%2Fv2%2Fproduct_cat&post=2626"},{"taxonomy":"product_tag","embeddable":true,"href":"https:\/\/bricer.pt\/index.php?rest_route=%2Fwp%2Fv2%2Fproduct_tag&post=2626"}],"curies":[{"name":"wp","href":"https:\/\/api.w.org\/{rel}","templated":true}]}}