{"id":2582,"date":"2023-03-06T11:39:21","date_gmt":"2023-03-06T11:39:21","guid":{"rendered":"https:\/\/bricer.pt\/produto\/antifadiga-palmilha-conforto-pele-tam-40-41-emb-1un\/"},"modified":"2023-04-17T08:01:51","modified_gmt":"2023-04-17T08:01:51","slug":"antifadiga-palmilha-conforto-pele-tam-40-41-emb-1un","status":"publish","type":"product","link":"https:\/\/bricer.pt\/?product=antifadiga-palmilha-conforto-pele-tam-40-41-emb-1un","title":{"rendered":"Antifadiga Palmilha Conforto Pele  Tam. 40\/41  Emb. 1Un."},"content":{"rendered":"<p><strong>Antifadiga Palmilha Conforto Pele Tam. 40\/41<\/strong> Emb. 1Un.<\/p>\n<p>&nbsp;<\/p>\n<p><strong>Caracter\u00edsticas<\/strong>: Andar confort\u00e1vel. As palmilhas de latex amortecem os impactos do caminhar, assegurando um m\u00e1ximo conforto para os p\u00e9s!<\/p>\n<p><strong>Advert\u00eancias<\/strong>: Manter afastado do fogo.<\/p>\n","protected":false},"excerpt":{"rendered":"<p>Antifadiga Palmilha Conforto Pele Tam. 40\/41 Emb. 1Un. &nbsp; Caracter\u00edsticas: Andar confort\u00e1vel. As palmilhas de latex amortecem os impactos do caminhar, assegurando um m\u00e1ximo conforto para os p\u00e9s! Advert\u00eancias: Manter afastado do fogo.<\/p>\n","protected":false},"featured_media":2583,"template":"","meta":[],"product_brand":[],"product_cat":[348,350],"product_tag":[],"class_list":{"0":"post-2582","1":"product","2":"type-product","3":"status-publish","4":"has-post-thumbnail","6":"product_cat-acessorios","7":"product_cat-palmilhas","8":"pa_marcas-antifadiga","9":"pa_pais-portugal","11":"first","12":"instock","13":"taxable","14":"shipping-taxable","15":"product-type-simple"},"_links":{"self":[{"href":"https:\/\/bricer.pt\/index.php?rest_route=\/wp\/v2\/product\/2582","targetHints":{"allow":["GET"]}}],"collection":[{"href":"https:\/\/bricer.pt\/index.php?rest_route=\/wp\/v2\/product"}],"about":[{"href":"https:\/\/bricer.pt\/index.php?rest_route=\/wp\/v2\/types\/product"}],"wp:featuredmedia":[{"embeddable":true,"href":"https:\/\/bricer.pt\/index.php?rest_route=\/wp\/v2\/media\/2583"}],"wp:attachment":[{"href":"https:\/\/bricer.pt\/index.php?rest_route=%2Fwp%2Fv2%2Fmedia&parent=2582"}],"wp:term":[{"taxonomy":"product_brand","embeddable":true,"href":"https:\/\/bricer.pt\/index.php?rest_route=%2Fwp%2Fv2%2Fproduct_brand&post=2582"},{"taxonomy":"product_cat","embeddable":true,"href":"https:\/\/bricer.pt\/index.php?rest_route=%2Fwp%2Fv2%2Fproduct_cat&post=2582"},{"taxonomy":"product_tag","embeddable":true,"href":"https:\/\/bricer.pt\/index.php?rest_route=%2Fwp%2Fv2%2Fproduct_tag&post=2582"}],"curies":[{"name":"wp","href":"https:\/\/api.w.org\/{rel}","templated":true}]}}